{"id":8464,"date":"2026-04-08T13:33:11","date_gmt":"2026-04-08T11:33:11","guid":{"rendered":"https:\/\/www.dagartech.com\/pt\/producto\/grupos-geradores-cgbs-220-me-400-230v\/"},"modified":"2026-04-10T18:32:51","modified_gmt":"2026-04-10T16:32:51","slug":"grupos-geradores-cgbs-220-me-400-230v","status":"publish","type":"product","link":"https:\/\/www.dagartech.com\/pt\/grupos-geradores\/grupos-geradores-cgbs-220-me-400-230v\/","title":{"rendered":"CGBS 220 ME"},"content":{"rendered":"","protected":false},"excerpt":{"rendered":"","protected":false},"featured_media":8454,"comment_status":"closed","ping_status":"closed","template":"","meta":{"_acf_changed":false},"product_cat":[239,306,316],"product_tag":[],"class_list":{"0":"post-8464","1":"product","2":"type-product","3":"status-publish","4":"has-post-thumbnail","6":"product_cat-baudouin","7":"product_cat-media-potencia-de-30-kva-a-825-kva","8":"product_cat-complit","9":"pa_fases-trifasico","10":"pa_frecuencia-50hz","11":"pa_frequencia-50hz","12":"pa_motor-baudouin","13":"pa_numero-de-fases-331","14":"pa_potencia-200-500-kva","15":"pa_rango-de-potencia-200-500-kva","16":"pa_tension-400-230v","17":"pa_version-insonorizado","19":"first","20":"instock","21":"product-type-simple"},"acf":[],"yoast_head":"<!-- This site is optimized with the Yoast SEO plugin v23.1 - https:\/\/yoast.com\/wordpress\/plugins\/seo\/ -->\n<title>CGBS 220 ME. BAUDOUIN 6M16G2D0\/S - Grupos geradores - Dagartech<\/title>\n<meta name=\"description\" content=\"Grupos geradores CGBS 220 ME da faixa de categoria Baudouin, M\u00e9dia pot\u00eancia (de 30 kVA a 825 kVA), Complit. Poder200 - 500 kVA e motor BAUDOUIN Diesel. 400\/230V para 50Hz\" \/>\n<meta name=\"robots\" content=\"index, follow, max-snippet:-1, max-image-preview:large, max-video-preview:-1\" \/>\n<link rel=\"canonical\" href=\"https:\/\/www.dagartech.com\/pt\/grupos-geradores\/grupos-geradores-cgbs-220-me-400-230v\/\" \/>\n<meta property=\"og:locale\" content=\"pt_PT\" \/>\n<meta property=\"og:type\" content=\"article\" \/>\n<meta property=\"og:title\" content=\"CGBS 220 ME. BAUDOUIN 6M16G2D0\/S - Grupos geradores - Dagartech\" \/>\n<meta property=\"og:description\" content=\"Grupos geradores CGBS 220 ME da faixa de categoria Baudouin, M\u00e9dia pot\u00eancia (de 30 kVA a 825 kVA), Complit. Poder200 - 500 kVA e motor BAUDOUIN Diesel. 400\/230V para 50Hz\" \/>\n<meta property=\"og:url\" content=\"https:\/\/www.dagartech.com\/pt\/grupos-geradores\/grupos-geradores-cgbs-220-me-400-230v\/\" \/>\n<meta property=\"og:site_name\" content=\"Dagartech PT\" \/>\n<meta property=\"article:publisher\" content=\"https:\/\/www.facebook.com\/dagartech\/\" \/>\n<meta property=\"article:modified_time\" content=\"2026-04-10T16:32:51+00:00\" \/>\n<meta property=\"og:image\" content=\"https:\/\/www.dagartech.com\/pt\/wp-content\/uploads\/sites\/6\/2026\/04\/Dagartech_Gama-Complit-EKC_3.jpg\" \/>\n\t<meta property=\"og:image:width\" content=\"1250\" \/>\n\t<meta property=\"og:image:height\" content=\"789\" \/>\n\t<meta property=\"og:image:type\" content=\"image\/jpeg\" \/>\n<meta name=\"twitter:card\" content=\"summary_large_image\" \/>\n<meta name=\"twitter:site\" content=\"@dagartech\" \/>\n<meta name=\"twitter:label1\" content=\"Tempo estimado de leitura\" \/>\n\t<meta name=\"twitter:data1\" content=\"1 minuto\" \/>\n<script type=\"application\/ld+json\" class=\"yoast-schema-graph\">{\"@context\":\"https:\/\/schema.org\",\"@graph\":[{\"@type\":\"WebPage\",\"@id\":\"https:\/\/www.dagartech.com\/pt\/grupos-geradores\/grupos-geradores-cgbs-220-me-400-230v\/\",\"url\":\"https:\/\/www.dagartech.com\/pt\/grupos-geradores\/grupos-geradores-cgbs-220-me-400-230v\/\",\"name\":\"CGBS 220 ME. BAUDOUIN 6M16G2D0\/S - Grupos geradores - Dagartech\",\"isPartOf\":{\"@id\":\"https:\/\/www.dagartech.com\/pt\/#website\"},\"primaryImageOfPage\":{\"@id\":\"https:\/\/www.dagartech.com\/pt\/grupos-geradores\/grupos-geradores-cgbs-220-me-400-230v\/#primaryimage\"},\"image\":{\"@id\":\"https:\/\/www.dagartech.com\/pt\/grupos-geradores\/grupos-geradores-cgbs-220-me-400-230v\/#primaryimage\"},\"thumbnailUrl\":\"https:\/\/www.dagartech.com\/pt\/wp-content\/uploads\/sites\/6\/2026\/04\/Dagartech_Gama-Complit-EKC_3.jpg\",\"datePublished\":\"2026-04-08T11:33:11+00:00\",\"dateModified\":\"2026-04-10T16:32:51+00:00\",\"description\":\"Grupos geradores CGBS 220 ME da faixa de categoria Baudouin, M\u00e9dia pot\u00eancia (de 30 kVA a 825 kVA), Complit. Poder200 - 500 kVA e motor BAUDOUIN Diesel. 400\/230V para 50Hz\",\"breadcrumb\":{\"@id\":\"https:\/\/www.dagartech.com\/pt\/grupos-geradores\/grupos-geradores-cgbs-220-me-400-230v\/#breadcrumb\"},\"inLanguage\":\"pt-PT\",\"potentialAction\":[{\"@type\":\"ReadAction\",\"target\":[\"https:\/\/www.dagartech.com\/pt\/grupos-geradores\/grupos-geradores-cgbs-220-me-400-230v\/\"]}]},{\"@type\":\"ImageObject\",\"inLanguage\":\"pt-PT\",\"@id\":\"https:\/\/www.dagartech.com\/pt\/grupos-geradores\/grupos-geradores-cgbs-220-me-400-230v\/#primaryimage\",\"url\":\"https:\/\/www.dagartech.com\/pt\/wp-content\/uploads\/sites\/6\/2026\/04\/Dagartech_Gama-Complit-EKC_3.jpg\",\"contentUrl\":\"https:\/\/www.dagartech.com\/pt\/wp-content\/uploads\/sites\/6\/2026\/04\/Dagartech_Gama-Complit-EKC_3.jpg\",\"width\":1250,\"height\":789},{\"@type\":\"BreadcrumbList\",\"@id\":\"https:\/\/www.dagartech.com\/pt\/grupos-geradores\/grupos-geradores-cgbs-220-me-400-230v\/#breadcrumb\",\"itemListElement\":[{\"@type\":\"ListItem\",\"position\":1,\"name\":\"Portada\",\"item\":\"https:\/\/www.dagartech.com\/pt\/\"},{\"@type\":\"ListItem\",\"position\":2,\"name\":\"Products\",\"item\":\"https:\/\/www.dagartech.com\/pt\/shop\/\"},{\"@type\":\"ListItem\",\"position\":3,\"name\":\"CGBS 220 ME\"}]},{\"@type\":\"WebSite\",\"@id\":\"https:\/\/www.dagartech.com\/pt\/#website\",\"url\":\"https:\/\/www.dagartech.com\/pt\/\",\"name\":\"Dagartech\",\"description\":\"Somos fabricantes de Grupos Electr\u00f3genos. M\u00e1ximos est\u00e1ndares de Calidad. Elevada Fiabilidad y Seguridad. Nos adaptamos a las necesidades de cada proyecto.\",\"potentialAction\":[{\"@type\":\"SearchAction\",\"target\":{\"@type\":\"EntryPoint\",\"urlTemplate\":\"https:\/\/www.dagartech.com\/pt\/?s={search_term_string}\"},\"query-input\":\"required name=search_term_string\"}],\"inLanguage\":\"pt-PT\"}]}<\/script>\n<!-- \/ Yoast SEO plugin. -->","yoast_head_json":{"title":"CGBS 220 ME. BAUDOUIN 6M16G2D0\/S - Grupos geradores - Dagartech","description":"Grupos geradores CGBS 220 ME da faixa de categoria Baudouin, M\u00e9dia pot\u00eancia (de 30 kVA a 825 kVA), Complit. Poder200 - 500 kVA e motor BAUDOUIN Diesel. 400\/230V para 50Hz","robots":{"index":"index","follow":"follow","max-snippet":"max-snippet:-1","max-image-preview":"max-image-preview:large","max-video-preview":"max-video-preview:-1"},"canonical":"https:\/\/www.dagartech.com\/pt\/grupos-geradores\/grupos-geradores-cgbs-220-me-400-230v\/","og_locale":"pt_PT","og_type":"article","og_title":"CGBS 220 ME. BAUDOUIN 6M16G2D0\/S - Grupos geradores - Dagartech","og_description":"Grupos geradores CGBS 220 ME da faixa de categoria Baudouin, M\u00e9dia pot\u00eancia (de 30 kVA a 825 kVA), Complit. Poder200 - 500 kVA e motor BAUDOUIN Diesel. 400\/230V para 50Hz","og_url":"https:\/\/www.dagartech.com\/pt\/grupos-geradores\/grupos-geradores-cgbs-220-me-400-230v\/","og_site_name":"Dagartech PT","article_publisher":"https:\/\/www.facebook.com\/dagartech\/","article_modified_time":"2026-04-10T16:32:51+00:00","og_image":[{"width":1250,"height":789,"url":"https:\/\/www.dagartech.com\/pt\/wp-content\/uploads\/sites\/6\/2026\/04\/Dagartech_Gama-Complit-EKC_3.jpg","type":"image\/jpeg"}],"twitter_card":"summary_large_image","twitter_site":"@dagartech","twitter_misc":{"Tempo estimado de leitura":"1 minuto"},"schema":{"@context":"https:\/\/schema.org","@graph":[{"@type":"WebPage","@id":"https:\/\/www.dagartech.com\/pt\/grupos-geradores\/grupos-geradores-cgbs-220-me-400-230v\/","url":"https:\/\/www.dagartech.com\/pt\/grupos-geradores\/grupos-geradores-cgbs-220-me-400-230v\/","name":"CGBS 220 ME. BAUDOUIN 6M16G2D0\/S - Grupos geradores - Dagartech","isPartOf":{"@id":"https:\/\/www.dagartech.com\/pt\/#website"},"primaryImageOfPage":{"@id":"https:\/\/www.dagartech.com\/pt\/grupos-geradores\/grupos-geradores-cgbs-220-me-400-230v\/#primaryimage"},"image":{"@id":"https:\/\/www.dagartech.com\/pt\/grupos-geradores\/grupos-geradores-cgbs-220-me-400-230v\/#primaryimage"},"thumbnailUrl":"https:\/\/www.dagartech.com\/pt\/wp-content\/uploads\/sites\/6\/2026\/04\/Dagartech_Gama-Complit-EKC_3.jpg","datePublished":"2026-04-08T11:33:11+00:00","dateModified":"2026-04-10T16:32:51+00:00","description":"Grupos geradores CGBS 220 ME da faixa de categoria Baudouin, M\u00e9dia pot\u00eancia (de 30 kVA a 825 kVA), Complit. Poder200 - 500 kVA e motor BAUDOUIN Diesel. 400\/230V para 50Hz","breadcrumb":{"@id":"https:\/\/www.dagartech.com\/pt\/grupos-geradores\/grupos-geradores-cgbs-220-me-400-230v\/#breadcrumb"},"inLanguage":"pt-PT","potentialAction":[{"@type":"ReadAction","target":["https:\/\/www.dagartech.com\/pt\/grupos-geradores\/grupos-geradores-cgbs-220-me-400-230v\/"]}]},{"@type":"ImageObject","inLanguage":"pt-PT","@id":"https:\/\/www.dagartech.com\/pt\/grupos-geradores\/grupos-geradores-cgbs-220-me-400-230v\/#primaryimage","url":"https:\/\/www.dagartech.com\/pt\/wp-content\/uploads\/sites\/6\/2026\/04\/Dagartech_Gama-Complit-EKC_3.jpg","contentUrl":"https:\/\/www.dagartech.com\/pt\/wp-content\/uploads\/sites\/6\/2026\/04\/Dagartech_Gama-Complit-EKC_3.jpg","width":1250,"height":789},{"@type":"BreadcrumbList","@id":"https:\/\/www.dagartech.com\/pt\/grupos-geradores\/grupos-geradores-cgbs-220-me-400-230v\/#breadcrumb","itemListElement":[{"@type":"ListItem","position":1,"name":"Portada","item":"https:\/\/www.dagartech.com\/pt\/"},{"@type":"ListItem","position":2,"name":"Products","item":"https:\/\/www.dagartech.com\/pt\/shop\/"},{"@type":"ListItem","position":3,"name":"CGBS 220 ME"}]},{"@type":"WebSite","@id":"https:\/\/www.dagartech.com\/pt\/#website","url":"https:\/\/www.dagartech.com\/pt\/","name":"Dagartech","description":"Somos fabricantes de Grupos Electr\u00f3genos. M\u00e1ximos est\u00e1ndares de Calidad. Elevada Fiabilidad y Seguridad. Nos adaptamos a las necesidades de cada proyecto.","potentialAction":[{"@type":"SearchAction","target":{"@type":"EntryPoint","urlTemplate":"https:\/\/www.dagartech.com\/pt\/?s={search_term_string}"},"query-input":"required name=search_term_string"}],"inLanguage":"pt-PT"}]}},"df_price":"","df_sale_price":"","df_regular_price":"","df_image_link":"https:\/\/www.dagartech.com\/pt\/wp-content\/uploads\/sites\/6\/2026\/04\/Dagartech_Gama-Complit-EKC_3-300x189.jpg","_links":{"self":[{"href":"https:\/\/www.dagartech.com\/pt\/wp-json\/wp\/v2\/product\/8464"}],"collection":[{"href":"https:\/\/www.dagartech.com\/pt\/wp-json\/wp\/v2\/product"}],"about":[{"href":"https:\/\/www.dagartech.com\/pt\/wp-json\/wp\/v2\/types\/product"}],"replies":[{"embeddable":true,"href":"https:\/\/www.dagartech.com\/pt\/wp-json\/wp\/v2\/comments?post=8464"}],"wp:featuredmedia":[{"embeddable":true,"href":"https:\/\/www.dagartech.com\/pt\/wp-json\/wp\/v2\/media\/8454"}],"wp:attachment":[{"href":"https:\/\/www.dagartech.com\/pt\/wp-json\/wp\/v2\/media?parent=8464"}],"wp:term":[{"taxonomy":"product_cat","embeddable":true,"href":"https:\/\/www.dagartech.com\/pt\/wp-json\/wp\/v2\/product_cat?post=8464"},{"taxonomy":"product_tag","embeddable":true,"href":"https:\/\/www.dagartech.com\/pt\/wp-json\/wp\/v2\/product_tag?post=8464"}],"curies":[{"name":"wp","href":"https:\/\/api.w.org\/{rel}","templated":true}]}}