{"id":6108,"date":"2024-07-11T10:19:17","date_gmt":"2024-07-11T08:19:17","guid":{"rendered":"https:\/\/www.dagartech.com\/producto\/bgvw-200-st-2\/"},"modified":"2026-03-24T09:40:53","modified_gmt":"2026-03-24T08:40:53","slug":"grupos-geradores-bgvw-200-st-220-127v","status":"publish","type":"product","link":"https:\/\/www.dagartech.com\/pt\/grupos-geradores\/bgvw-200-st-220-127v\/","title":{"rendered":"BGVW 200 ST"},"content":{"rendered":"","protected":false},"excerpt":{"rendered":"<p>Grupo gerador da gama Balance, trif\u00e1sico e aberto, com funcionamento em modo autom\u00e1tico, manual, por sinal ou em modo teste. A energia mais equilibrada para aplica\u00e7\u00f5es de emerg\u00eancia.<\/p>\n","protected":false},"featured_media":2474,"comment_status":"closed","ping_status":"closed","template":"","meta":{"_acf_changed":false},"product_cat":[224,244,306],"product_tag":[],"class_list":{"0":"post-6108","1":"product","2":"type-product","3":"status-publish","4":"has-post-thumbnail","6":"product_cat-balance-emergencia","7":"product_cat-volvo","8":"product_cat-media-potencia-de-30-kva-a-825-kva","9":"pa_fases-trifasico","10":"pa_frequencia-60hz","11":"pa_motor-volvo","12":"pa_rango-de-potencia-200-500-kva","13":"pa_tension-220-127v","14":"pa_version-aberto","16":"first","17":"instock","18":"product-type-simple"},"acf":[],"yoast_head":"<!-- This site is optimized with the Yoast SEO plugin v23.1 - https:\/\/yoast.com\/wordpress\/plugins\/seo\/ -->\n<title>BGVW 200 ST. VOLVO TAD840GE-B - Grupos geradores - Dagartech<\/title>\n<meta name=\"description\" content=\"Grupos geradores BGVW 200 ST da faixa de categoria Balance Emerg\u00eancia, Volvo, M\u00e9dia pot\u00eancia (de 30 kVA a 825 kVA). Poder e motor VOLVO Diesel. 220\/127V para 60Hz\" \/>\n<meta name=\"robots\" content=\"index, follow, max-snippet:-1, max-image-preview:large, max-video-preview:-1\" \/>\n<link rel=\"canonical\" href=\"https:\/\/www.dagartech.com\/pt\/grupos-geradores\/bgvw-200-st-220-127v\/\" \/>\n<meta property=\"og:locale\" content=\"pt_PT\" \/>\n<meta property=\"og:type\" content=\"article\" \/>\n<meta property=\"og:title\" content=\"BGVW 200 ST. VOLVO TAD840GE-B - Grupos geradores - Dagartech\" \/>\n<meta property=\"og:description\" content=\"Grupos geradores BGVW 200 ST da faixa de categoria Balance Emerg\u00eancia, Volvo, M\u00e9dia pot\u00eancia (de 30 kVA a 825 kVA). Poder e motor VOLVO Diesel. 220\/127V para 60Hz\" \/>\n<meta property=\"og:url\" content=\"https:\/\/www.dagartech.com\/pt\/grupos-geradores\/bgvw-200-st-220-127v\/\" \/>\n<meta property=\"og:site_name\" content=\"Dagartech PT\" \/>\n<meta property=\"article:publisher\" content=\"https:\/\/www.facebook.com\/dagartech\/\" \/>\n<meta property=\"article:modified_time\" content=\"2026-03-24T08:40:53+00:00\" \/>\n<meta property=\"og:image\" content=\"https:\/\/www.dagartech.com\/pt\/wp-content\/uploads\/sites\/6\/2024\/05\/Dagartech_Gama-Balance-5K1B-VB_VOLVO_2.jpg\" \/>\n\t<meta property=\"og:image:width\" content=\"1500\" \/>\n\t<meta property=\"og:image:height\" content=\"947\" \/>\n\t<meta property=\"og:image:type\" content=\"image\/jpeg\" \/>\n<meta name=\"twitter:card\" content=\"summary_large_image\" \/>\n<meta name=\"twitter:site\" content=\"@dagartech\" \/>\n<meta name=\"twitter:label1\" content=\"Tempo estimado de leitura\" \/>\n\t<meta name=\"twitter:data1\" content=\"1 minuto\" \/>\n<script type=\"application\/ld+json\" class=\"yoast-schema-graph\">{\"@context\":\"https:\/\/schema.org\",\"@graph\":[{\"@type\":\"WebPage\",\"@id\":\"https:\/\/www.dagartech.com\/pt\/grupos-geradores\/bgvw-200-st-220-127v\/\",\"url\":\"https:\/\/www.dagartech.com\/pt\/grupos-geradores\/bgvw-200-st-220-127v\/\",\"name\":\"BGVW 200 ST. VOLVO TAD840GE-B - Grupos geradores - Dagartech\",\"isPartOf\":{\"@id\":\"https:\/\/www.dagartech.com\/pt\/#website\"},\"primaryImageOfPage\":{\"@id\":\"https:\/\/www.dagartech.com\/pt\/grupos-geradores\/bgvw-200-st-220-127v\/#primaryimage\"},\"image\":{\"@id\":\"https:\/\/www.dagartech.com\/pt\/grupos-geradores\/bgvw-200-st-220-127v\/#primaryimage\"},\"thumbnailUrl\":\"https:\/\/www.dagartech.com\/pt\/wp-content\/uploads\/sites\/6\/2024\/05\/Dagartech_Gama-Balance-5K1B-VB_VOLVO_2.jpg\",\"datePublished\":\"2024-07-11T08:19:17+00:00\",\"dateModified\":\"2026-03-24T08:40:53+00:00\",\"description\":\"Grupos geradores BGVW 200 ST da faixa de categoria Balance Emerg\u00eancia, Volvo, M\u00e9dia pot\u00eancia (de 30 kVA a 825 kVA). Poder e motor VOLVO Diesel. 220\/127V para 60Hz\",\"breadcrumb\":{\"@id\":\"https:\/\/www.dagartech.com\/pt\/grupos-geradores\/bgvw-200-st-220-127v\/#breadcrumb\"},\"inLanguage\":\"pt-PT\",\"potentialAction\":[{\"@type\":\"ReadAction\",\"target\":[\"https:\/\/www.dagartech.com\/pt\/grupos-geradores\/bgvw-200-st-220-127v\/\"]}]},{\"@type\":\"ImageObject\",\"inLanguage\":\"pt-PT\",\"@id\":\"https:\/\/www.dagartech.com\/pt\/grupos-geradores\/bgvw-200-st-220-127v\/#primaryimage\",\"url\":\"https:\/\/www.dagartech.com\/pt\/wp-content\/uploads\/sites\/6\/2024\/05\/Dagartech_Gama-Balance-5K1B-VB_VOLVO_2.jpg\",\"contentUrl\":\"https:\/\/www.dagartech.com\/pt\/wp-content\/uploads\/sites\/6\/2024\/05\/Dagartech_Gama-Balance-5K1B-VB_VOLVO_2.jpg\",\"width\":1500,\"height\":947},{\"@type\":\"BreadcrumbList\",\"@id\":\"https:\/\/www.dagartech.com\/pt\/grupos-geradores\/bgvw-200-st-220-127v\/#breadcrumb\",\"itemListElement\":[{\"@type\":\"ListItem\",\"position\":1,\"name\":\"Portada\",\"item\":\"https:\/\/www.dagartech.com\/pt\/\"},{\"@type\":\"ListItem\",\"position\":2,\"name\":\"Products\",\"item\":\"https:\/\/www.dagartech.com\/pt\/shop\/\"},{\"@type\":\"ListItem\",\"position\":3,\"name\":\"BGVW 200 ST\"}]},{\"@type\":\"WebSite\",\"@id\":\"https:\/\/www.dagartech.com\/pt\/#website\",\"url\":\"https:\/\/www.dagartech.com\/pt\/\",\"name\":\"Dagartech\",\"description\":\"Somos fabricantes de Grupos Electr\u00f3genos. M\u00e1ximos est\u00e1ndares de Calidad. Elevada Fiabilidad y Seguridad. Nos adaptamos a las necesidades de cada proyecto.\",\"potentialAction\":[{\"@type\":\"SearchAction\",\"target\":{\"@type\":\"EntryPoint\",\"urlTemplate\":\"https:\/\/www.dagartech.com\/pt\/?s={search_term_string}\"},\"query-input\":\"required name=search_term_string\"}],\"inLanguage\":\"pt-PT\"}]}<\/script>\n<!-- \/ Yoast SEO plugin. -->","yoast_head_json":{"title":"BGVW 200 ST. VOLVO TAD840GE-B - Grupos geradores - Dagartech","description":"Grupos geradores BGVW 200 ST da faixa de categoria Balance Emerg\u00eancia, Volvo, M\u00e9dia pot\u00eancia (de 30 kVA a 825 kVA). Poder e motor VOLVO Diesel. 220\/127V para 60Hz","robots":{"index":"index","follow":"follow","max-snippet":"max-snippet:-1","max-image-preview":"max-image-preview:large","max-video-preview":"max-video-preview:-1"},"canonical":"https:\/\/www.dagartech.com\/pt\/grupos-geradores\/bgvw-200-st-220-127v\/","og_locale":"pt_PT","og_type":"article","og_title":"BGVW 200 ST. VOLVO TAD840GE-B - Grupos geradores - Dagartech","og_description":"Grupos geradores BGVW 200 ST da faixa de categoria Balance Emerg\u00eancia, Volvo, M\u00e9dia pot\u00eancia (de 30 kVA a 825 kVA). Poder e motor VOLVO Diesel. 220\/127V para 60Hz","og_url":"https:\/\/www.dagartech.com\/pt\/grupos-geradores\/bgvw-200-st-220-127v\/","og_site_name":"Dagartech PT","article_publisher":"https:\/\/www.facebook.com\/dagartech\/","article_modified_time":"2026-03-24T08:40:53+00:00","og_image":[{"width":1500,"height":947,"url":"https:\/\/www.dagartech.com\/pt\/wp-content\/uploads\/sites\/6\/2024\/05\/Dagartech_Gama-Balance-5K1B-VB_VOLVO_2.jpg","type":"image\/jpeg"}],"twitter_card":"summary_large_image","twitter_site":"@dagartech","twitter_misc":{"Tempo estimado de leitura":"1 minuto"},"schema":{"@context":"https:\/\/schema.org","@graph":[{"@type":"WebPage","@id":"https:\/\/www.dagartech.com\/pt\/grupos-geradores\/bgvw-200-st-220-127v\/","url":"https:\/\/www.dagartech.com\/pt\/grupos-geradores\/bgvw-200-st-220-127v\/","name":"BGVW 200 ST. VOLVO TAD840GE-B - Grupos geradores - Dagartech","isPartOf":{"@id":"https:\/\/www.dagartech.com\/pt\/#website"},"primaryImageOfPage":{"@id":"https:\/\/www.dagartech.com\/pt\/grupos-geradores\/bgvw-200-st-220-127v\/#primaryimage"},"image":{"@id":"https:\/\/www.dagartech.com\/pt\/grupos-geradores\/bgvw-200-st-220-127v\/#primaryimage"},"thumbnailUrl":"https:\/\/www.dagartech.com\/pt\/wp-content\/uploads\/sites\/6\/2024\/05\/Dagartech_Gama-Balance-5K1B-VB_VOLVO_2.jpg","datePublished":"2024-07-11T08:19:17+00:00","dateModified":"2026-03-24T08:40:53+00:00","description":"Grupos geradores BGVW 200 ST da faixa de categoria Balance Emerg\u00eancia, Volvo, M\u00e9dia pot\u00eancia (de 30 kVA a 825 kVA). Poder e motor VOLVO Diesel. 220\/127V para 60Hz","breadcrumb":{"@id":"https:\/\/www.dagartech.com\/pt\/grupos-geradores\/bgvw-200-st-220-127v\/#breadcrumb"},"inLanguage":"pt-PT","potentialAction":[{"@type":"ReadAction","target":["https:\/\/www.dagartech.com\/pt\/grupos-geradores\/bgvw-200-st-220-127v\/"]}]},{"@type":"ImageObject","inLanguage":"pt-PT","@id":"https:\/\/www.dagartech.com\/pt\/grupos-geradores\/bgvw-200-st-220-127v\/#primaryimage","url":"https:\/\/www.dagartech.com\/pt\/wp-content\/uploads\/sites\/6\/2024\/05\/Dagartech_Gama-Balance-5K1B-VB_VOLVO_2.jpg","contentUrl":"https:\/\/www.dagartech.com\/pt\/wp-content\/uploads\/sites\/6\/2024\/05\/Dagartech_Gama-Balance-5K1B-VB_VOLVO_2.jpg","width":1500,"height":947},{"@type":"BreadcrumbList","@id":"https:\/\/www.dagartech.com\/pt\/grupos-geradores\/bgvw-200-st-220-127v\/#breadcrumb","itemListElement":[{"@type":"ListItem","position":1,"name":"Portada","item":"https:\/\/www.dagartech.com\/pt\/"},{"@type":"ListItem","position":2,"name":"Products","item":"https:\/\/www.dagartech.com\/pt\/shop\/"},{"@type":"ListItem","position":3,"name":"BGVW 200 ST"}]},{"@type":"WebSite","@id":"https:\/\/www.dagartech.com\/pt\/#website","url":"https:\/\/www.dagartech.com\/pt\/","name":"Dagartech","description":"Somos fabricantes de Grupos Electr\u00f3genos. M\u00e1ximos est\u00e1ndares de Calidad. Elevada Fiabilidad y Seguridad. Nos adaptamos a las necesidades de cada proyecto.","potentialAction":[{"@type":"SearchAction","target":{"@type":"EntryPoint","urlTemplate":"https:\/\/www.dagartech.com\/pt\/?s={search_term_string}"},"query-input":"required name=search_term_string"}],"inLanguage":"pt-PT"}]}},"df_price":"","df_sale_price":"","df_regular_price":"","df_image_link":"https:\/\/www.dagartech.com\/pt\/wp-content\/uploads\/sites\/6\/2024\/05\/Dagartech_Gama-Balance-5K1B-VB_VOLVO_2-300x189.jpg","_links":{"self":[{"href":"https:\/\/www.dagartech.com\/pt\/wp-json\/wp\/v2\/product\/6108"}],"collection":[{"href":"https:\/\/www.dagartech.com\/pt\/wp-json\/wp\/v2\/product"}],"about":[{"href":"https:\/\/www.dagartech.com\/pt\/wp-json\/wp\/v2\/types\/product"}],"replies":[{"embeddable":true,"href":"https:\/\/www.dagartech.com\/pt\/wp-json\/wp\/v2\/comments?post=6108"}],"wp:featuredmedia":[{"embeddable":true,"href":"https:\/\/www.dagartech.com\/pt\/wp-json\/wp\/v2\/media\/2474"}],"wp:attachment":[{"href":"https:\/\/www.dagartech.com\/pt\/wp-json\/wp\/v2\/media?parent=6108"}],"wp:term":[{"taxonomy":"product_cat","embeddable":true,"href":"https:\/\/www.dagartech.com\/pt\/wp-json\/wp\/v2\/product_cat?post=6108"},{"taxonomy":"product_tag","embeddable":true,"href":"https:\/\/www.dagartech.com\/pt\/wp-json\/wp\/v2\/product_tag?post=6108"}],"curies":[{"name":"wp","href":"https:\/\/api.w.org\/{rel}","templated":true}]}}