{"id":5770,"date":"2024-07-11T10:16:47","date_gmt":"2024-07-11T08:16:47","guid":{"rendered":"https:\/\/www.dagartech.com\/producto\/dgh-6-tf-bc\/"},"modified":"2026-03-24T09:40:08","modified_gmt":"2026-03-24T08:40:08","slug":"grupos-geradores-dgh-6-tf-bc-400-230v","status":"publish","type":"product","link":"https:\/\/www.dagartech.com\/pt\/grupos-geradores\/dgh-6-tf-bc-400-230v\/","title":{"rendered":"DGH 6 TF BC"},"content":{"rendered":"","protected":false},"excerpt":{"rendered":"<p>Gerador port\u00e1til trif\u00e1sico da gama BC. Tem arranque manual e chassis m\u00f3vel. Este grupo gerador \u00e9 especialmente indicado para alugadores de m\u00e1quinas e constru\u00e7\u00e3o.<\/p>\n","protected":false},"featured_media":2652,"comment_status":"closed","ping_status":"closed","template":"","meta":{"_acf_changed":false},"product_cat":[226,229,245,304],"product_tag":[],"class_list":{"0":"post-5770","1":"product","2":"type-product","3":"status-publish","4":"has-post-thumbnail","6":"product_cat-portatil","7":"product_cat-bc","8":"product_cat-honda","9":"product_cat-baixa-potencia-de-2-kva-a-25-kva","10":"pa_fases-trifasico","11":"pa_frequencia-50hz","12":"pa_motor-honda","13":"pa_rango-de-potencia-10-kva","14":"pa_tension-400-230v","15":"pa_version-aberto","17":"first","18":"instock","19":"product-type-simple"},"acf":[],"yoast_head":"<!-- This site is optimized with the Yoast SEO plugin v23.1 - https:\/\/yoast.com\/wordpress\/plugins\/seo\/ -->\n<title>DGH 6 TF BC. HONDA GX270 - Grupos geradores - Dagartech<\/title>\n<meta name=\"description\" content=\"Grupos geradores DGH 6 TF BC da faixa de categoria Port\u00e1til, BC, Honda, Baixa pot\u00eancia (de 2 kVA a 25 kVA). Poder e motor HONDA Gasolina. 400\/230V para 50Hz\" \/>\n<meta name=\"robots\" content=\"index, follow, max-snippet:-1, max-image-preview:large, max-video-preview:-1\" \/>\n<link rel=\"canonical\" href=\"https:\/\/www.dagartech.com\/pt\/grupos-geradores\/dgh-6-tf-bc-400-230v\/\" \/>\n<meta property=\"og:locale\" content=\"pt_PT\" \/>\n<meta property=\"og:type\" content=\"article\" \/>\n<meta property=\"og:title\" content=\"DGH 6 TF BC. HONDA GX270 - Grupos geradores - Dagartech\" \/>\n<meta property=\"og:description\" content=\"Grupos geradores DGH 6 TF BC da faixa de categoria Port\u00e1til, BC, Honda, Baixa pot\u00eancia (de 2 kVA a 25 kVA). Poder e motor HONDA Gasolina. 400\/230V para 50Hz\" \/>\n<meta property=\"og:url\" content=\"https:\/\/www.dagartech.com\/pt\/grupos-geradores\/dgh-6-tf-bc-400-230v\/\" \/>\n<meta property=\"og:site_name\" content=\"Dagartech PT\" \/>\n<meta property=\"article:publisher\" content=\"https:\/\/www.facebook.com\/dagartech\/\" \/>\n<meta property=\"article:modified_time\" content=\"2026-03-24T08:40:08+00:00\" \/>\n<meta property=\"og:image\" content=\"https:\/\/www.dagartech.com\/pt\/wp-content\/uploads\/sites\/6\/2024\/05\/Dagartech_Gama-Portatil-BC-TF_3.jpg\" \/>\n\t<meta property=\"og:image:width\" content=\"1500\" \/>\n\t<meta property=\"og:image:height\" content=\"947\" \/>\n\t<meta property=\"og:image:type\" content=\"image\/jpeg\" \/>\n<meta name=\"twitter:card\" content=\"summary_large_image\" \/>\n<meta name=\"twitter:site\" content=\"@dagartech\" \/>\n<meta name=\"twitter:label1\" content=\"Tempo estimado de leitura\" \/>\n\t<meta name=\"twitter:data1\" content=\"1 minuto\" \/>\n<script type=\"application\/ld+json\" class=\"yoast-schema-graph\">{\"@context\":\"https:\/\/schema.org\",\"@graph\":[{\"@type\":\"WebPage\",\"@id\":\"https:\/\/www.dagartech.com\/pt\/grupos-geradores\/dgh-6-tf-bc-400-230v\/\",\"url\":\"https:\/\/www.dagartech.com\/pt\/grupos-geradores\/dgh-6-tf-bc-400-230v\/\",\"name\":\"DGH 6 TF BC. HONDA GX270 - Grupos geradores - Dagartech\",\"isPartOf\":{\"@id\":\"https:\/\/www.dagartech.com\/pt\/#website\"},\"primaryImageOfPage\":{\"@id\":\"https:\/\/www.dagartech.com\/pt\/grupos-geradores\/dgh-6-tf-bc-400-230v\/#primaryimage\"},\"image\":{\"@id\":\"https:\/\/www.dagartech.com\/pt\/grupos-geradores\/dgh-6-tf-bc-400-230v\/#primaryimage\"},\"thumbnailUrl\":\"https:\/\/www.dagartech.com\/pt\/wp-content\/uploads\/sites\/6\/2024\/05\/Dagartech_Gama-Portatil-BC-TF_3.jpg\",\"datePublished\":\"2024-07-11T08:16:47+00:00\",\"dateModified\":\"2026-03-24T08:40:08+00:00\",\"description\":\"Grupos geradores DGH 6 TF BC da faixa de categoria Port\u00e1til, BC, Honda, Baixa pot\u00eancia (de 2 kVA a 25 kVA). Poder e motor HONDA Gasolina. 400\/230V para 50Hz\",\"breadcrumb\":{\"@id\":\"https:\/\/www.dagartech.com\/pt\/grupos-geradores\/dgh-6-tf-bc-400-230v\/#breadcrumb\"},\"inLanguage\":\"pt-PT\",\"potentialAction\":[{\"@type\":\"ReadAction\",\"target\":[\"https:\/\/www.dagartech.com\/pt\/grupos-geradores\/dgh-6-tf-bc-400-230v\/\"]}]},{\"@type\":\"ImageObject\",\"inLanguage\":\"pt-PT\",\"@id\":\"https:\/\/www.dagartech.com\/pt\/grupos-geradores\/dgh-6-tf-bc-400-230v\/#primaryimage\",\"url\":\"https:\/\/www.dagartech.com\/pt\/wp-content\/uploads\/sites\/6\/2024\/05\/Dagartech_Gama-Portatil-BC-TF_3.jpg\",\"contentUrl\":\"https:\/\/www.dagartech.com\/pt\/wp-content\/uploads\/sites\/6\/2024\/05\/Dagartech_Gama-Portatil-BC-TF_3.jpg\",\"width\":1500,\"height\":947},{\"@type\":\"BreadcrumbList\",\"@id\":\"https:\/\/www.dagartech.com\/pt\/grupos-geradores\/dgh-6-tf-bc-400-230v\/#breadcrumb\",\"itemListElement\":[{\"@type\":\"ListItem\",\"position\":1,\"name\":\"Portada\",\"item\":\"https:\/\/www.dagartech.com\/pt\/\"},{\"@type\":\"ListItem\",\"position\":2,\"name\":\"Products\",\"item\":\"https:\/\/www.dagartech.com\/pt\/shop\/\"},{\"@type\":\"ListItem\",\"position\":3,\"name\":\"DGH 6 TF BC\"}]},{\"@type\":\"WebSite\",\"@id\":\"https:\/\/www.dagartech.com\/pt\/#website\",\"url\":\"https:\/\/www.dagartech.com\/pt\/\",\"name\":\"Dagartech\",\"description\":\"Somos fabricantes de Grupos Electr\u00f3genos. M\u00e1ximos est\u00e1ndares de Calidad. Elevada Fiabilidad y Seguridad. Nos adaptamos a las necesidades de cada proyecto.\",\"potentialAction\":[{\"@type\":\"SearchAction\",\"target\":{\"@type\":\"EntryPoint\",\"urlTemplate\":\"https:\/\/www.dagartech.com\/pt\/?s={search_term_string}\"},\"query-input\":\"required name=search_term_string\"}],\"inLanguage\":\"pt-PT\"}]}<\/script>\n<!-- \/ Yoast SEO plugin. -->","yoast_head_json":{"title":"DGH 6 TF BC. HONDA GX270 - Grupos geradores - Dagartech","description":"Grupos geradores DGH 6 TF BC da faixa de categoria Port\u00e1til, BC, Honda, Baixa pot\u00eancia (de 2 kVA a 25 kVA). Poder e motor HONDA Gasolina. 400\/230V para 50Hz","robots":{"index":"index","follow":"follow","max-snippet":"max-snippet:-1","max-image-preview":"max-image-preview:large","max-video-preview":"max-video-preview:-1"},"canonical":"https:\/\/www.dagartech.com\/pt\/grupos-geradores\/dgh-6-tf-bc-400-230v\/","og_locale":"pt_PT","og_type":"article","og_title":"DGH 6 TF BC. HONDA GX270 - Grupos geradores - Dagartech","og_description":"Grupos geradores DGH 6 TF BC da faixa de categoria Port\u00e1til, BC, Honda, Baixa pot\u00eancia (de 2 kVA a 25 kVA). Poder e motor HONDA Gasolina. 400\/230V para 50Hz","og_url":"https:\/\/www.dagartech.com\/pt\/grupos-geradores\/dgh-6-tf-bc-400-230v\/","og_site_name":"Dagartech PT","article_publisher":"https:\/\/www.facebook.com\/dagartech\/","article_modified_time":"2026-03-24T08:40:08+00:00","og_image":[{"width":1500,"height":947,"url":"https:\/\/www.dagartech.com\/pt\/wp-content\/uploads\/sites\/6\/2024\/05\/Dagartech_Gama-Portatil-BC-TF_3.jpg","type":"image\/jpeg"}],"twitter_card":"summary_large_image","twitter_site":"@dagartech","twitter_misc":{"Tempo estimado de leitura":"1 minuto"},"schema":{"@context":"https:\/\/schema.org","@graph":[{"@type":"WebPage","@id":"https:\/\/www.dagartech.com\/pt\/grupos-geradores\/dgh-6-tf-bc-400-230v\/","url":"https:\/\/www.dagartech.com\/pt\/grupos-geradores\/dgh-6-tf-bc-400-230v\/","name":"DGH 6 TF BC. HONDA GX270 - Grupos geradores - Dagartech","isPartOf":{"@id":"https:\/\/www.dagartech.com\/pt\/#website"},"primaryImageOfPage":{"@id":"https:\/\/www.dagartech.com\/pt\/grupos-geradores\/dgh-6-tf-bc-400-230v\/#primaryimage"},"image":{"@id":"https:\/\/www.dagartech.com\/pt\/grupos-geradores\/dgh-6-tf-bc-400-230v\/#primaryimage"},"thumbnailUrl":"https:\/\/www.dagartech.com\/pt\/wp-content\/uploads\/sites\/6\/2024\/05\/Dagartech_Gama-Portatil-BC-TF_3.jpg","datePublished":"2024-07-11T08:16:47+00:00","dateModified":"2026-03-24T08:40:08+00:00","description":"Grupos geradores DGH 6 TF BC da faixa de categoria Port\u00e1til, BC, Honda, Baixa pot\u00eancia (de 2 kVA a 25 kVA). Poder e motor HONDA Gasolina. 400\/230V para 50Hz","breadcrumb":{"@id":"https:\/\/www.dagartech.com\/pt\/grupos-geradores\/dgh-6-tf-bc-400-230v\/#breadcrumb"},"inLanguage":"pt-PT","potentialAction":[{"@type":"ReadAction","target":["https:\/\/www.dagartech.com\/pt\/grupos-geradores\/dgh-6-tf-bc-400-230v\/"]}]},{"@type":"ImageObject","inLanguage":"pt-PT","@id":"https:\/\/www.dagartech.com\/pt\/grupos-geradores\/dgh-6-tf-bc-400-230v\/#primaryimage","url":"https:\/\/www.dagartech.com\/pt\/wp-content\/uploads\/sites\/6\/2024\/05\/Dagartech_Gama-Portatil-BC-TF_3.jpg","contentUrl":"https:\/\/www.dagartech.com\/pt\/wp-content\/uploads\/sites\/6\/2024\/05\/Dagartech_Gama-Portatil-BC-TF_3.jpg","width":1500,"height":947},{"@type":"BreadcrumbList","@id":"https:\/\/www.dagartech.com\/pt\/grupos-geradores\/dgh-6-tf-bc-400-230v\/#breadcrumb","itemListElement":[{"@type":"ListItem","position":1,"name":"Portada","item":"https:\/\/www.dagartech.com\/pt\/"},{"@type":"ListItem","position":2,"name":"Products","item":"https:\/\/www.dagartech.com\/pt\/shop\/"},{"@type":"ListItem","position":3,"name":"DGH 6 TF BC"}]},{"@type":"WebSite","@id":"https:\/\/www.dagartech.com\/pt\/#website","url":"https:\/\/www.dagartech.com\/pt\/","name":"Dagartech","description":"Somos fabricantes de Grupos Electr\u00f3genos. M\u00e1ximos est\u00e1ndares de Calidad. Elevada Fiabilidad y Seguridad. Nos adaptamos a las necesidades de cada proyecto.","potentialAction":[{"@type":"SearchAction","target":{"@type":"EntryPoint","urlTemplate":"https:\/\/www.dagartech.com\/pt\/?s={search_term_string}"},"query-input":"required name=search_term_string"}],"inLanguage":"pt-PT"}]}},"df_price":"","df_sale_price":"","df_regular_price":"","df_image_link":"https:\/\/www.dagartech.com\/pt\/wp-content\/uploads\/sites\/6\/2024\/05\/Dagartech_Gama-Portatil-BC-TF_3-300x189.jpg","_links":{"self":[{"href":"https:\/\/www.dagartech.com\/pt\/wp-json\/wp\/v2\/product\/5770"}],"collection":[{"href":"https:\/\/www.dagartech.com\/pt\/wp-json\/wp\/v2\/product"}],"about":[{"href":"https:\/\/www.dagartech.com\/pt\/wp-json\/wp\/v2\/types\/product"}],"replies":[{"embeddable":true,"href":"https:\/\/www.dagartech.com\/pt\/wp-json\/wp\/v2\/comments?post=5770"}],"wp:featuredmedia":[{"embeddable":true,"href":"https:\/\/www.dagartech.com\/pt\/wp-json\/wp\/v2\/media\/2652"}],"wp:attachment":[{"href":"https:\/\/www.dagartech.com\/pt\/wp-json\/wp\/v2\/media?parent=5770"}],"wp:term":[{"taxonomy":"product_cat","embeddable":true,"href":"https:\/\/www.dagartech.com\/pt\/wp-json\/wp\/v2\/product_cat?post=5770"},{"taxonomy":"product_tag","embeddable":true,"href":"https:\/\/www.dagartech.com\/pt\/wp-json\/wp\/v2\/product_tag?post=5770"}],"curies":[{"name":"wp","href":"https:\/\/api.w.org\/{rel}","templated":true}]}}