{"id":983,"date":"2024-07-12T12:05:15","date_gmt":"2024-07-12T10:05:15","guid":{"rendered":"https:\/\/www.dagartech.com\/?page_id=983"},"modified":"2025-02-25T10:19:49","modified_gmt":"2025-02-25T09:19:49","slug":"nos","status":"publish","type":"page","link":"https:\/\/www.dagartech.com\/pt\/quem-somos\/","title":{"rendered":"N\u00f3s"},"content":{"rendered":"","protected":false},"excerpt":{"rendered":"","protected":false},"author":1,"featured_media":0,"parent":0,"menu_order":0,"comment_status":"open","ping_status":"open","template":"page_corporate.php","meta":{"_acf_changed":false,"footnotes":""},"class_list":["post-983","page","type-page","status-publish","hentry"],"acf":[],"yoast_head":"<!-- This site is optimized with the Yoast SEO plugin v23.1 - https:\/\/yoast.com\/wordpress\/plugins\/seo\/ -->\n<title>Quem somos | Dagartech<\/title>\n<meta name=\"description\" content=\"Na Dagartech, transformamos as suas necessidades energ\u00e9ticas em especifica\u00e7\u00f5es t\u00e9cnicas. Concebemos e fabricamos o seu grupo gerador \u00e0 medida. Conhe\u00e7a-nos.\" \/>\n<meta name=\"robots\" content=\"index, follow, max-snippet:-1, max-image-preview:large, max-video-preview:-1\" \/>\n<link rel=\"canonical\" href=\"https:\/\/www.dagartech.com\/pt\/quem-somos\/\" \/>\n<meta property=\"og:locale\" content=\"pt_PT\" \/>\n<meta property=\"og:type\" content=\"article\" \/>\n<meta property=\"og:title\" content=\"Quem somos | Dagartech\" \/>\n<meta property=\"og:description\" content=\"Na Dagartech, transformamos as suas necessidades energ\u00e9ticas em especifica\u00e7\u00f5es t\u00e9cnicas. Concebemos e fabricamos o seu grupo gerador \u00e0 medida. Conhe\u00e7a-nos.\" \/>\n<meta property=\"og:url\" content=\"https:\/\/www.dagartech.com\/pt\/quem-somos\/\" \/>\n<meta property=\"og:site_name\" content=\"Dagartech PT\" \/>\n<meta property=\"article:publisher\" content=\"https:\/\/www.facebook.com\/dagartech\/\" \/>\n<meta property=\"article:modified_time\" content=\"2025-02-25T09:19:49+00:00\" \/>\n<meta property=\"og:image\" content=\"https:\/\/www.dagartech.com\/pt\/wp-content\/uploads\/sites\/6\/2024\/02\/Logo-dagartech.png\" \/>\n\t<meta property=\"og:image:width\" content=\"5692\" \/>\n\t<meta property=\"og:image:height\" content=\"3200\" \/>\n\t<meta property=\"og:image:type\" content=\"image\/png\" \/>\n<meta name=\"twitter:card\" content=\"summary_large_image\" \/>\n<meta name=\"twitter:site\" content=\"@dagartech\" \/>\n<script type=\"application\/ld+json\" class=\"yoast-schema-graph\">{\"@context\":\"https:\/\/schema.org\",\"@graph\":[{\"@type\":\"WebPage\",\"@id\":\"https:\/\/www.dagartech.com\/pt\/quem-somos\/\",\"url\":\"https:\/\/www.dagartech.com\/pt\/quem-somos\/\",\"name\":\"Quem somos | Dagartech\",\"isPartOf\":{\"@id\":\"https:\/\/www.dagartech.com\/pt\/#website\"},\"datePublished\":\"2024-07-12T10:05:15+00:00\",\"dateModified\":\"2025-02-25T09:19:49+00:00\",\"description\":\"Na Dagartech, transformamos as suas necessidades energ\u00e9ticas em especifica\u00e7\u00f5es t\u00e9cnicas. Concebemos e fabricamos o seu grupo gerador \u00e0 medida. Conhe\u00e7a-nos.\",\"breadcrumb\":{\"@id\":\"https:\/\/www.dagartech.com\/pt\/quem-somos\/#breadcrumb\"},\"inLanguage\":\"pt-PT\",\"potentialAction\":[{\"@type\":\"ReadAction\",\"target\":[\"https:\/\/www.dagartech.com\/pt\/quem-somos\/\"]}]},{\"@type\":\"BreadcrumbList\",\"@id\":\"https:\/\/www.dagartech.com\/pt\/quem-somos\/#breadcrumb\",\"itemListElement\":[{\"@type\":\"ListItem\",\"position\":1,\"name\":\"Portada\",\"item\":\"https:\/\/www.dagartech.com\/pt\/\"},{\"@type\":\"ListItem\",\"position\":2,\"name\":\"N\u00f3s\"}]},{\"@type\":\"WebSite\",\"@id\":\"https:\/\/www.dagartech.com\/pt\/#website\",\"url\":\"https:\/\/www.dagartech.com\/pt\/\",\"name\":\"Dagartech\",\"description\":\"Somos fabricantes de Grupos Electr\u00f3genos. M\u00e1ximos est\u00e1ndares de Calidad. Elevada Fiabilidad y Seguridad. Nos adaptamos a las necesidades de cada proyecto.\",\"potentialAction\":[{\"@type\":\"SearchAction\",\"target\":{\"@type\":\"EntryPoint\",\"urlTemplate\":\"https:\/\/www.dagartech.com\/pt\/?s={search_term_string}\"},\"query-input\":\"required name=search_term_string\"}],\"inLanguage\":\"pt-PT\"}]}<\/script>\n<!-- \/ Yoast SEO plugin. -->","yoast_head_json":{"title":"Quem somos | Dagartech","description":"Na Dagartech, transformamos as suas necessidades energ\u00e9ticas em especifica\u00e7\u00f5es t\u00e9cnicas. Concebemos e fabricamos o seu grupo gerador \u00e0 medida. Conhe\u00e7a-nos.","robots":{"index":"index","follow":"follow","max-snippet":"max-snippet:-1","max-image-preview":"max-image-preview:large","max-video-preview":"max-video-preview:-1"},"canonical":"https:\/\/www.dagartech.com\/pt\/quem-somos\/","og_locale":"pt_PT","og_type":"article","og_title":"Quem somos | Dagartech","og_description":"Na Dagartech, transformamos as suas necessidades energ\u00e9ticas em especifica\u00e7\u00f5es t\u00e9cnicas. Concebemos e fabricamos o seu grupo gerador \u00e0 medida. Conhe\u00e7a-nos.","og_url":"https:\/\/www.dagartech.com\/pt\/quem-somos\/","og_site_name":"Dagartech PT","article_publisher":"https:\/\/www.facebook.com\/dagartech\/","article_modified_time":"2025-02-25T09:19:49+00:00","og_image":[{"width":5692,"height":3200,"url":"https:\/\/www.dagartech.com\/pt\/wp-content\/uploads\/sites\/6\/2024\/02\/Logo-dagartech.png","type":"image\/png"}],"twitter_card":"summary_large_image","twitter_site":"@dagartech","schema":{"@context":"https:\/\/schema.org","@graph":[{"@type":"WebPage","@id":"https:\/\/www.dagartech.com\/pt\/quem-somos\/","url":"https:\/\/www.dagartech.com\/pt\/quem-somos\/","name":"Quem somos | Dagartech","isPartOf":{"@id":"https:\/\/www.dagartech.com\/pt\/#website"},"datePublished":"2024-07-12T10:05:15+00:00","dateModified":"2025-02-25T09:19:49+00:00","description":"Na Dagartech, transformamos as suas necessidades energ\u00e9ticas em especifica\u00e7\u00f5es t\u00e9cnicas. Concebemos e fabricamos o seu grupo gerador \u00e0 medida. Conhe\u00e7a-nos.","breadcrumb":{"@id":"https:\/\/www.dagartech.com\/pt\/quem-somos\/#breadcrumb"},"inLanguage":"pt-PT","potentialAction":[{"@type":"ReadAction","target":["https:\/\/www.dagartech.com\/pt\/quem-somos\/"]}]},{"@type":"BreadcrumbList","@id":"https:\/\/www.dagartech.com\/pt\/quem-somos\/#breadcrumb","itemListElement":[{"@type":"ListItem","position":1,"name":"Portada","item":"https:\/\/www.dagartech.com\/pt\/"},{"@type":"ListItem","position":2,"name":"N\u00f3s"}]},{"@type":"WebSite","@id":"https:\/\/www.dagartech.com\/pt\/#website","url":"https:\/\/www.dagartech.com\/pt\/","name":"Dagartech","description":"Somos fabricantes de Grupos Electr\u00f3genos. M\u00e1ximos est\u00e1ndares de Calidad. Elevada Fiabilidad y Seguridad. Nos adaptamos a las necesidades de cada proyecto.","potentialAction":[{"@type":"SearchAction","target":{"@type":"EntryPoint","urlTemplate":"https:\/\/www.dagartech.com\/pt\/?s={search_term_string}"},"query-input":"required name=search_term_string"}],"inLanguage":"pt-PT"}]}},"_links":{"self":[{"href":"https:\/\/www.dagartech.com\/pt\/wp-json\/wp\/v2\/pages\/983"}],"collection":[{"href":"https:\/\/www.dagartech.com\/pt\/wp-json\/wp\/v2\/pages"}],"about":[{"href":"https:\/\/www.dagartech.com\/pt\/wp-json\/wp\/v2\/types\/page"}],"author":[{"embeddable":true,"href":"https:\/\/www.dagartech.com\/pt\/wp-json\/wp\/v2\/users\/1"}],"replies":[{"embeddable":true,"href":"https:\/\/www.dagartech.com\/pt\/wp-json\/wp\/v2\/comments?post=983"}],"version-history":[{"count":6,"href":"https:\/\/www.dagartech.com\/pt\/wp-json\/wp\/v2\/pages\/983\/revisions"}],"predecessor-version":[{"id":7702,"href":"https:\/\/www.dagartech.com\/pt\/wp-json\/wp\/v2\/pages\/983\/revisions\/7702"}],"wp:attachment":[{"href":"https:\/\/www.dagartech.com\/pt\/wp-json\/wp\/v2\/media?parent=983"}],"curies":[{"name":"wp","href":"https:\/\/api.w.org\/{rel}","templated":true}]}}