{"id":850,"date":"2024-07-11T10:02:45","date_gmt":"2024-07-11T08:02:45","guid":{"rendered":"https:\/\/www.dagartech.com\/?page_id=850"},"modified":"2024-07-11T10:02:48","modified_gmt":"2024-07-11T08:02:48","slug":"politica-de-cookies","status":"publish","type":"page","link":"https:\/\/www.dagartech.com\/pt\/politica-de-cookies\/","title":{"rendered":"Pol\u00edtica de cookies"},"content":{"rendered":"<h2>Tipos de &#8216;cookies&#8217; utilizados<\/h2>\n<p>Este s\u00edtio Web utiliza cookies de sess\u00e3o tempor\u00e1rios e cookies persistentes. Os cookies de sess\u00e3o armazenam dados apenas enquanto o utilizador acede ao s\u00edtio Web e os cookies persistentes armazenam dados no terminal para serem acedidos e utilizados em mais do que uma sess\u00e3o.<\/p>\n<p>Dependendo da finalidade para a qual os dados obtidos atrav\u00e9s dos cookies s\u00e3o processados, o s\u00edtio Web pode utilizar:<\/p>\n<h3>&#8216;Cookies&#8217; t\u00e9cnicos<\/h3>\n<p>Permitem ao utilizador navegar no s\u00edtio Web ou na aplica\u00e7\u00e3o e utilizar as diferentes op\u00e7\u00f5es ou servi\u00e7os que nele existem. Por exemplo, o controlo do tr\u00e1fego e da comunica\u00e7\u00e3o de dados, a identifica\u00e7\u00e3o da sess\u00e3o, o acesso a partes da Web de acesso restrito, a memoriza\u00e7\u00e3o dos elementos que comp\u00f5em uma encomenda, a realiza\u00e7\u00e3o de um pedido de inscri\u00e7\u00e3o ou de participa\u00e7\u00e3o num evento, a utiliza\u00e7\u00e3o de elementos de seguran\u00e7a durante a navega\u00e7\u00e3o e o armazenamento de conte\u00fados para a difus\u00e3o de v\u00eddeos ou de som.<\/p>\n<h3>&#8216;Cookies&#8217; de personaliza\u00e7\u00e3o<\/h3>\n<p>Permitem ao utilizador aceder ao servi\u00e7o com algumas caracter\u00edsticas gerais predefinidas no terminal ou definidas pelo utilizador. Por exemplo, o idioma, o tipo de navegador atrav\u00e9s do qual acede ao servi\u00e7o, a conce\u00e7\u00e3o do conte\u00fado selecionado, a geolocaliza\u00e7\u00e3o do terminal e a configura\u00e7\u00e3o regional a partir da qual o servi\u00e7o \u00e9 acedido.<\/p>\n<h3>&#8216;Cookies&#8217; publicit\u00e1rios<\/h3>\n<p>S\u00e3o aqueles que permitem a gest\u00e3o eficaz dos espa\u00e7os publicit\u00e1rios que foram inclu\u00eddos no s\u00edtio Web ou na aplica\u00e7\u00e3o a partir da qual o servi\u00e7o \u00e9 prestado. Permitem adaptar o conte\u00fado da publicidade para a tornar relevante para o utilizador e evitar mostrar an\u00fancios que o utilizador j\u00e1 tenha visto.<\/p>\n<h3>&#8216;Cookies&#8217; de an\u00e1lise estat\u00edstica<\/h3>\n<p>S\u00e3o aqueles que permitem o rastreio e a an\u00e1lise do comportamento dos utilizadores nos s\u00edtios Web. As informa\u00e7\u00f5es recolhidas atrav\u00e9s deste tipo de cookies s\u00e3o utilizadas para medir a atividade dos s\u00edtios Web, aplica\u00e7\u00e3o ou plataforma e para a elabora\u00e7\u00e3o de perfis de navega\u00e7\u00e3o dos utilizadores destes s\u00edtios, a fim de introduzir melhorias no servi\u00e7o com base nos dados de utiliza\u00e7\u00e3o fornecidos pelos utilizadores.<\/p>\n<h3>&#8216;Cookies&#8217; de terceiros<\/h3>\n<p>Em alguns s\u00edtios Web, podem ser instalados cookies de terceiros para gerir e melhorar os servi\u00e7os oferecidos. Como, por exemplo, servi\u00e7os estat\u00edsticos do Google Analytics e da Comscore.<\/p>\n<h2>Como gerir os \u201ccookies\u201d no navegador?<\/h2>\n<p>O utilizador tem a possibilidade de permitir, bloquear ou apagar os cookies instalados no seu equipamento, configurando as op\u00e7\u00f5es do navegador instalado no seu terminal:<\/p>\n<p>Para ajustar as permiss\u00f5es relacionadas com os cookies no navegador Google Chrome:<\/p>\n<ol>\n<li>Clicar no menu da barra de ferramentas.<\/li>\n<li>Selecionar Configura\u00e7\u00e3o.<\/li>\n<li>Clicar em Mostrar op\u00e7\u00f5es avan\u00e7adas.<\/li>\n<li>Na sec\u00e7\u00e3o &#8220;Privacidade&#8221;, clicar no bot\u00e3o &#8220;Configura\u00e7\u00e3o de conte\u00fado&#8221;.<\/li>\n<li>Na sec\u00e7\u00e3o &#8220;Cookies&#8221;, pode configurar as op\u00e7\u00f5es.<\/li>\n<\/ol>\n<p><a href=\"https:\/\/support.google.com\/chrome\/answer\/95647?hl=es\">Mais informa\u00e7\u00f5es sobre o Google Chrome<\/a><\/p>\n<p>Para ajustar as permiss\u00f5es relacionadas com os cookies no navegador Mozilla Firefox:<\/p>\n<ol>\n<li>Na parte superior da janela do Firefox, clique no menu Ferramentas.<\/li>\n<li>Selecionar Op\u00e7\u00f5es.<\/li>\n<li>Selecionar o painel Privacidade.<\/li>\n<li>Na op\u00e7\u00e3o Firefox, pode escolher Utilizar defini\u00e7\u00f5es personalizadas para o hist\u00f3rico para configurar as op\u00e7\u00f5es.<\/li>\n<\/ol>\n<p><a href=\"https:\/\/support.mozilla.org\/es\/kb\/cookies-informacion-que-los-sitios-web-guardan-en-\">Mais informa\u00e7\u00f5es sobre Mozilla Firefox<\/a><\/p>\n<p>Para definir as permiss\u00f5es relacionadas com os cookies no navegador Internet Explorer 9:<\/p>\n<ol>\n<li>Na parte superior da janela do Internet Explorer, clique no menu Ferramentas.<\/li>\n<li>Selecione o separador Seguran\u00e7a e utilize a op\u00e7\u00e3o Eliminar hist\u00f3rico de navega\u00e7\u00e3o para eliminar cookies. Marque a caixa &#8220;Cookies&#8221; e clique em Eliminar.<\/li>\n<li>Selecione o separador Seguran\u00e7a e aceda a Configura\u00e7\u00f5es. Mova a barra deslizante para cima para bloquear todos os cookies ou para baixo para permitir todos os cookies. Em seguida, clique em Aceitar.<\/li>\n<\/ol>\n<p><a href=\"https:\/\/support.microsoft.com\/es-es\/windows\">Mais informa\u00e7\u00f5es sobre Internet Explorer 9<\/a><\/p>\n<p>Se bloquear a utiliza\u00e7\u00e3o de cookies no seu navegador, \u00e9 poss\u00edvel que alguns servi\u00e7os ou funcionalidades do s\u00edtio Web n\u00e3o estejam dispon\u00edveis.<\/p>\n<p>Em alguns navegadores, \u00e9 poss\u00edvel definir regras espec\u00edficas para gerir os cookies por s\u00edtio Web, o que permite um controlo mais preciso da privacidade. Isto significa que pode desativar os cookies de todos os s\u00edtios, exceto daqueles em que confia.<\/p>\n","protected":false},"excerpt":{"rendered":"<p>Tipos de &#8216;cookies&#8217; utilizados Este s\u00edtio Web utiliza cookies de sess\u00e3o tempor\u00e1rios e cookies persistentes. Os cookies de sess\u00e3o armazenam dados apenas enquanto o utilizador acede ao s\u00edtio Web e os cookies persistentes armazenam dados no terminal para serem acedidos e utilizados em mais do que uma sess\u00e3o. Dependendo da finalidade para a qual os [&hellip;]<\/p>\n","protected":false},"author":1,"featured_media":0,"parent":0,"menu_order":0,"comment_status":"open","ping_status":"open","template":"page_legal.php","meta":{"_acf_changed":false,"footnotes":""},"class_list":["post-850","page","type-page","status-publish","hentry"],"acf":[],"yoast_head":"<!-- This site is optimized with the Yoast SEO plugin v23.1 - https:\/\/yoast.com\/wordpress\/plugins\/seo\/ -->\n<title>Pol\u00edtica de cookies | Dagartech PT<\/title>\n<meta name=\"robots\" content=\"index, follow, max-snippet:-1, max-image-preview:large, max-video-preview:-1\" \/>\n<link rel=\"canonical\" href=\"https:\/\/www.dagartech.com\/pt\/politica-de-cookies\/\" \/>\n<meta property=\"og:locale\" content=\"pt_PT\" \/>\n<meta property=\"og:type\" content=\"article\" \/>\n<meta property=\"og:title\" content=\"Pol\u00edtica de cookies | Dagartech PT\" \/>\n<meta property=\"og:description\" content=\"Tipos de &#8216;cookies&#8217; utilizados Este s\u00edtio Web utiliza cookies de sess\u00e3o tempor\u00e1rios e cookies persistentes. Os cookies de sess\u00e3o armazenam dados apenas enquanto o utilizador acede ao s\u00edtio Web e os cookies persistentes armazenam dados no terminal para serem acedidos e utilizados em mais do que uma sess\u00e3o. Dependendo da finalidade para a qual os [&hellip;]\" \/>\n<meta property=\"og:url\" content=\"https:\/\/www.dagartech.com\/pt\/politica-de-cookies\/\" \/>\n<meta property=\"og:site_name\" content=\"Dagartech PT\" \/>\n<meta property=\"article:publisher\" content=\"https:\/\/www.facebook.com\/dagartech\/\" \/>\n<meta property=\"article:modified_time\" content=\"2024-07-11T08:02:48+00:00\" \/>\n<meta property=\"og:image\" content=\"https:\/\/www.dagartech.com\/pt\/wp-content\/uploads\/sites\/6\/2024\/02\/Logo-dagartech.png\" \/>\n\t<meta property=\"og:image:width\" content=\"5692\" \/>\n\t<meta property=\"og:image:height\" content=\"3200\" \/>\n\t<meta property=\"og:image:type\" content=\"image\/png\" \/>\n<meta name=\"twitter:card\" content=\"summary_large_image\" \/>\n<meta name=\"twitter:site\" content=\"@dagartech\" \/>\n<meta name=\"twitter:label1\" content=\"Tempo estimado de leitura\" \/>\n\t<meta name=\"twitter:data1\" content=\"1 minuto\" \/>\n<script type=\"application\/ld+json\" class=\"yoast-schema-graph\">{\"@context\":\"https:\/\/schema.org\",\"@graph\":[{\"@type\":\"WebPage\",\"@id\":\"https:\/\/www.dagartech.com\/pt\/politica-de-cookies\/\",\"url\":\"https:\/\/www.dagartech.com\/pt\/politica-de-cookies\/\",\"name\":\"Pol\u00edtica de cookies | Dagartech PT\",\"isPartOf\":{\"@id\":\"https:\/\/www.dagartech.com\/pt\/#website\"},\"datePublished\":\"2024-07-11T08:02:45+00:00\",\"dateModified\":\"2024-07-11T08:02:48+00:00\",\"breadcrumb\":{\"@id\":\"https:\/\/www.dagartech.com\/pt\/politica-de-cookies\/#breadcrumb\"},\"inLanguage\":\"pt-PT\",\"potentialAction\":[{\"@type\":\"ReadAction\",\"target\":[\"https:\/\/www.dagartech.com\/pt\/politica-de-cookies\/\"]}]},{\"@type\":\"BreadcrumbList\",\"@id\":\"https:\/\/www.dagartech.com\/pt\/politica-de-cookies\/#breadcrumb\",\"itemListElement\":[{\"@type\":\"ListItem\",\"position\":1,\"name\":\"Portada\",\"item\":\"https:\/\/www.dagartech.com\/pt\/\"},{\"@type\":\"ListItem\",\"position\":2,\"name\":\"Pol\u00edtica de cookies\"}]},{\"@type\":\"WebSite\",\"@id\":\"https:\/\/www.dagartech.com\/pt\/#website\",\"url\":\"https:\/\/www.dagartech.com\/pt\/\",\"name\":\"Dagartech\",\"description\":\"Somos fabricantes de Grupos Electr\u00f3genos. M\u00e1ximos est\u00e1ndares de Calidad. Elevada Fiabilidad y Seguridad. Nos adaptamos a las necesidades de cada proyecto.\",\"potentialAction\":[{\"@type\":\"SearchAction\",\"target\":{\"@type\":\"EntryPoint\",\"urlTemplate\":\"https:\/\/www.dagartech.com\/pt\/?s={search_term_string}\"},\"query-input\":\"required name=search_term_string\"}],\"inLanguage\":\"pt-PT\"}]}<\/script>\n<!-- \/ Yoast SEO plugin. -->","yoast_head_json":{"title":"Pol\u00edtica de cookies | Dagartech PT","robots":{"index":"index","follow":"follow","max-snippet":"max-snippet:-1","max-image-preview":"max-image-preview:large","max-video-preview":"max-video-preview:-1"},"canonical":"https:\/\/www.dagartech.com\/pt\/politica-de-cookies\/","og_locale":"pt_PT","og_type":"article","og_title":"Pol\u00edtica de cookies | Dagartech PT","og_description":"Tipos de &#8216;cookies&#8217; utilizados Este s\u00edtio Web utiliza cookies de sess\u00e3o tempor\u00e1rios e cookies persistentes. Os cookies de sess\u00e3o armazenam dados apenas enquanto o utilizador acede ao s\u00edtio Web e os cookies persistentes armazenam dados no terminal para serem acedidos e utilizados em mais do que uma sess\u00e3o. Dependendo da finalidade para a qual os [&hellip;]","og_url":"https:\/\/www.dagartech.com\/pt\/politica-de-cookies\/","og_site_name":"Dagartech PT","article_publisher":"https:\/\/www.facebook.com\/dagartech\/","article_modified_time":"2024-07-11T08:02:48+00:00","og_image":[{"width":5692,"height":3200,"url":"https:\/\/www.dagartech.com\/pt\/wp-content\/uploads\/sites\/6\/2024\/02\/Logo-dagartech.png","type":"image\/png"}],"twitter_card":"summary_large_image","twitter_site":"@dagartech","twitter_misc":{"Tempo estimado de leitura":"1 minuto"},"schema":{"@context":"https:\/\/schema.org","@graph":[{"@type":"WebPage","@id":"https:\/\/www.dagartech.com\/pt\/politica-de-cookies\/","url":"https:\/\/www.dagartech.com\/pt\/politica-de-cookies\/","name":"Pol\u00edtica de cookies | Dagartech PT","isPartOf":{"@id":"https:\/\/www.dagartech.com\/pt\/#website"},"datePublished":"2024-07-11T08:02:45+00:00","dateModified":"2024-07-11T08:02:48+00:00","breadcrumb":{"@id":"https:\/\/www.dagartech.com\/pt\/politica-de-cookies\/#breadcrumb"},"inLanguage":"pt-PT","potentialAction":[{"@type":"ReadAction","target":["https:\/\/www.dagartech.com\/pt\/politica-de-cookies\/"]}]},{"@type":"BreadcrumbList","@id":"https:\/\/www.dagartech.com\/pt\/politica-de-cookies\/#breadcrumb","itemListElement":[{"@type":"ListItem","position":1,"name":"Portada","item":"https:\/\/www.dagartech.com\/pt\/"},{"@type":"ListItem","position":2,"name":"Pol\u00edtica de cookies"}]},{"@type":"WebSite","@id":"https:\/\/www.dagartech.com\/pt\/#website","url":"https:\/\/www.dagartech.com\/pt\/","name":"Dagartech","description":"Somos fabricantes de Grupos Electr\u00f3genos. M\u00e1ximos est\u00e1ndares de Calidad. Elevada Fiabilidad y Seguridad. Nos adaptamos a las necesidades de cada proyecto.","potentialAction":[{"@type":"SearchAction","target":{"@type":"EntryPoint","urlTemplate":"https:\/\/www.dagartech.com\/pt\/?s={search_term_string}"},"query-input":"required name=search_term_string"}],"inLanguage":"pt-PT"}]}},"_links":{"self":[{"href":"https:\/\/www.dagartech.com\/pt\/wp-json\/wp\/v2\/pages\/850"}],"collection":[{"href":"https:\/\/www.dagartech.com\/pt\/wp-json\/wp\/v2\/pages"}],"about":[{"href":"https:\/\/www.dagartech.com\/pt\/wp-json\/wp\/v2\/types\/page"}],"author":[{"embeddable":true,"href":"https:\/\/www.dagartech.com\/pt\/wp-json\/wp\/v2\/users\/1"}],"replies":[{"embeddable":true,"href":"https:\/\/www.dagartech.com\/pt\/wp-json\/wp\/v2\/comments?post=850"}],"version-history":[{"count":2,"href":"https:\/\/www.dagartech.com\/pt\/wp-json\/wp\/v2\/pages\/850\/revisions"}],"predecessor-version":[{"id":6611,"href":"https:\/\/www.dagartech.com\/pt\/wp-json\/wp\/v2\/pages\/850\/revisions\/6611"}],"wp:attachment":[{"href":"https:\/\/www.dagartech.com\/pt\/wp-json\/wp\/v2\/media?parent=850"}],"curies":[{"name":"wp","href":"https:\/\/api.w.org\/{rel}","templated":true}]}}