{"id":848,"date":"2024-07-11T10:02:45","date_gmt":"2024-07-11T08:02:45","guid":{"rendered":"https:\/\/www.dagartech.com\/?page_id=848"},"modified":"2024-07-11T10:02:48","modified_gmt":"2024-07-11T08:02:48","slug":"politica-de-privacidade","status":"publish","type":"page","link":"https:\/\/www.dagartech.com\/pt\/politica-privacidade\/","title":{"rendered":"Pol\u00edtica de privacidade"},"content":{"rendered":"<p>O Regulamento (UE) 2016\/679 relativo \u00e0 prote\u00e7\u00e3o dos dados pessoais e a Lei Org\u00e2nica 3\/2018, de 5 de dezembro, relativa \u00e0 prote\u00e7\u00e3o dos dados pessoais e \u00e0 garantia dos direitos digitais, estabelecem uma nova abordagem em mat\u00e9ria de controlo e tratamento de dados pessoais. Revimos e adapt\u00e1mos a nossa pol\u00edtica de privacidade \u00e0s novas exig\u00eancias e pretendemos fornecer mais informa\u00e7\u00f5es relativamente ao tratamento de dados pessoais, pelo que, seguindo os princ\u00edpios da legalidade, lealdade e transpar\u00eancia, apresentamos-lhe a presente Pol\u00edtica de Privacidade.<\/p>\n<h2><strong>Quem \u00e9 o respons\u00e1vel pelo tratamento dos seus dados?<\/strong><\/h2>\n<p><strong>Empresa:<\/strong> DAGARTECH<br \/>\n<strong>Denomina\u00e7\u00e3o social:<\/strong> DAGAR TECHNOLOGIES, S.L<br \/>\n<strong>NIF:<\/strong> B99416539<br \/>\n<strong>Domic\u00edlio:<\/strong> POL. IND. CENTROVIA, C\/ PANAM\u00c1, 12 &#8211; 50198 &#8211; LA MUELA- SARAGO\u00c7A<br \/>\n<strong>E-mail:<\/strong> info@dagartech.com<br \/>\n<strong>Telefone:<\/strong> 976141655<\/p>\n<p>A DAGAR TECHNOLOGIES, S.L. com o NIF B99416539 \u00e9 a respons\u00e1vel pelo tratamento dos dados de car\u00e1ter pessoal dos seus utilizadores e clientes, assim como dos dados que possam ser recolhidos atrav\u00e9s do s\u00edtio web.<\/p>\n<h2>Para que fins processamos os seus dados pessoais?<\/h2>\n<p>Na DAGARTECH, tratamos as informa\u00e7\u00f5es que nos fornece com o objetivo de gerir a rela\u00e7\u00e3o contratual que nos vincula, gerir o envio das informa\u00e7\u00f5es que nos solicita e fornecer aos interessados ofertas dos nossos servi\u00e7os e\/ou produtos que lhes interessam. Os dados pessoais recolhidos atrav\u00e9s do formul\u00e1rio Web para o pedido de informa\u00e7\u00f5es destinam-se ao envio de informa\u00e7\u00f5es comerciais sobre os nossos produtos e servi\u00e7os.<\/p>\n<p>As opera\u00e7\u00f5es, a gest\u00e3o e os procedimentos t\u00e9cnicos efetuados de forma automatizada ou n\u00e3o automatizada e que permitem a recolha, a conserva\u00e7\u00e3o, a altera\u00e7\u00e3o, a transfer\u00eancia e outras a\u00e7\u00f5es relativas a dados pessoais s\u00e3o considerados como tratamento de dados pessoais.<\/p>\n<p>A DAGARTECH tratar\u00e1 os dados pessoais de maneira l\u00edcita, leal, transparente, adequada, pertinente, limitada, exata e atualizada.<\/p>\n<h2>Durante quanto tempo conservaremos os seus dados pessoais?<\/h2>\n<p>Os seus dados ser\u00e3o conservados durante o tempo m\u00ednimo necess\u00e1rio para a correta presta\u00e7\u00e3o do servi\u00e7o oferecido, para o qual ser\u00e3o recolhidos os dados pessoais m\u00ednimos exigidos, bem como para cumprir as responsabilidades que possam decorrer do mesmo e de qualquer outro requisito legal. Os dados ser\u00e3o conservados durante os prazos legalmente estabelecidos.<\/p>\n<h2>Qual \u00e9 a legitimidade do tratamento dos seus dados?<\/h2>\n<p>A base legal para o tratamento dos seus dados pessoais pode ser a execu\u00e7\u00e3o de uma potencial rela\u00e7\u00e3o contratual e\/ou subscrita, no caso dos seus dados provenientes de formul\u00e1rios web \u00e9 legitimada pelo consentimento expresso que nos d\u00e1 ao aceitar o envio das informa\u00e7\u00f5es fornecidas atrav\u00e9s do formul\u00e1rio. Os dados que lhe solicitamos s\u00e3o adequados, pertinentes e estritamente necess\u00e1rios e, em caso algum, \u00e9 obrigado a fornec\u00ea-los, mas o facto de n\u00e3o os fornecer pode afetar a finalidade do servi\u00e7o ou a impossibilidade de o prestar.<\/p>\n<h2>A que destinat\u00e1rios ser\u00e3o comunicados os seus dados?<\/h2>\n<p>A DAGARTECH n\u00e3o comunicar\u00e1 os seus dados a terceiros, a n\u00e3o ser que o utilizador informe expressamente a DAGARTECH.<\/p>\n<p>Quais s\u00e3o os seus direitos quando nos fornece os seus dados?<\/p>\n<p>Os direitos de prote\u00e7\u00e3o dos dados detidos pelas pessoas em causa s\u00e3o:<\/p>\n<ul>\n<li>Direito de solicitar o acesso aos dados pessoais relativos \u00e0 pessoa em causa<\/li>\n<li>Direito de retifica\u00e7\u00e3o ou apagamento<\/li>\n<li>Direito de oposi\u00e7\u00e3o<\/li>\n<li>Direito de solicitar a limita\u00e7\u00e3o do tratamento<\/li>\n<li>Direito \u00e0 portabilidade dos dados<\/li>\n<\/ul>\n<p>Os titulares dos dados pessoais obtidos podem exercer os seus direitos de prote\u00e7\u00e3o de dados pessoais enviando uma comunica\u00e7\u00e3o escrita para a sede social de: DAGAR TECHNOLOGIES, S.L &#8211; POL. IND. CENTROVIA, C\/ PANAM\u00c1, 12 &#8211; 50198 &#8211; LA MUELA- SARAGO\u00c7A para o endere\u00e7o eletr\u00f3nico fornecido para o efeito, incluindo, em ambos os casos, uma fotoc\u00f3pia do seu bilhete de identidade ou outro documento de identifica\u00e7\u00e3o equivalente.<\/p>\n<p>Modelos, formul\u00e1rios e mais informa\u00e7\u00f5es sobre os seus direitos est\u00e3o dispon\u00edveis no s\u00edtio Web da autoridade nacional de controlo, a Ag\u00eancia Espanhola de Prote\u00e7\u00e3o de Dados, a seguir designada por AEPD, www.agpd.es.<\/p>\n<h2>Posso retirar o consentimento?<\/h2>\n<p>O utilizador tem a possibilidade e o direito de retirar o seu consentimento para qualquer finalidade espec\u00edfica concedida na altura, sem afetar a legalidade do tratamento baseado no consentimento anterior \u00e0 sua retirada.<\/p>\n<p>Onde posso apresentar uma queixa se considerar que os meus dados n\u00e3o est\u00e3o a ser tratados corretamente?<\/p>\n<p>Se qualquer pessoa interessada considerar que os seus dados n\u00e3o est\u00e3o a ser tratados corretamente pela DAGARTECH, pode enviar a sua reclama\u00e7\u00e3o para o seguinte endere\u00e7o eletr\u00f3nico: info@dagartech.com ou para a autoridade de prote\u00e7\u00e3o de dados correspondente, sendo a AEPD a indicada no territ\u00f3rio nacional, www.agpd.es.<\/p>\n<h2>Seguran\u00e7a e atualiza\u00e7\u00e3o dos seus dados pessoais<\/h2>\n<p>Para garantir a seguran\u00e7a dos seus dados pessoais, informamos que a DAGARTECH adotou todas as medidas t\u00e9cnicas e organizacionais necess\u00e1rias para garantir a seguran\u00e7a dos dados pessoais fornecidos. Tudo isto para evitar a sua altera\u00e7\u00e3o, perda e\/ou tratamento ou acesso n\u00e3o autorizado, tal como exigido por lei, embora n\u00e3o exista seguran\u00e7a absoluta.<\/p>\n<p>Para que possamos manter os seus dados pessoais atualizados, \u00e9 importante que nos informe sempre que houver uma altera\u00e7\u00e3o nos seus dados pessoais.<\/p>\n<h2>Confidencialidade<\/h2>\n<p>A DAGARTECH informa-o de que os seus dados ser\u00e3o tratados com o maior cuidado e confidencialidade por todo o pessoal envolvido em todas as fases do tratamento. N\u00e3o transmitiremos ou comunicaremos os seus dados a terceiros, exceto nos casos previstos na lei ou se o interessado nos tiver autorizado expressamente a faz\u00ea-lo.<\/p>\n","protected":false},"excerpt":{"rendered":"<p>O Regulamento (UE) 2016\/679 relativo \u00e0 prote\u00e7\u00e3o dos dados pessoais e a Lei Org\u00e2nica 3\/2018, de 5 de dezembro, relativa \u00e0 prote\u00e7\u00e3o dos dados pessoais e \u00e0 garantia dos direitos digitais, estabelecem uma nova abordagem em mat\u00e9ria de controlo e tratamento de dados pessoais. Revimos e adapt\u00e1mos a nossa pol\u00edtica de privacidade \u00e0s novas exig\u00eancias [&hellip;]<\/p>\n","protected":false},"author":1,"featured_media":0,"parent":0,"menu_order":0,"comment_status":"open","ping_status":"open","template":"page_legal.php","meta":{"_acf_changed":false,"footnotes":""},"class_list":["post-848","page","type-page","status-publish","hentry"],"acf":[],"yoast_head":"<!-- This site is optimized with the Yoast SEO plugin v23.1 - https:\/\/yoast.com\/wordpress\/plugins\/seo\/ -->\n<title>Pol\u00edtica de privacidade | Dagartech PT<\/title>\n<meta name=\"robots\" content=\"index, follow, max-snippet:-1, max-image-preview:large, max-video-preview:-1\" \/>\n<link rel=\"canonical\" href=\"https:\/\/www.dagartech.com\/pt\/politica-privacidade\/\" \/>\n<meta property=\"og:locale\" content=\"pt_PT\" \/>\n<meta property=\"og:type\" content=\"article\" \/>\n<meta property=\"og:title\" content=\"Pol\u00edtica de privacidade | Dagartech PT\" \/>\n<meta property=\"og:description\" content=\"O Regulamento (UE) 2016\/679 relativo \u00e0 prote\u00e7\u00e3o dos dados pessoais e a Lei Org\u00e2nica 3\/2018, de 5 de dezembro, relativa \u00e0 prote\u00e7\u00e3o dos dados pessoais e \u00e0 garantia dos direitos digitais, estabelecem uma nova abordagem em mat\u00e9ria de controlo e tratamento de dados pessoais. Revimos e adapt\u00e1mos a nossa pol\u00edtica de privacidade \u00e0s novas exig\u00eancias [&hellip;]\" \/>\n<meta property=\"og:url\" content=\"https:\/\/www.dagartech.com\/pt\/politica-privacidade\/\" \/>\n<meta property=\"og:site_name\" content=\"Dagartech PT\" \/>\n<meta property=\"article:publisher\" content=\"https:\/\/www.facebook.com\/dagartech\/\" \/>\n<meta property=\"article:modified_time\" content=\"2024-07-11T08:02:48+00:00\" \/>\n<meta property=\"og:image\" content=\"https:\/\/www.dagartech.com\/pt\/wp-content\/uploads\/sites\/6\/2024\/02\/Logo-dagartech.png\" \/>\n\t<meta property=\"og:image:width\" content=\"5692\" \/>\n\t<meta property=\"og:image:height\" content=\"3200\" \/>\n\t<meta property=\"og:image:type\" content=\"image\/png\" \/>\n<meta name=\"twitter:card\" content=\"summary_large_image\" \/>\n<meta name=\"twitter:site\" content=\"@dagartech\" \/>\n<meta name=\"twitter:label1\" content=\"Tempo estimado de leitura\" \/>\n\t<meta name=\"twitter:data1\" content=\"1 minuto\" \/>\n<script type=\"application\/ld+json\" class=\"yoast-schema-graph\">{\"@context\":\"https:\/\/schema.org\",\"@graph\":[{\"@type\":\"WebPage\",\"@id\":\"https:\/\/www.dagartech.com\/pt\/politica-privacidade\/\",\"url\":\"https:\/\/www.dagartech.com\/pt\/politica-privacidade\/\",\"name\":\"Pol\u00edtica de privacidade | Dagartech PT\",\"isPartOf\":{\"@id\":\"https:\/\/www.dagartech.com\/pt\/#website\"},\"datePublished\":\"2024-07-11T08:02:45+00:00\",\"dateModified\":\"2024-07-11T08:02:48+00:00\",\"breadcrumb\":{\"@id\":\"https:\/\/www.dagartech.com\/pt\/politica-privacidade\/#breadcrumb\"},\"inLanguage\":\"pt-PT\",\"potentialAction\":[{\"@type\":\"ReadAction\",\"target\":[\"https:\/\/www.dagartech.com\/pt\/politica-privacidade\/\"]}]},{\"@type\":\"BreadcrumbList\",\"@id\":\"https:\/\/www.dagartech.com\/pt\/politica-privacidade\/#breadcrumb\",\"itemListElement\":[{\"@type\":\"ListItem\",\"position\":1,\"name\":\"Portada\",\"item\":\"https:\/\/www.dagartech.com\/pt\/\"},{\"@type\":\"ListItem\",\"position\":2,\"name\":\"Pol\u00edtica de privacidade\"}]},{\"@type\":\"WebSite\",\"@id\":\"https:\/\/www.dagartech.com\/pt\/#website\",\"url\":\"https:\/\/www.dagartech.com\/pt\/\",\"name\":\"Dagartech\",\"description\":\"Somos fabricantes de Grupos Electr\u00f3genos. M\u00e1ximos est\u00e1ndares de Calidad. Elevada Fiabilidad y Seguridad. Nos adaptamos a las necesidades de cada proyecto.\",\"potentialAction\":[{\"@type\":\"SearchAction\",\"target\":{\"@type\":\"EntryPoint\",\"urlTemplate\":\"https:\/\/www.dagartech.com\/pt\/?s={search_term_string}\"},\"query-input\":\"required name=search_term_string\"}],\"inLanguage\":\"pt-PT\"}]}<\/script>\n<!-- \/ Yoast SEO plugin. -->","yoast_head_json":{"title":"Pol\u00edtica de privacidade | Dagartech PT","robots":{"index":"index","follow":"follow","max-snippet":"max-snippet:-1","max-image-preview":"max-image-preview:large","max-video-preview":"max-video-preview:-1"},"canonical":"https:\/\/www.dagartech.com\/pt\/politica-privacidade\/","og_locale":"pt_PT","og_type":"article","og_title":"Pol\u00edtica de privacidade | Dagartech PT","og_description":"O Regulamento (UE) 2016\/679 relativo \u00e0 prote\u00e7\u00e3o dos dados pessoais e a Lei Org\u00e2nica 3\/2018, de 5 de dezembro, relativa \u00e0 prote\u00e7\u00e3o dos dados pessoais e \u00e0 garantia dos direitos digitais, estabelecem uma nova abordagem em mat\u00e9ria de controlo e tratamento de dados pessoais. Revimos e adapt\u00e1mos a nossa pol\u00edtica de privacidade \u00e0s novas exig\u00eancias [&hellip;]","og_url":"https:\/\/www.dagartech.com\/pt\/politica-privacidade\/","og_site_name":"Dagartech PT","article_publisher":"https:\/\/www.facebook.com\/dagartech\/","article_modified_time":"2024-07-11T08:02:48+00:00","og_image":[{"width":5692,"height":3200,"url":"https:\/\/www.dagartech.com\/pt\/wp-content\/uploads\/sites\/6\/2024\/02\/Logo-dagartech.png","type":"image\/png"}],"twitter_card":"summary_large_image","twitter_site":"@dagartech","twitter_misc":{"Tempo estimado de leitura":"1 minuto"},"schema":{"@context":"https:\/\/schema.org","@graph":[{"@type":"WebPage","@id":"https:\/\/www.dagartech.com\/pt\/politica-privacidade\/","url":"https:\/\/www.dagartech.com\/pt\/politica-privacidade\/","name":"Pol\u00edtica de privacidade | Dagartech PT","isPartOf":{"@id":"https:\/\/www.dagartech.com\/pt\/#website"},"datePublished":"2024-07-11T08:02:45+00:00","dateModified":"2024-07-11T08:02:48+00:00","breadcrumb":{"@id":"https:\/\/www.dagartech.com\/pt\/politica-privacidade\/#breadcrumb"},"inLanguage":"pt-PT","potentialAction":[{"@type":"ReadAction","target":["https:\/\/www.dagartech.com\/pt\/politica-privacidade\/"]}]},{"@type":"BreadcrumbList","@id":"https:\/\/www.dagartech.com\/pt\/politica-privacidade\/#breadcrumb","itemListElement":[{"@type":"ListItem","position":1,"name":"Portada","item":"https:\/\/www.dagartech.com\/pt\/"},{"@type":"ListItem","position":2,"name":"Pol\u00edtica de privacidade"}]},{"@type":"WebSite","@id":"https:\/\/www.dagartech.com\/pt\/#website","url":"https:\/\/www.dagartech.com\/pt\/","name":"Dagartech","description":"Somos fabricantes de Grupos Electr\u00f3genos. M\u00e1ximos est\u00e1ndares de Calidad. Elevada Fiabilidad y Seguridad. Nos adaptamos a las necesidades de cada proyecto.","potentialAction":[{"@type":"SearchAction","target":{"@type":"EntryPoint","urlTemplate":"https:\/\/www.dagartech.com\/pt\/?s={search_term_string}"},"query-input":"required name=search_term_string"}],"inLanguage":"pt-PT"}]}},"_links":{"self":[{"href":"https:\/\/www.dagartech.com\/pt\/wp-json\/wp\/v2\/pages\/848"}],"collection":[{"href":"https:\/\/www.dagartech.com\/pt\/wp-json\/wp\/v2\/pages"}],"about":[{"href":"https:\/\/www.dagartech.com\/pt\/wp-json\/wp\/v2\/types\/page"}],"author":[{"embeddable":true,"href":"https:\/\/www.dagartech.com\/pt\/wp-json\/wp\/v2\/users\/1"}],"replies":[{"embeddable":true,"href":"https:\/\/www.dagartech.com\/pt\/wp-json\/wp\/v2\/comments?post=848"}],"version-history":[{"count":2,"href":"https:\/\/www.dagartech.com\/pt\/wp-json\/wp\/v2\/pages\/848\/revisions"}],"predecessor-version":[{"id":6610,"href":"https:\/\/www.dagartech.com\/pt\/wp-json\/wp\/v2\/pages\/848\/revisions\/6610"}],"wp:attachment":[{"href":"https:\/\/www.dagartech.com\/pt\/wp-json\/wp\/v2\/media?parent=848"}],"curies":[{"name":"wp","href":"https:\/\/api.w.org\/{rel}","templated":true}]}}