{"id":841,"date":"2024-07-12T12:04:23","date_gmt":"2024-07-12T10:04:23","guid":{"rendered":"https:\/\/www.dagartech.com\/?page_id=841"},"modified":"2024-08-07T07:35:06","modified_gmt":"2024-08-07T05:35:06","slug":"assistencia-tecnica","status":"publish","type":"page","link":"https:\/\/www.dagartech.com\/pt\/asistencia-tecnica\/","title":{"rendered":"Assist\u00eancia t\u00e9cnica"},"content":{"rendered":"","protected":false},"excerpt":{"rendered":"","protected":false},"author":1,"featured_media":0,"parent":0,"menu_order":0,"comment_status":"open","ping_status":"open","template":"page_landing-flexible.php","meta":{"_acf_changed":false,"footnotes":""},"class_list":["post-841","page","type-page","status-publish","hentry"],"acf":[],"yoast_head":"<!-- This site is optimized with the Yoast SEO plugin v23.1 - https:\/\/yoast.com\/wordpress\/plugins\/seo\/ -->\n<title>Assist\u00eancia t\u00e9cnica | Dagartech<\/title>\n<meta name=\"description\" content=\"A nossa equipa t\u00e9cnica est\u00e1 ao seu servi\u00e7o para garantir que tudo corre bem, antes, durante e ap\u00f3s a entrada em funcionamento do seu grupo gerador.\" \/>\n<meta name=\"robots\" content=\"index, follow, max-snippet:-1, max-image-preview:large, max-video-preview:-1\" \/>\n<link rel=\"canonical\" href=\"https:\/\/www.dagartech.com\/pt\/asistencia-tecnica\/\" \/>\n<meta property=\"og:locale\" content=\"pt_PT\" \/>\n<meta property=\"og:type\" content=\"article\" \/>\n<meta property=\"og:title\" content=\"Assist\u00eancia t\u00e9cnica | Dagartech\" \/>\n<meta property=\"og:description\" content=\"A nossa equipa t\u00e9cnica est\u00e1 ao seu servi\u00e7o para garantir que tudo corre bem, antes, durante e ap\u00f3s a entrada em funcionamento do seu grupo gerador.\" \/>\n<meta property=\"og:url\" content=\"https:\/\/www.dagartech.com\/pt\/asistencia-tecnica\/\" \/>\n<meta property=\"og:site_name\" content=\"Dagartech PT\" \/>\n<meta property=\"article:publisher\" content=\"https:\/\/www.facebook.com\/dagartech\/\" \/>\n<meta property=\"article:modified_time\" content=\"2024-08-07T05:35:06+00:00\" \/>\n<meta property=\"og:image\" content=\"https:\/\/www.dagartech.com\/pt\/wp-content\/uploads\/sites\/6\/2024\/02\/Logo-dagartech.png\" \/>\n\t<meta property=\"og:image:width\" content=\"5692\" \/>\n\t<meta property=\"og:image:height\" content=\"3200\" \/>\n\t<meta property=\"og:image:type\" content=\"image\/png\" \/>\n<meta name=\"twitter:card\" content=\"summary_large_image\" \/>\n<meta name=\"twitter:site\" content=\"@dagartech\" \/>\n<script type=\"application\/ld+json\" class=\"yoast-schema-graph\">{\"@context\":\"https:\/\/schema.org\",\"@graph\":[{\"@type\":\"WebPage\",\"@id\":\"https:\/\/www.dagartech.com\/pt\/asistencia-tecnica\/\",\"url\":\"https:\/\/www.dagartech.com\/pt\/asistencia-tecnica\/\",\"name\":\"Assist\u00eancia t\u00e9cnica | Dagartech\",\"isPartOf\":{\"@id\":\"https:\/\/www.dagartech.com\/pt\/#website\"},\"datePublished\":\"2024-07-12T10:04:23+00:00\",\"dateModified\":\"2024-08-07T05:35:06+00:00\",\"description\":\"A nossa equipa t\u00e9cnica est\u00e1 ao seu servi\u00e7o para garantir que tudo corre bem, antes, durante e ap\u00f3s a entrada em funcionamento do seu grupo gerador.\",\"breadcrumb\":{\"@id\":\"https:\/\/www.dagartech.com\/pt\/asistencia-tecnica\/#breadcrumb\"},\"inLanguage\":\"pt-PT\",\"potentialAction\":[{\"@type\":\"ReadAction\",\"target\":[\"https:\/\/www.dagartech.com\/pt\/asistencia-tecnica\/\"]}]},{\"@type\":\"BreadcrumbList\",\"@id\":\"https:\/\/www.dagartech.com\/pt\/asistencia-tecnica\/#breadcrumb\",\"itemListElement\":[{\"@type\":\"ListItem\",\"position\":1,\"name\":\"Portada\",\"item\":\"https:\/\/www.dagartech.com\/pt\/\"},{\"@type\":\"ListItem\",\"position\":2,\"name\":\"Assist\u00eancia t\u00e9cnica\"}]},{\"@type\":\"WebSite\",\"@id\":\"https:\/\/www.dagartech.com\/pt\/#website\",\"url\":\"https:\/\/www.dagartech.com\/pt\/\",\"name\":\"Dagartech\",\"description\":\"Somos fabricantes de Grupos Electr\u00f3genos. M\u00e1ximos est\u00e1ndares de Calidad. Elevada Fiabilidad y Seguridad. Nos adaptamos a las necesidades de cada proyecto.\",\"potentialAction\":[{\"@type\":\"SearchAction\",\"target\":{\"@type\":\"EntryPoint\",\"urlTemplate\":\"https:\/\/www.dagartech.com\/pt\/?s={search_term_string}\"},\"query-input\":\"required name=search_term_string\"}],\"inLanguage\":\"pt-PT\"}]}<\/script>\n<!-- \/ Yoast SEO plugin. -->","yoast_head_json":{"title":"Assist\u00eancia t\u00e9cnica | Dagartech","description":"A nossa equipa t\u00e9cnica est\u00e1 ao seu servi\u00e7o para garantir que tudo corre bem, antes, durante e ap\u00f3s a entrada em funcionamento do seu grupo gerador.","robots":{"index":"index","follow":"follow","max-snippet":"max-snippet:-1","max-image-preview":"max-image-preview:large","max-video-preview":"max-video-preview:-1"},"canonical":"https:\/\/www.dagartech.com\/pt\/asistencia-tecnica\/","og_locale":"pt_PT","og_type":"article","og_title":"Assist\u00eancia t\u00e9cnica | Dagartech","og_description":"A nossa equipa t\u00e9cnica est\u00e1 ao seu servi\u00e7o para garantir que tudo corre bem, antes, durante e ap\u00f3s a entrada em funcionamento do seu grupo gerador.","og_url":"https:\/\/www.dagartech.com\/pt\/asistencia-tecnica\/","og_site_name":"Dagartech PT","article_publisher":"https:\/\/www.facebook.com\/dagartech\/","article_modified_time":"2024-08-07T05:35:06+00:00","og_image":[{"width":5692,"height":3200,"url":"https:\/\/www.dagartech.com\/pt\/wp-content\/uploads\/sites\/6\/2024\/02\/Logo-dagartech.png","type":"image\/png"}],"twitter_card":"summary_large_image","twitter_site":"@dagartech","schema":{"@context":"https:\/\/schema.org","@graph":[{"@type":"WebPage","@id":"https:\/\/www.dagartech.com\/pt\/asistencia-tecnica\/","url":"https:\/\/www.dagartech.com\/pt\/asistencia-tecnica\/","name":"Assist\u00eancia t\u00e9cnica | Dagartech","isPartOf":{"@id":"https:\/\/www.dagartech.com\/pt\/#website"},"datePublished":"2024-07-12T10:04:23+00:00","dateModified":"2024-08-07T05:35:06+00:00","description":"A nossa equipa t\u00e9cnica est\u00e1 ao seu servi\u00e7o para garantir que tudo corre bem, antes, durante e ap\u00f3s a entrada em funcionamento do seu grupo gerador.","breadcrumb":{"@id":"https:\/\/www.dagartech.com\/pt\/asistencia-tecnica\/#breadcrumb"},"inLanguage":"pt-PT","potentialAction":[{"@type":"ReadAction","target":["https:\/\/www.dagartech.com\/pt\/asistencia-tecnica\/"]}]},{"@type":"BreadcrumbList","@id":"https:\/\/www.dagartech.com\/pt\/asistencia-tecnica\/#breadcrumb","itemListElement":[{"@type":"ListItem","position":1,"name":"Portada","item":"https:\/\/www.dagartech.com\/pt\/"},{"@type":"ListItem","position":2,"name":"Assist\u00eancia t\u00e9cnica"}]},{"@type":"WebSite","@id":"https:\/\/www.dagartech.com\/pt\/#website","url":"https:\/\/www.dagartech.com\/pt\/","name":"Dagartech","description":"Somos fabricantes de Grupos Electr\u00f3genos. M\u00e1ximos est\u00e1ndares de Calidad. Elevada Fiabilidad y Seguridad. Nos adaptamos a las necesidades de cada proyecto.","potentialAction":[{"@type":"SearchAction","target":{"@type":"EntryPoint","urlTemplate":"https:\/\/www.dagartech.com\/pt\/?s={search_term_string}"},"query-input":"required name=search_term_string"}],"inLanguage":"pt-PT"}]}},"_links":{"self":[{"href":"https:\/\/www.dagartech.com\/pt\/wp-json\/wp\/v2\/pages\/841"}],"collection":[{"href":"https:\/\/www.dagartech.com\/pt\/wp-json\/wp\/v2\/pages"}],"about":[{"href":"https:\/\/www.dagartech.com\/pt\/wp-json\/wp\/v2\/types\/page"}],"author":[{"embeddable":true,"href":"https:\/\/www.dagartech.com\/pt\/wp-json\/wp\/v2\/users\/1"}],"replies":[{"embeddable":true,"href":"https:\/\/www.dagartech.com\/pt\/wp-json\/wp\/v2\/comments?post=841"}],"version-history":[{"count":6,"href":"https:\/\/www.dagartech.com\/pt\/wp-json\/wp\/v2\/pages\/841\/revisions"}],"predecessor-version":[{"id":7194,"href":"https:\/\/www.dagartech.com\/pt\/wp-json\/wp\/v2\/pages\/841\/revisions\/7194"}],"wp:attachment":[{"href":"https:\/\/www.dagartech.com\/pt\/wp-json\/wp\/v2\/media?parent=841"}],"curies":[{"name":"wp","href":"https:\/\/api.w.org\/{rel}","templated":true}]}}