{"id":1064,"date":"2024-07-11T10:02:45","date_gmt":"2024-07-11T08:02:45","guid":{"rendered":"https:\/\/www.dagartech.com\/?page_id=1064"},"modified":"2024-07-11T10:02:50","modified_gmt":"2024-07-11T08:02:50","slug":"registo","status":"publish","type":"page","link":"https:\/\/www.dagartech.com\/pt\/registro\/","title":{"rendered":"Registo"},"content":{"rendered":"<div class=\"woocommerce-notices-wrapper\"><\/div><form method=\"post\" class=\"woocommerce-form woocommerce-form-register register forms\">\n\t\t<div class=\"intro-page-register\">\n\t\t\t<p class=\"intro-page-register__title\">Preencha os dados para criar uma conta<\/p>\n\t\t<\/div>\n\t\t\t\t<p class=\"woocommerce-form-row woocommerce-form-row--wide form-row form-row-wide\">\n\t\t<input type=\"text\" class=\"woocommerce-Input woocommerce-Input--text input-text\" name=\"billing_first_name\" placeholder=\"Nome\" id=\"billing_first_name\" autocomplete=\"billing_first_name\" value=\"\"\/>\n\t<\/p>\n\n\t<p class=\"woocommerce-form-row woocommerce-form-row--wide form-row form-row-wide\">\n\t\t<input type=\"text\" class=\"woocommerce-Input woocommerce-Input--text input-text\" name=\"billing_last_name\" placeholder=\"Apelido\" id=\"billing_last_name\" autocomplete=\"billing_last_name\" value=\"\"\/>\n\t<\/p>\n\n\t<p class=\"woocommerce-form-row woocommerce-form-row--wide forms-group forms-group--select form-row form-row-wide\">\n\t\t<select type=\"text\" class=\"woocommerce-Input woocommerce-Input--select input-select\" name=\"type\" placeholder=\"Client type\" id=\"type\" autocomplete=\"type\" value=\"\">\n\t\t\t<option value=\"Ind&#xFA;stria\">Ind\u00fastria<\/option>\n\t\t\t<option value=\"Habita&#xE7;&#xF5;es\">Habita\u00e7\u00f5es<\/option>\n\t\t\t<option value=\"Hospitalar\">Hospitalar<\/option>\n\t\t\t<option value=\"Equipamento\">Equipamento<\/option>\n\t\t\t<option value=\"Aluguer de maquinaria\">Aluguer de maquinaria<\/option>\n\t\t\t<option value=\"Agricultura e pecu&#xE1;ria\">Agricultura e pecu\u00e1ria<\/option>\n\t\t\t<option value=\"Hotelaria\">Hotelaria<\/option>\n\t\t\t<option value=\"Constru&#xE7;&#xE3;o\">Constru\u00e7\u00e3o<\/option>\n\t\t\t<option value=\"Infraestrutura\">Infraestrutura<\/option>\n\t\t\t<option value=\"CPDs\">CPDs<\/option>\n\t\t<\/select>\n\t<\/p>\n\n\t\n\t\t<p class=\"woocommerce-form-row woocommerce-form-row--wide form-row form-row-wide\">\n\t\t\t<input type=\"text\" class=\"woocommerce-Input woocommerce-Input--text input-text\" placeholder=\"Nome de utilizador*\" name=\"username\" id=\"reg_username\" autocomplete=\"username\" value=\"\"\/>\t\t<\/p>\n\n\t\n\t<p class=\"woocommerce-form-row woocommerce-form-row--wide form-row form-row-wide\">\n\t\t<input type=\"email\" class=\"woocommerce-Input woocommerce-Input--text input-text\" name=\"email\" placeholder=\"Endere&#xE7;o de email*\" id=\"reg_email\" autocomplete=\"email\" value=\"\"\/>\t<\/p>\n\n\t\n\t\t<p class=\"woocommerce-form-row woocommerce-form-row--wide form-row form-row-wide\">\n\t\t\t<input type=\"password\" class=\"woocommerce-Input woocommerce-Input--text input-text\" placeholder=\"Senha\" name=\"password\" id=\"reg_password\" autocomplete=\"new-password\"\/>\n\t\t<\/p>\n\n\t\n\t<p class=\"woocommerce-form-row woocommerce-form-row--wide form-row form-row-wide\">\n\t\t<input type=\"text\" class=\"woocommerce-Input woocommerce-Input--text input-text\" name=\"billing_phone\" placeholder=\"Telefone\" id=\"billing_phone\" autocomplete=\"billing_phone\" value=\"\"\/>\n\t<\/p>\n\n\t<p class=\"woocommerce-form-row woocommerce-form-row--wide form-row form-row-wide\">\n\t\t<input type=\"text\" class=\"woocommerce-Input woocommerce-Input--text input-text\" name=\"url\" placeholder=\"Web\" id=\"url\" autocomplete=\"url\" value=\"\"\/>\n\t<\/p>\n\n\t<p class=\"woocommerce-form-row woocommerce-form-row--wide form-row form-row-wide\">\n\t\t<input type=\"text\" class=\"woocommerce-Input woocommerce-Input--text input-text\" name=\"billing_company\" placeholder=\"Empresa\" id=\"billing_company\" autocomplete=\"billing_company\" value=\"\"\/>\n\t<\/p>\n\n\t<p class=\"woocommerce-form-row woocommerce-form-row--wide form-row form-row-wide\">\n\t\t<input type=\"text\" class=\"woocommerce-Input woocommerce-Input--text input-text\" name=\"nif\" placeholder=\"Nif\/Cif\" id=\"nif\" autocomplete=\"nif\" value=\"\"\/>\n\t<\/p>\n\n\t<p class=\"woocommerce-form-row woocommerce-form-row--wide form-row form-row-wide\">\n\t\t<input type=\"text\" class=\"woocommerce-Input woocommerce-Input--text input-text\" name=\"billing_address_1\" placeholder=\"Endere&#xE7;o\" id=\"billing_address_1\" autocomplete=\"billing_address_1\" value=\"\"\/>\n\t<\/p>\n\n\t<p class=\"woocommerce-form-row woocommerce-form-row--wide form-row form-row-wide\">\n\t\t<input type=\"text\" class=\"woocommerce-Input woocommerce-Input--text input-text\" name=\"billing_city\" placeholder=\"Cidade\" id=\"billing_city\" autocomplete=\"billing_city\" value=\"\"\/>\n\t<\/p>\n\n\t<p class=\"woocommerce-form-row woocommerce-form-row--wide form-row form-row-wide\">\n\t\t<input type=\"text\" class=\"woocommerce-Input woocommerce-Input--text input-text\" name=\"billing_postcode\" placeholder=\"C&#xF3;digo postal\" id=\"billing_postcode\" autocomplete=\"billing_postcode\" value=\"\"\/>\n\t<\/p>\n\t\t<p class=\"woocommerce-form-row woocommerce-form-row--wide forms-group forms-group--select form-row form-row-wide\">\n\t\t<select type=\"text\" class=\"woocommerce-Input woocommerce-Input--select input-select\" name=\"billing_country\" placeholder=\"Country\" id=\"billing_country\" autocomplete=\"billing_country\" value=\"\">\n\t\t\t\t\t<option value=\"AF\">Afeganist\u00e3o<\/option>\t\t\t\t\t<option value=\"ZA\">\u00c1frica do Sul<\/option>\t\t\t\t\t<option value=\"AX\">\u00c5land Islands<\/option>\t\t\t\t\t<option value=\"AL\">Alb\u00e2nia<\/option>\t\t\t\t\t<option value=\"DE\">Alemanha<\/option>\t\t\t\t\t<option value=\"AD\">Andorra<\/option>\t\t\t\t\t<option value=\"AO\">Angola<\/option>\t\t\t\t\t<option value=\"AI\">Anguila<\/option>\t\t\t\t\t<option value=\"AQ\">Ant\u00e1rctida<\/option>\t\t\t\t\t<option value=\"AG\">Ant\u00edgua e Barbuda<\/option>\t\t\t\t\t<option value=\"SA\">Ar\u00e1bia Saudita<\/option>\t\t\t\t\t<option value=\"DZ\">Arg\u00e9lia<\/option>\t\t\t\t\t<option value=\"AR\">Argentina<\/option>\t\t\t\t\t<option value=\"AM\">Arm\u00e9nia<\/option>\t\t\t\t\t<option value=\"AW\">Aruba<\/option>\t\t\t\t\t<option value=\"AU\">Austr\u00e1lia<\/option>\t\t\t\t\t<option value=\"AT\">\u00c1ustria<\/option>\t\t\t\t\t<option value=\"AZ\">Azerbaij\u00e3o<\/option>\t\t\t\t\t<option value=\"BS\">Bahamas<\/option>\t\t\t\t\t<option value=\"BH\">Bahrein<\/option>\t\t\t\t\t<option value=\"BD\">Bangladesh<\/option>\t\t\t\t\t<option value=\"BB\">Barbados<\/option>\t\t\t\t\t<option value=\"PW\">Belau<\/option>\t\t\t\t\t<option value=\"BE\">B\u00e9lgica<\/option>\t\t\t\t\t<option value=\"BZ\">Belize<\/option>\t\t\t\t\t<option value=\"BJ\">Benim<\/option>\t\t\t\t\t<option value=\"BM\">Bermudas<\/option>\t\t\t\t\t<option value=\"BY\">Bielorr\u00fassia<\/option>\t\t\t\t\t<option value=\"BO\">Bol\u00edvia<\/option>\t\t\t\t\t<option value=\"BQ\">Bonaire, Saint Eustatius e Saba<\/option>\t\t\t\t\t<option value=\"BA\">B\u00f3snia e Herzegovina<\/option>\t\t\t\t\t<option value=\"BW\">Botsuana<\/option>\t\t\t\t\t<option value=\"BR\">Brasil<\/option>\t\t\t\t\t<option value=\"BN\">Brunei<\/option>\t\t\t\t\t<option value=\"BG\">Bulg\u00e1ria<\/option>\t\t\t\t\t<option value=\"BF\">Burquina Faso<\/option>\t\t\t\t\t<option value=\"BI\">Burundi<\/option>\t\t\t\t\t<option value=\"BT\">But\u00e3o<\/option>\t\t\t\t\t<option value=\"CV\">Cabo Verde<\/option>\t\t\t\t\t<option value=\"CM\">Camar\u00f5es<\/option>\t\t\t\t\t<option value=\"KH\">Camboja<\/option>\t\t\t\t\t<option value=\"CA\">Canad\u00e1<\/option>\t\t\t\t\t<option value=\"QA\">Catar<\/option>\t\t\t\t\t<option value=\"KZ\">Cazaquist\u00e3o<\/option>\t\t\t\t\t<option value=\"TD\">Chade<\/option>\t\t\t\t\t<option value=\"CZ\">Ch\u00e9quia<\/option>\t\t\t\t\t<option value=\"CL\">Chile<\/option>\t\t\t\t\t<option value=\"CN\">China<\/option>\t\t\t\t\t<option value=\"CY\">Chipre<\/option>\t\t\t\t\t<option value=\"CO\">Col\u00f4mbia<\/option>\t\t\t\t\t<option value=\"KM\">Comores<\/option>\t\t\t\t\t<option value=\"MP\">Comunidade das Ilhas Marianas Setentrionais<\/option>\t\t\t\t\t<option value=\"CG\">Congo (Brazzaville)<\/option>\t\t\t\t\t<option value=\"CD\">Congo (Kinshasa)<\/option>\t\t\t\t\t<option value=\"KP\">Coreia do Norte<\/option>\t\t\t\t\t<option value=\"KR\">Coreia do Sul<\/option>\t\t\t\t\t<option value=\"CI\">Costa do Marfim<\/option>\t\t\t\t\t<option value=\"CR\">Costa Rica<\/option>\t\t\t\t\t<option value=\"HR\">Cro\u00e1cia<\/option>\t\t\t\t\t<option value=\"CU\">Cuba<\/option>\t\t\t\t\t<option value=\"CW\">Cura\u00e7ao<\/option>\t\t\t\t\t<option value=\"DK\">Dinamarca<\/option>\t\t\t\t\t<option value=\"DM\">Dom\u00ednica<\/option>\t\t\t\t\t<option value=\"EG\">Egito<\/option>\t\t\t\t\t<option value=\"AE\">Emirados \u00c1rabes Unidos<\/option>\t\t\t\t\t<option value=\"EC\">Equador<\/option>\t\t\t\t\t<option value=\"ER\">Eritreia<\/option>\t\t\t\t\t<option value=\"SK\">Eslov\u00e1quia<\/option>\t\t\t\t\t<option value=\"SI\">Eslov\u00e9nia<\/option>\t\t\t\t\t<option value=\"ES\">Espanha<\/option>\t\t\t\t\t<option value=\"US\">Estados Unidos (US)<\/option>\t\t\t\t\t<option value=\"EE\">Est\u00f3nia<\/option>\t\t\t\t\t<option value=\"SZ\">Eswatini<\/option>\t\t\t\t\t<option value=\"ET\">Eti\u00f3pia<\/option>\t\t\t\t\t<option value=\"FO\">Faro\u00e9<\/option>\t\t\t\t\t<option value=\"FJ\">Fiji<\/option>\t\t\t\t\t<option value=\"PH\">Filipinas<\/option>\t\t\t\t\t<option value=\"FI\">Finl\u00e2ndia<\/option>\t\t\t\t\t<option value=\"FR\">Fran\u00e7a<\/option>\t\t\t\t\t<option value=\"GA\">Gab\u00e3o<\/option>\t\t\t\t\t<option value=\"GM\">G\u00e2mbia<\/option>\t\t\t\t\t<option value=\"GH\">Gana<\/option>\t\t\t\t\t<option value=\"GE\">Ge\u00f3rgia<\/option>\t\t\t\t\t<option value=\"GI\">Gibraltar<\/option>\t\t\t\t\t<option value=\"GD\">Granada<\/option>\t\t\t\t\t<option value=\"GR\">Gr\u00e9cia<\/option>\t\t\t\t\t<option value=\"GL\">Gronel\u00e2ndia<\/option>\t\t\t\t\t<option value=\"GP\">Guadalupe<\/option>\t\t\t\t\t<option value=\"GU\">Guam<\/option>\t\t\t\t\t<option value=\"GT\">Guatemala<\/option>\t\t\t\t\t<option value=\"GG\">Guernesey<\/option>\t\t\t\t\t<option value=\"GY\">Guiana<\/option>\t\t\t\t\t<option value=\"GF\">Guiana Francesa<\/option>\t\t\t\t\t<option value=\"GN\">Guin\u00e9<\/option>\t\t\t\t\t<option value=\"GQ\">Guin\u00e9 Equatorial<\/option>\t\t\t\t\t<option value=\"GW\">Guin\u00e9-Bissau<\/option>\t\t\t\t\t<option value=\"HT\">Haiti<\/option>\t\t\t\t\t<option value=\"HN\">Honduras<\/option>\t\t\t\t\t<option value=\"HK\">Hong Kong<\/option>\t\t\t\t\t<option value=\"HU\">Hungria<\/option>\t\t\t\t\t<option value=\"YE\">I\u00e9men<\/option>\t\t\t\t\t<option value=\"BV\">Ilha Bouvet<\/option>\t\t\t\t\t<option value=\"IM\">Ilha de Man<\/option>\t\t\t\t\t<option value=\"CX\">Ilha do Natal<\/option>\t\t\t\t\t<option value=\"HM\">Ilha Heard e Ilhas McDonald<\/option>\t\t\t\t\t<option value=\"NF\">Ilha Norfolk<\/option>\t\t\t\t\t<option value=\"KY\">Ilhas Caim\u00e3o<\/option>\t\t\t\t\t<option value=\"CK\">Ilhas Cook<\/option>\t\t\t\t\t<option value=\"CC\">Ilhas dos Cocos<\/option>\t\t\t\t\t<option value=\"FK\">Ilhas Falkland<\/option>\t\t\t\t\t<option value=\"GS\">Ilhas Ge\u00f3rgia do Sul e Sandwich do Sul<\/option>\t\t\t\t\t<option value=\"MH\">Ilhas Marshall<\/option>\t\t\t\t\t<option value=\"UM\">Ilhas Menores Distantes dos Estados Unidos<\/option>\t\t\t\t\t<option value=\"PN\">Ilhas Pitcairn<\/option>\t\t\t\t\t<option value=\"SB\">Ilhas Salom\u00e3o<\/option>\t\t\t\t\t<option value=\"TC\">Ilhas Turcas e Caicos<\/option>\t\t\t\t\t<option value=\"IN\">\u00cdndia<\/option>\t\t\t\t\t<option value=\"ID\">Indon\u00e9sia<\/option>\t\t\t\t\t<option value=\"IR\">Ir\u00e3o<\/option>\t\t\t\t\t<option value=\"IQ\">Iraque<\/option>\t\t\t\t\t<option value=\"IE\">Irlanda<\/option>\t\t\t\t\t<option value=\"IS\">Isl\u00e2ndia<\/option>\t\t\t\t\t<option value=\"IL\">Israel<\/option>\t\t\t\t\t<option value=\"IT\">It\u00e1lia<\/option>\t\t\t\t\t<option value=\"JM\">Jamaica<\/option>\t\t\t\t\t<option value=\"JP\">Jap\u00e3o<\/option>\t\t\t\t\t<option value=\"JE\">Jersey<\/option>\t\t\t\t\t<option value=\"DJ\">Jibuti<\/option>\t\t\t\t\t<option value=\"JO\">Jord\u00e2nia<\/option>\t\t\t\t\t<option value=\"KW\">Koweit<\/option>\t\t\t\t\t<option value=\"LA\">Laos<\/option>\t\t\t\t\t<option value=\"LS\">Lesoto<\/option>\t\t\t\t\t<option value=\"LV\">Let\u00f3nia<\/option>\t\t\t\t\t<option value=\"LB\">L\u00edbano<\/option>\t\t\t\t\t<option value=\"LR\">Lib\u00e9ria<\/option>\t\t\t\t\t<option value=\"LY\">L\u00edbia<\/option>\t\t\t\t\t<option value=\"LI\">Listenstaine<\/option>\t\t\t\t\t<option value=\"LT\">Litu\u00e2nia<\/option>\t\t\t\t\t<option value=\"LU\">Luxemburgo<\/option>\t\t\t\t\t<option value=\"MO\">Macau<\/option>\t\t\t\t\t<option value=\"MG\">Madag\u00e1scar<\/option>\t\t\t\t\t<option value=\"YT\">Maiote<\/option>\t\t\t\t\t<option value=\"MY\">Mal\u00e1sia<\/option>\t\t\t\t\t<option value=\"MW\">Mal\u00e1ui<\/option>\t\t\t\t\t<option value=\"MV\">Maldivas<\/option>\t\t\t\t\t<option value=\"ML\">Mali<\/option>\t\t\t\t\t<option value=\"MT\">Malta<\/option>\t\t\t\t\t<option value=\"MA\">Marrocos<\/option>\t\t\t\t\t<option value=\"MQ\">Martinica<\/option>\t\t\t\t\t<option value=\"MU\">Maur\u00edcia<\/option>\t\t\t\t\t<option value=\"MR\">Maurit\u00e2nia<\/option>\t\t\t\t\t<option value=\"MX\">M\u00e9xico<\/option>\t\t\t\t\t<option value=\"MM\">Mianmar\/Birm\u00e2nia<\/option>\t\t\t\t\t<option value=\"FM\">Micron\u00e9sia<\/option>\t\t\t\t\t<option value=\"MZ\">Mo\u00e7ambique<\/option>\t\t\t\t\t<option value=\"MD\">Mold\u00e1via<\/option>\t\t\t\t\t<option value=\"MC\">M\u00f3naco<\/option>\t\t\t\t\t<option value=\"MN\">Mong\u00f3lia<\/option>\t\t\t\t\t<option value=\"MS\">Monserrate<\/option>\t\t\t\t\t<option value=\"ME\">Montenegro<\/option>\t\t\t\t\t<option value=\"NA\">Nam\u00edbia<\/option>\t\t\t\t\t<option value=\"NR\">Nauru<\/option>\t\t\t\t\t<option value=\"NP\">Nepal<\/option>\t\t\t\t\t<option value=\"NI\">Nicar\u00e1gua<\/option>\t\t\t\t\t<option value=\"NE\">N\u00edger<\/option>\t\t\t\t\t<option value=\"NG\">Nig\u00e9ria<\/option>\t\t\t\t\t<option value=\"NU\">Niu\u00ea<\/option>\t\t\t\t\t<option value=\"MK\">North Macedonia<\/option>\t\t\t\t\t<option value=\"NO\">Noruega<\/option>\t\t\t\t\t<option value=\"NC\">Nova Caled\u00f3nia<\/option>\t\t\t\t\t<option value=\"NZ\">Nova Zel\u00e2ndia<\/option>\t\t\t\t\t<option value=\"OM\">Om\u00e3<\/option>\t\t\t\t\t<option value=\"NL\">Pa\u00edses Baixos<\/option>\t\t\t\t\t<option value=\"PA\">Panam\u00e1<\/option>\t\t\t\t\t<option value=\"PG\">Papua-Nova Guin\u00e9<\/option>\t\t\t\t\t<option value=\"PK\">Paquist\u00e3o<\/option>\t\t\t\t\t<option value=\"PY\">Paraguai<\/option>\t\t\t\t\t<option value=\"PE\">Peru<\/option>\t\t\t\t\t<option value=\"PF\">Polin\u00e9sia Francesa<\/option>\t\t\t\t\t<option value=\"PL\">Pol\u00f3nia<\/option>\t\t\t\t\t<option value=\"PR\">Porto Rico<\/option>\t\t\t\t\t<option value=\"PT\">Portugal<\/option>\t\t\t\t\t<option value=\"KE\">Qu\u00e9nia<\/option>\t\t\t\t\t<option value=\"KG\">Quirguist\u00e3o<\/option>\t\t\t\t\t<option value=\"KI\">Quirib\u00e1ti<\/option>\t\t\t\t\t<option value=\"GB\">Reino Unido (UK)<\/option>\t\t\t\t\t<option value=\"CF\">Rep\u00fablica Centro-Africana<\/option>\t\t\t\t\t<option value=\"DO\">Rep\u00fablica Dominicana<\/option>\t\t\t\t\t<option value=\"RE\">Reuni\u00e3o<\/option>\t\t\t\t\t<option value=\"RO\">Rom\u00e9nia<\/option>\t\t\t\t\t<option value=\"RW\">Ruanda<\/option>\t\t\t\t\t<option value=\"RU\">R\u00fassia<\/option>\t\t\t\t\t<option value=\"ST\">S\u00e3o Tom\u00e9 e Pr\u00edncipe<\/option>\t\t\t\t\t<option value=\"SV\">Salvador<\/option>\t\t\t\t\t<option value=\"WS\">Samoa<\/option>\t\t\t\t\t<option value=\"AS\">Samoa Americana<\/option>\t\t\t\t\t<option value=\"SH\">Santa Helena<\/option>\t\t\t\t\t<option value=\"LC\">Santa L\u00facia<\/option>\t\t\t\t\t<option value=\"BL\">S\u00e3o Bartolomeu<\/option>\t\t\t\t\t<option value=\"KN\">S\u00e3o Crist\u00f3v\u00e3o e Neves<\/option>\t\t\t\t\t<option value=\"SM\">S\u00e3o Marinho<\/option>\t\t\t\t\t<option value=\"MF\">S\u00e3o Martinho<\/option>\t\t\t\t\t<option value=\"SX\">S\u00e3o Martinho (Antilhas Holandesas)<\/option>\t\t\t\t\t<option value=\"PM\">S\u00e3o Pedro e Miquel\u00e3o<\/option>\t\t\t\t\t<option value=\"VC\">S\u00e3o Vicente e Granadinas<\/option>\t\t\t\t\t<option value=\"EH\">Sara Ocidental<\/option>\t\t\t\t\t<option value=\"SC\">Seicheles<\/option>\t\t\t\t\t<option value=\"SN\">Senegal<\/option>\t\t\t\t\t<option value=\"SL\">Serra Leoa<\/option>\t\t\t\t\t<option value=\"RS\">S\u00e9rvia<\/option>\t\t\t\t\t<option value=\"SG\">Singapura<\/option>\t\t\t\t\t<option value=\"SY\">S\u00edria<\/option>\t\t\t\t\t<option value=\"SO\">Som\u00e1lia<\/option>\t\t\t\t\t<option value=\"LK\">Sri Lanca<\/option>\t\t\t\t\t<option value=\"SD\">Sud\u00e3o<\/option>\t\t\t\t\t<option value=\"SS\">Sud\u00e3o do Sul<\/option>\t\t\t\t\t<option value=\"SE\">Su\u00e9cia<\/option>\t\t\t\t\t<option value=\"CH\">Su\u00ed\u00e7a<\/option>\t\t\t\t\t<option value=\"SR\">Suriname<\/option>\t\t\t\t\t<option value=\"SJ\">Svalbard e Jan Mayen<\/option>\t\t\t\t\t<option value=\"TH\">Tail\u00e2ndia<\/option>\t\t\t\t\t<option value=\"TW\">Taiwan<\/option>\t\t\t\t\t<option value=\"TJ\">Tajiquist\u00e3o<\/option>\t\t\t\t\t<option value=\"TZ\">Tanz\u00e2nia<\/option>\t\t\t\t\t<option value=\"TF\">Terras Austrais e Ant\u00e1rticas Francesas<\/option>\t\t\t\t\t<option value=\"IO\">Territ\u00f3rio Brit\u00e2nico do Oceano \u00cdndico<\/option>\t\t\t\t\t<option value=\"PS\">Territ\u00f3rio Palestiniano<\/option>\t\t\t\t\t<option value=\"TL\">Timor-Leste<\/option>\t\t\t\t\t<option value=\"TG\">Togo<\/option>\t\t\t\t\t<option value=\"TO\">Tonga<\/option>\t\t\t\t\t<option value=\"TK\">Toquelau<\/option>\t\t\t\t\t<option value=\"TT\">Trindade e Tobago<\/option>\t\t\t\t\t<option value=\"TN\">Tun\u00edsia<\/option>\t\t\t\t\t<option value=\"TM\">Turquemenist\u00e3o<\/option>\t\t\t\t\t<option value=\"TR\">Turquia<\/option>\t\t\t\t\t<option value=\"TV\">Tuvalu<\/option>\t\t\t\t\t<option value=\"UA\">Ucr\u00e2nia<\/option>\t\t\t\t\t<option value=\"UG\">Uganda<\/option>\t\t\t\t\t<option value=\"UY\">Uruguai<\/option>\t\t\t\t\t<option value=\"UZ\">Usbequist\u00e3o<\/option>\t\t\t\t\t<option value=\"VU\">Vanuatu<\/option>\t\t\t\t\t<option value=\"VA\">Vaticano<\/option>\t\t\t\t\t<option value=\"VE\">Venezuela<\/option>\t\t\t\t\t<option value=\"VN\">Vietname<\/option>\t\t\t\t\t<option value=\"VG\">Virgin Islands (British)<\/option>\t\t\t\t\t<option value=\"VI\">Virgin Islands (US)<\/option>\t\t\t\t\t<option value=\"WF\">Wallis e Futuna<\/option>\t\t\t\t\t<option value=\"ZM\">Z\u00e2mbia<\/option>\t\t\t\t\t<option value=\"ZW\">Zimbabu\u00e9<\/option>\t\t\t\t<\/select>\n\t<\/p>\n\t<p class=\"woocommerce-form-row form-row\">\n\t\t<input type=\"hidden\" id=\"woocommerce-register-nonce\" name=\"woocommerce-register-nonce\" value=\"33b595c925\"\/><input type=\"hidden\" name=\"_wp_http_referer\" value=\"\/pt\/wp-json\/wp\/v2\/pages\/1064\"\/>\t\t<button type=\"submit\" class=\"woocommerce-Button woocommerce-button button woocommerce-form-register__submit\" name=\"register\" value=\"Registar nova conta\">Registar nova conta<\/button>\n\t<\/p>\n\n\t\t\t\t<wc-order-attribution-inputs\/><div class=\"woocommerce-privacy-policy-text\"><p>Tus datos personales se utilizar\u00e1n para procesar tu pedido, mejorar tu experiencia en esta web, gestionar el acceso a tu cuenta y otros prop\u00f3sitos descritos en nuestra <a href=\"https:\/\/www.dagartech.com\/pt\/politica-privacidade\/\" class=\"woocommerce-privacy-policy-link\" target=\"_blank\">pol\u00edtica de privacidade<\/a>.<\/p>\n<\/div>\t\t\t\n\t\t<\/form>\n","protected":false},"excerpt":{"rendered":"","protected":false},"author":1,"featured_media":0,"parent":0,"menu_order":0,"comment_status":"open","ping_status":"open","template":"page_register.php","meta":{"_acf_changed":false,"footnotes":""},"class_list":["post-1064","page","type-page","status-publish","hentry"],"acf":[],"yoast_head":"<!-- This site is optimized with the Yoast SEO plugin v23.1 - https:\/\/yoast.com\/wordpress\/plugins\/seo\/ -->\n<title>Registo | Dagartech PT<\/title>\n<meta name=\"robots\" content=\"index, follow, max-snippet:-1, max-image-preview:large, max-video-preview:-1\" \/>\n<link rel=\"canonical\" href=\"https:\/\/www.dagartech.com\/pt\/registro\/\" \/>\n<meta property=\"og:locale\" content=\"pt_PT\" \/>\n<meta property=\"og:type\" content=\"article\" \/>\n<meta property=\"og:title\" content=\"Registo | Dagartech PT\" \/>\n<meta property=\"og:url\" content=\"https:\/\/www.dagartech.com\/pt\/registro\/\" \/>\n<meta property=\"og:site_name\" content=\"Dagartech PT\" \/>\n<meta property=\"article:publisher\" content=\"https:\/\/www.facebook.com\/dagartech\/\" \/>\n<meta property=\"article:modified_time\" content=\"2024-07-11T08:02:50+00:00\" \/>\n<meta property=\"og:image\" content=\"https:\/\/www.dagartech.com\/pt\/wp-content\/uploads\/sites\/6\/2024\/02\/Logo-dagartech.png\" \/>\n\t<meta property=\"og:image:width\" content=\"5692\" \/>\n\t<meta property=\"og:image:height\" content=\"3200\" \/>\n\t<meta property=\"og:image:type\" content=\"image\/png\" \/>\n<meta name=\"twitter:card\" content=\"summary_large_image\" \/>\n<meta name=\"twitter:site\" content=\"@dagartech\" \/>\n<meta name=\"twitter:label1\" content=\"Tempo estimado de leitura\" \/>\n\t<meta name=\"twitter:data1\" content=\"1 minuto\" \/>\n<script type=\"application\/ld+json\" class=\"yoast-schema-graph\">{\"@context\":\"https:\/\/schema.org\",\"@graph\":[{\"@type\":\"WebPage\",\"@id\":\"https:\/\/www.dagartech.com\/pt\/registro\/\",\"url\":\"https:\/\/www.dagartech.com\/pt\/registro\/\",\"name\":\"Registo | Dagartech PT\",\"isPartOf\":{\"@id\":\"https:\/\/www.dagartech.com\/pt\/#website\"},\"datePublished\":\"2024-07-11T08:02:45+00:00\",\"dateModified\":\"2024-07-11T08:02:50+00:00\",\"breadcrumb\":{\"@id\":\"https:\/\/www.dagartech.com\/pt\/registro\/#breadcrumb\"},\"inLanguage\":\"pt-PT\",\"potentialAction\":[{\"@type\":\"ReadAction\",\"target\":[\"https:\/\/www.dagartech.com\/pt\/registro\/\"]}]},{\"@type\":\"BreadcrumbList\",\"@id\":\"https:\/\/www.dagartech.com\/pt\/registro\/#breadcrumb\",\"itemListElement\":[{\"@type\":\"ListItem\",\"position\":1,\"name\":\"Portada\",\"item\":\"https:\/\/www.dagartech.com\/pt\/\"},{\"@type\":\"ListItem\",\"position\":2,\"name\":\"Registo\"}]},{\"@type\":\"WebSite\",\"@id\":\"https:\/\/www.dagartech.com\/pt\/#website\",\"url\":\"https:\/\/www.dagartech.com\/pt\/\",\"name\":\"Dagartech\",\"description\":\"Somos fabricantes de Grupos Electr\u00f3genos. M\u00e1ximos est\u00e1ndares de Calidad. Elevada Fiabilidad y Seguridad. Nos adaptamos a las necesidades de cada proyecto.\",\"potentialAction\":[{\"@type\":\"SearchAction\",\"target\":{\"@type\":\"EntryPoint\",\"urlTemplate\":\"https:\/\/www.dagartech.com\/pt\/?s={search_term_string}\"},\"query-input\":\"required name=search_term_string\"}],\"inLanguage\":\"pt-PT\"}]}<\/script>\n<!-- \/ Yoast SEO plugin. -->","yoast_head_json":{"title":"Registo | Dagartech PT","robots":{"index":"index","follow":"follow","max-snippet":"max-snippet:-1","max-image-preview":"max-image-preview:large","max-video-preview":"max-video-preview:-1"},"canonical":"https:\/\/www.dagartech.com\/pt\/registro\/","og_locale":"pt_PT","og_type":"article","og_title":"Registo | Dagartech PT","og_url":"https:\/\/www.dagartech.com\/pt\/registro\/","og_site_name":"Dagartech PT","article_publisher":"https:\/\/www.facebook.com\/dagartech\/","article_modified_time":"2024-07-11T08:02:50+00:00","og_image":[{"width":5692,"height":3200,"url":"https:\/\/www.dagartech.com\/pt\/wp-content\/uploads\/sites\/6\/2024\/02\/Logo-dagartech.png","type":"image\/png"}],"twitter_card":"summary_large_image","twitter_site":"@dagartech","twitter_misc":{"Tempo estimado de leitura":"1 minuto"},"schema":{"@context":"https:\/\/schema.org","@graph":[{"@type":"WebPage","@id":"https:\/\/www.dagartech.com\/pt\/registro\/","url":"https:\/\/www.dagartech.com\/pt\/registro\/","name":"Registo | Dagartech PT","isPartOf":{"@id":"https:\/\/www.dagartech.com\/pt\/#website"},"datePublished":"2024-07-11T08:02:45+00:00","dateModified":"2024-07-11T08:02:50+00:00","breadcrumb":{"@id":"https:\/\/www.dagartech.com\/pt\/registro\/#breadcrumb"},"inLanguage":"pt-PT","potentialAction":[{"@type":"ReadAction","target":["https:\/\/www.dagartech.com\/pt\/registro\/"]}]},{"@type":"BreadcrumbList","@id":"https:\/\/www.dagartech.com\/pt\/registro\/#breadcrumb","itemListElement":[{"@type":"ListItem","position":1,"name":"Portada","item":"https:\/\/www.dagartech.com\/pt\/"},{"@type":"ListItem","position":2,"name":"Registo"}]},{"@type":"WebSite","@id":"https:\/\/www.dagartech.com\/pt\/#website","url":"https:\/\/www.dagartech.com\/pt\/","name":"Dagartech","description":"Somos fabricantes de Grupos Electr\u00f3genos. M\u00e1ximos est\u00e1ndares de Calidad. Elevada Fiabilidad y Seguridad. Nos adaptamos a las necesidades de cada proyecto.","potentialAction":[{"@type":"SearchAction","target":{"@type":"EntryPoint","urlTemplate":"https:\/\/www.dagartech.com\/pt\/?s={search_term_string}"},"query-input":"required name=search_term_string"}],"inLanguage":"pt-PT"}]}},"_links":{"self":[{"href":"https:\/\/www.dagartech.com\/pt\/wp-json\/wp\/v2\/pages\/1064"}],"collection":[{"href":"https:\/\/www.dagartech.com\/pt\/wp-json\/wp\/v2\/pages"}],"about":[{"href":"https:\/\/www.dagartech.com\/pt\/wp-json\/wp\/v2\/types\/page"}],"author":[{"embeddable":true,"href":"https:\/\/www.dagartech.com\/pt\/wp-json\/wp\/v2\/users\/1"}],"replies":[{"embeddable":true,"href":"https:\/\/www.dagartech.com\/pt\/wp-json\/wp\/v2\/comments?post=1064"}],"version-history":[{"count":3,"href":"https:\/\/www.dagartech.com\/pt\/wp-json\/wp\/v2\/pages\/1064\/revisions"}],"predecessor-version":[{"id":6614,"href":"https:\/\/www.dagartech.com\/pt\/wp-json\/wp\/v2\/pages\/1064\/revisions\/6614"}],"wp:attachment":[{"href":"https:\/\/www.dagartech.com\/pt\/wp-json\/wp\/v2\/media?parent=1064"}],"curies":[{"name":"wp","href":"https:\/\/api.w.org\/{rel}","templated":true}]}}