{"id":5748,"date":"2024-07-11T08:38:14","date_gmt":"2024-07-11T06:38:14","guid":{"rendered":"https:\/\/www.dagartech.com\/producto\/dgh-4000-b\/"},"modified":"2026-03-24T09:35:13","modified_gmt":"2026-03-24T08:35:13","slug":"dgh-4000-b","status":"publish","type":"product","link":"https:\/\/www.dagartech.com\/fr\/groupes-electrogenes\/dgh-4000-b-230v\/","title":{"rendered":"DGH 4000 B"},"content":{"rendered":"","protected":false},"excerpt":{"rendered":"<p>G\u00e9n\u00e9rateur portable monophas\u00e9 de la gamme Basique. Il dispose d&#8217;un d\u00e9marrage manuel et d&#8217;un ch\u00e2ssis statique. Vous pouvez compl\u00e9ter son \u00e9quipement avec un kit de transport, une protection diff\u00e9rentielle ou un alternateur avec AVR.<\/p>\n","protected":false},"featured_media":2620,"comment_status":"closed","ping_status":"closed","template":"","meta":{"_acf_changed":false},"product_cat":[226,228,245,319],"product_tag":[],"class_list":{"0":"post-5748","1":"product","2":"type-product","3":"status-publish","4":"has-post-thumbnail","6":"product_cat-portable","7":"product_cat-basique","8":"product_cat-honda","9":"product_cat-basse-puissance-de-2-kva-a-25-kva","10":"pa_fases-monophase","11":"pa_frequencia-50hz","12":"pa_motor-honda","13":"pa_rango-de-potencia-10-kva","14":"pa_tension-230v","15":"pa_version-ouvert","17":"first","18":"instock","19":"product-type-simple"},"acf":[],"yoast_head":"<!-- This site is optimized with the Yoast SEO plugin v23.1 - https:\/\/yoast.com\/wordpress\/plugins\/seo\/ -->\n<title>DGH 4000 B. HONDA GX200 - Groupe \u00e9lectrog\u00e8ne - Dagartech<\/title>\n<meta name=\"description\" content=\"Groupe \u00e9lectrog\u00e8ne DGH 4000 B de la gamme Cat\u00e9gorie Portable, Basique, Honda, Basse puissance (de 2 kVA \u00e0 25 kVA). Puissance et moteur HONDA Essence. 230V \u00e0 50Hz\" \/>\n<meta name=\"robots\" content=\"index, follow, max-snippet:-1, max-image-preview:large, max-video-preview:-1\" \/>\n<link rel=\"canonical\" href=\"https:\/\/www.dagartech.com\/fr\/groupes-electrogenes\/dgh-4000-b-230v\/\" \/>\n<meta property=\"og:locale\" content=\"fr_FR\" \/>\n<meta property=\"og:type\" content=\"article\" \/>\n<meta property=\"og:title\" content=\"DGH 4000 B. HONDA GX200 - Groupe \u00e9lectrog\u00e8ne - Dagartech\" \/>\n<meta property=\"og:description\" content=\"Groupe \u00e9lectrog\u00e8ne DGH 4000 B de la gamme Cat\u00e9gorie Portable, Basique, Honda, Basse puissance (de 2 kVA \u00e0 25 kVA). Puissance et moteur HONDA Essence. 230V \u00e0 50Hz\" \/>\n<meta property=\"og:url\" content=\"https:\/\/www.dagartech.com\/fr\/groupes-electrogenes\/dgh-4000-b-230v\/\" \/>\n<meta property=\"og:site_name\" content=\"Dagartech FR\" \/>\n<meta property=\"article:publisher\" content=\"https:\/\/www.facebook.com\/dagartech\/\" \/>\n<meta property=\"article:modified_time\" content=\"2026-03-24T08:35:13+00:00\" \/>\n<meta property=\"og:image\" content=\"https:\/\/www.dagartech.com\/fr\/wp-content\/uploads\/sites\/5\/2024\/05\/Dagartech_Gama-Portatil-Basica-MF_1.jpg\" \/>\n\t<meta property=\"og:image:width\" content=\"1500\" \/>\n\t<meta property=\"og:image:height\" content=\"947\" \/>\n\t<meta property=\"og:image:type\" content=\"image\/jpeg\" \/>\n<meta name=\"twitter:card\" content=\"summary_large_image\" \/>\n<meta name=\"twitter:site\" content=\"@dagartech\" \/>\n<meta name=\"twitter:label1\" content=\"Dur\u00e9e de lecture estim\u00e9e\" \/>\n\t<meta name=\"twitter:data1\" content=\"1 minute\" \/>\n<script type=\"application\/ld+json\" class=\"yoast-schema-graph\">{\"@context\":\"https:\/\/schema.org\",\"@graph\":[{\"@type\":\"WebPage\",\"@id\":\"https:\/\/www.dagartech.com\/fr\/groupes-electrogenes\/dgh-4000-b-230v\/\",\"url\":\"https:\/\/www.dagartech.com\/fr\/groupes-electrogenes\/dgh-4000-b-230v\/\",\"name\":\"DGH 4000 B. HONDA GX200 - Groupe \u00e9lectrog\u00e8ne - Dagartech\",\"isPartOf\":{\"@id\":\"https:\/\/www.dagartech.com\/fr\/#website\"},\"primaryImageOfPage\":{\"@id\":\"https:\/\/www.dagartech.com\/fr\/groupes-electrogenes\/dgh-4000-b-230v\/#primaryimage\"},\"image\":{\"@id\":\"https:\/\/www.dagartech.com\/fr\/groupes-electrogenes\/dgh-4000-b-230v\/#primaryimage\"},\"thumbnailUrl\":\"https:\/\/www.dagartech.com\/fr\/wp-content\/uploads\/sites\/5\/2024\/05\/Dagartech_Gama-Portatil-Basica-MF_1.jpg\",\"datePublished\":\"2024-07-11T06:38:14+00:00\",\"dateModified\":\"2026-03-24T08:35:13+00:00\",\"description\":\"Groupe \u00e9lectrog\u00e8ne DGH 4000 B de la gamme Cat\u00e9gorie Portable, Basique, Honda, Basse puissance (de 2 kVA \u00e0 25 kVA). Puissance et moteur HONDA Essence. 230V \u00e0 50Hz\",\"breadcrumb\":{\"@id\":\"https:\/\/www.dagartech.com\/fr\/groupes-electrogenes\/dgh-4000-b-230v\/#breadcrumb\"},\"inLanguage\":\"fr-FR\",\"potentialAction\":[{\"@type\":\"ReadAction\",\"target\":[\"https:\/\/www.dagartech.com\/fr\/groupes-electrogenes\/dgh-4000-b-230v\/\"]}]},{\"@type\":\"ImageObject\",\"inLanguage\":\"fr-FR\",\"@id\":\"https:\/\/www.dagartech.com\/fr\/groupes-electrogenes\/dgh-4000-b-230v\/#primaryimage\",\"url\":\"https:\/\/www.dagartech.com\/fr\/wp-content\/uploads\/sites\/5\/2024\/05\/Dagartech_Gama-Portatil-Basica-MF_1.jpg\",\"contentUrl\":\"https:\/\/www.dagartech.com\/fr\/wp-content\/uploads\/sites\/5\/2024\/05\/Dagartech_Gama-Portatil-Basica-MF_1.jpg\",\"width\":1500,\"height\":947},{\"@type\":\"BreadcrumbList\",\"@id\":\"https:\/\/www.dagartech.com\/fr\/groupes-electrogenes\/dgh-4000-b-230v\/#breadcrumb\",\"itemListElement\":[{\"@type\":\"ListItem\",\"position\":1,\"name\":\"Portada\",\"item\":\"https:\/\/www.dagartech.com\/fr\/\"},{\"@type\":\"ListItem\",\"position\":2,\"name\":\"Produits\",\"item\":\"https:\/\/www.dagartech.com\/fr\/shop\/\"},{\"@type\":\"ListItem\",\"position\":3,\"name\":\"DGH 4000 B\"}]},{\"@type\":\"WebSite\",\"@id\":\"https:\/\/www.dagartech.com\/fr\/#website\",\"url\":\"https:\/\/www.dagartech.com\/fr\/\",\"name\":\"Dagartech\",\"description\":\"Somos fabricantes de Grupos Electr\u00f3genos. M\u00e1ximos est\u00e1ndares de Calidad. Elevada Fiabilidad y Seguridad. Nos adaptamos a las necesidades de cada proyecto.\",\"publisher\":{\"@id\":\"https:\/\/www.dagartech.com\/fr\/#organization\"},\"potentialAction\":[{\"@type\":\"SearchAction\",\"target\":{\"@type\":\"EntryPoint\",\"urlTemplate\":\"https:\/\/www.dagartech.com\/fr\/?s={search_term_string}\"},\"query-input\":\"required name=search_term_string\"}],\"inLanguage\":\"fr-FR\"},{\"@type\":\"Organization\",\"@id\":\"https:\/\/www.dagartech.com\/fr\/#organization\",\"name\":\"Dagartech\",\"url\":\"https:\/\/www.dagartech.com\/fr\/\",\"logo\":{\"@type\":\"ImageObject\",\"inLanguage\":\"fr-FR\",\"@id\":\"https:\/\/www.dagartech.com\/fr\/#\/schema\/logo\/image\/\",\"url\":\"https:\/\/www.dagartech.com\/fr\/wp-content\/uploads\/sites\/5\/2024\/02\/Logo-dagartech.png\",\"contentUrl\":\"https:\/\/www.dagartech.com\/fr\/wp-content\/uploads\/sites\/5\/2024\/02\/Logo-dagartech.png\",\"width\":5692,\"height\":3200,\"caption\":\"Dagartech\"},\"image\":{\"@id\":\"https:\/\/www.dagartech.com\/fr\/#\/schema\/logo\/image\/\"},\"sameAs\":[\"https:\/\/www.facebook.com\/dagartech\/\",\"https:\/\/x.com\/dagartech\",\"https:\/\/www.youtube.com\/channel\/UC088MotzpZAfzdS2yiXSUNg\",\"https:\/\/www.instagram.com\/dagartech_energy_solutions\/?igshid=MTNiYzNiMzkwZA\",\"https:\/\/www.linkedin.com\/company\/dagartech\/\"]}]}<\/script>\n<!-- \/ Yoast SEO plugin. -->","yoast_head_json":{"title":"DGH 4000 B. HONDA GX200 - Groupe \u00e9lectrog\u00e8ne - Dagartech","description":"Groupe \u00e9lectrog\u00e8ne DGH 4000 B de la gamme Cat\u00e9gorie Portable, Basique, Honda, Basse puissance (de 2 kVA \u00e0 25 kVA). Puissance et moteur HONDA Essence. 230V \u00e0 50Hz","robots":{"index":"index","follow":"follow","max-snippet":"max-snippet:-1","max-image-preview":"max-image-preview:large","max-video-preview":"max-video-preview:-1"},"canonical":"https:\/\/www.dagartech.com\/fr\/groupes-electrogenes\/dgh-4000-b-230v\/","og_locale":"fr_FR","og_type":"article","og_title":"DGH 4000 B. HONDA GX200 - Groupe \u00e9lectrog\u00e8ne - Dagartech","og_description":"Groupe \u00e9lectrog\u00e8ne DGH 4000 B de la gamme Cat\u00e9gorie Portable, Basique, Honda, Basse puissance (de 2 kVA \u00e0 25 kVA). Puissance et moteur HONDA Essence. 230V \u00e0 50Hz","og_url":"https:\/\/www.dagartech.com\/fr\/groupes-electrogenes\/dgh-4000-b-230v\/","og_site_name":"Dagartech FR","article_publisher":"https:\/\/www.facebook.com\/dagartech\/","article_modified_time":"2026-03-24T08:35:13+00:00","og_image":[{"width":1500,"height":947,"url":"https:\/\/www.dagartech.com\/fr\/wp-content\/uploads\/sites\/5\/2024\/05\/Dagartech_Gama-Portatil-Basica-MF_1.jpg","type":"image\/jpeg"}],"twitter_card":"summary_large_image","twitter_site":"@dagartech","twitter_misc":{"Dur\u00e9e de lecture estim\u00e9e":"1 minute"},"schema":{"@context":"https:\/\/schema.org","@graph":[{"@type":"WebPage","@id":"https:\/\/www.dagartech.com\/fr\/groupes-electrogenes\/dgh-4000-b-230v\/","url":"https:\/\/www.dagartech.com\/fr\/groupes-electrogenes\/dgh-4000-b-230v\/","name":"DGH 4000 B. HONDA GX200 - Groupe \u00e9lectrog\u00e8ne - Dagartech","isPartOf":{"@id":"https:\/\/www.dagartech.com\/fr\/#website"},"primaryImageOfPage":{"@id":"https:\/\/www.dagartech.com\/fr\/groupes-electrogenes\/dgh-4000-b-230v\/#primaryimage"},"image":{"@id":"https:\/\/www.dagartech.com\/fr\/groupes-electrogenes\/dgh-4000-b-230v\/#primaryimage"},"thumbnailUrl":"https:\/\/www.dagartech.com\/fr\/wp-content\/uploads\/sites\/5\/2024\/05\/Dagartech_Gama-Portatil-Basica-MF_1.jpg","datePublished":"2024-07-11T06:38:14+00:00","dateModified":"2026-03-24T08:35:13+00:00","description":"Groupe \u00e9lectrog\u00e8ne DGH 4000 B de la gamme Cat\u00e9gorie Portable, Basique, Honda, Basse puissance (de 2 kVA \u00e0 25 kVA). Puissance et moteur HONDA Essence. 230V \u00e0 50Hz","breadcrumb":{"@id":"https:\/\/www.dagartech.com\/fr\/groupes-electrogenes\/dgh-4000-b-230v\/#breadcrumb"},"inLanguage":"fr-FR","potentialAction":[{"@type":"ReadAction","target":["https:\/\/www.dagartech.com\/fr\/groupes-electrogenes\/dgh-4000-b-230v\/"]}]},{"@type":"ImageObject","inLanguage":"fr-FR","@id":"https:\/\/www.dagartech.com\/fr\/groupes-electrogenes\/dgh-4000-b-230v\/#primaryimage","url":"https:\/\/www.dagartech.com\/fr\/wp-content\/uploads\/sites\/5\/2024\/05\/Dagartech_Gama-Portatil-Basica-MF_1.jpg","contentUrl":"https:\/\/www.dagartech.com\/fr\/wp-content\/uploads\/sites\/5\/2024\/05\/Dagartech_Gama-Portatil-Basica-MF_1.jpg","width":1500,"height":947},{"@type":"BreadcrumbList","@id":"https:\/\/www.dagartech.com\/fr\/groupes-electrogenes\/dgh-4000-b-230v\/#breadcrumb","itemListElement":[{"@type":"ListItem","position":1,"name":"Portada","item":"https:\/\/www.dagartech.com\/fr\/"},{"@type":"ListItem","position":2,"name":"Produits","item":"https:\/\/www.dagartech.com\/fr\/shop\/"},{"@type":"ListItem","position":3,"name":"DGH 4000 B"}]},{"@type":"WebSite","@id":"https:\/\/www.dagartech.com\/fr\/#website","url":"https:\/\/www.dagartech.com\/fr\/","name":"Dagartech","description":"Somos fabricantes de Grupos Electr\u00f3genos. M\u00e1ximos est\u00e1ndares de Calidad. Elevada Fiabilidad y Seguridad. Nos adaptamos a las necesidades de cada proyecto.","publisher":{"@id":"https:\/\/www.dagartech.com\/fr\/#organization"},"potentialAction":[{"@type":"SearchAction","target":{"@type":"EntryPoint","urlTemplate":"https:\/\/www.dagartech.com\/fr\/?s={search_term_string}"},"query-input":"required name=search_term_string"}],"inLanguage":"fr-FR"},{"@type":"Organization","@id":"https:\/\/www.dagartech.com\/fr\/#organization","name":"Dagartech","url":"https:\/\/www.dagartech.com\/fr\/","logo":{"@type":"ImageObject","inLanguage":"fr-FR","@id":"https:\/\/www.dagartech.com\/fr\/#\/schema\/logo\/image\/","url":"https:\/\/www.dagartech.com\/fr\/wp-content\/uploads\/sites\/5\/2024\/02\/Logo-dagartech.png","contentUrl":"https:\/\/www.dagartech.com\/fr\/wp-content\/uploads\/sites\/5\/2024\/02\/Logo-dagartech.png","width":5692,"height":3200,"caption":"Dagartech"},"image":{"@id":"https:\/\/www.dagartech.com\/fr\/#\/schema\/logo\/image\/"},"sameAs":["https:\/\/www.facebook.com\/dagartech\/","https:\/\/x.com\/dagartech","https:\/\/www.youtube.com\/channel\/UC088MotzpZAfzdS2yiXSUNg","https:\/\/www.instagram.com\/dagartech_energy_solutions\/?igshid=MTNiYzNiMzkwZA","https:\/\/www.linkedin.com\/company\/dagartech\/"]}]}},"df_price":"","df_sale_price":"","df_regular_price":"","df_image_link":"https:\/\/www.dagartech.com\/fr\/wp-content\/uploads\/sites\/5\/2024\/05\/Dagartech_Gama-Portatil-Basica-MF_1-300x189.jpg","_links":{"self":[{"href":"https:\/\/www.dagartech.com\/fr\/wp-json\/wp\/v2\/product\/5748"}],"collection":[{"href":"https:\/\/www.dagartech.com\/fr\/wp-json\/wp\/v2\/product"}],"about":[{"href":"https:\/\/www.dagartech.com\/fr\/wp-json\/wp\/v2\/types\/product"}],"replies":[{"embeddable":true,"href":"https:\/\/www.dagartech.com\/fr\/wp-json\/wp\/v2\/comments?post=5748"}],"wp:featuredmedia":[{"embeddable":true,"href":"https:\/\/www.dagartech.com\/fr\/wp-json\/wp\/v2\/media\/2620"}],"wp:attachment":[{"href":"https:\/\/www.dagartech.com\/fr\/wp-json\/wp\/v2\/media?parent=5748"}],"wp:term":[{"taxonomy":"product_cat","embeddable":true,"href":"https:\/\/www.dagartech.com\/fr\/wp-json\/wp\/v2\/product_cat?post=5748"},{"taxonomy":"product_tag","embeddable":true,"href":"https:\/\/www.dagartech.com\/fr\/wp-json\/wp\/v2\/product_tag?post=5748"}],"curies":[{"name":"wp","href":"https:\/\/api.w.org\/{rel}","templated":true}]}}