{"id":850,"date":"2024-07-11T08:31:38","date_gmt":"2024-07-11T06:31:38","guid":{"rendered":"https:\/\/www.dagartech.com\/?page_id=850"},"modified":"2024-07-11T15:47:00","modified_gmt":"2024-07-11T13:47:00","slug":"politique-en-matiere-de-cookies","status":"publish","type":"page","link":"https:\/\/www.dagartech.com\/fr\/politique-de-cookies\/","title":{"rendered":"Politique en mati\u00e8re de cookies"},"content":{"rendered":"<h2>Types de cookies utilis\u00e9s<\/h2>\n<p>Ce site utilise des cookies temporaires de session et des cookies persistants. Les donn\u00e9es de cookies de session de magasin seulement lorsque l\u2019utilisateur acc\u00e8de au Web et les cookies permanents donn\u00e9es du terminal \u00e0 \u00eatre accessibles et utilis\u00e9s dans plus d\u2019une session stock\u00e9e.<\/p>\n<p>Selon la finalit\u00e9 pour laquelle les donn\u00e9es obtenues par les cookies sont trait\u00e9s, le Web peut \u00eatre utilis\u00e9\u00a0:<\/p>\n<h3>\u00ab\u00a0Cookies\u00a0\u00bb techniques<\/h3>\n<p>Ce sont ceux qui permettent \u00e0 l\u2019utilisateur de naviguer sur le site Web ou l\u2019application et d\u2019utiliser les diff\u00e9rentes options ou services qui y existent. Par exemple, contr\u00f4ler le trafic et la communication des donn\u00e9es, identifier la session, acc\u00e9der aux parties Web \u00e0 acc\u00e8s restreint, m\u00e9moriser les \u00e9l\u00e9ments qui composent une commande, faire une demande d\u2019inscription ou de participation \u00e0 un \u00e9v\u00e9nement, utiliser des \u00e9l\u00e9ments de s\u00e9curit\u00e9 lors de la navigation et stocker du contenu pour la diffusion. des vid\u00e9os ou du son<\/p>\n<h3>\u00ab\u00a0Cookies\u00a0\u00bb de personnalisation<\/h3>\n<p>Ce sont ceux qui permettent \u00e0 l\u2019utilisateur d\u2019acc\u00e9der au service avec certaines caract\u00e9ristiques g\u00e9n\u00e9rales pr\u00e9d\u00e9finies dans son terminal ou que l\u2019utilisateur d\u00e9finit lui-m\u00eame. Par exemple, la langue, le type de navigateur par lequel vous acc\u00e9dez au service, la conception du contenu s\u00e9lectionn\u00e9, la g\u00e9olocalisation du terminal et la configuration r\u00e9gionale \u00e0 partir de laquelle on acc\u00e8de au service.<\/p>\n<h3>\u00ab\u00a0Cookies\u00a0\u00bb publicitaires<\/h3>\n<p>Ce sont ceux qui permettent une gestion efficace des espaces publicitaires qui ont \u00e9t\u00e9 inclus dans le site Web ou dans l\u2019application \u00e0 partir de laquelle le service est fourni. Ils permettent d\u2019adapter le contenu publicitaire afin qu\u2019il soit pertinent pour l\u2019utilisateur et d\u2019\u00e9viter de diffuser des publicit\u00e9s que l\u2019utilisateur a d\u00e9j\u00e0 vues.<\/p>\n<h3>\u00ab\u00a0Cookies\u00a0\u00bb d\u2019analyse statistique<\/h3>\n<p>Ce sont ceux qui permettent de surveiller et d\u2019analyser le comportement des utilisateurs sur les sites Web. Les informations collect\u00e9es via ce type de \u00ab\u00a0cookies\u00a0\u00bb sont utilis\u00e9es pour mesurer l\u2019activit\u00e9 des sites Internet, des applications ou des plateformes et pour \u00e9laborer des profils de navigation des utilisateurs de ces sites, afin d\u2019introduire des am\u00e9liorations dans le service en fonction des donn\u00e9es d\u2019utilisation des utilisateurs.<\/p>\n<h3>\u00ab\u00a0Cookies\u00a0\u00bb de tiers<\/h3>\n<p>Sur certaines pages Web, vous pouvez installer les cookies permettent tiers pour g\u00e9rer et am\u00e9liorer les services offerts. Tels que les services statistiques de Google Analytics et Comscore.<\/p>\n<h2>Comment g\u00e9rer les \u00ab\u00a0cookies\u00a0\u00bb dans le navigateur\u00a0? <\/h2>\n<p>L\u2019utilisateur a la possibilit\u00e9 d\u2019autoriser, de bloquer ou de supprimer les \u00ab\u00a0cookies\u00a0\u00bb install\u00e9s sur son ordinateur en configurant les options du navigateur install\u00e9 sur son terminal\u00a0:<\/p>\n<p>Pour d\u00e9finir les autorisations relatives aux cookies dans le navigateur Google Chrome\u00a0:<\/p>\n<ol>\n<li>Cliquez sur le menu dans la barre d\u2019outils.<\/li>\n<li>S\u00e9lectionnez R\u00e9glages.<\/li>\n<li>Cliquez sur Afficher les options avanc\u00e9es.<\/li>\n<li>Dans la section \u00ab\u00a0Confidentialit\u00e9\u00a0\u00bb, cliquez sur le bouton Param\u00e8tres de contenu.<\/li>\n<li>Dans la section \u00ab\u00a0Cookies\u00a0\u00bb, vous pouvez configurer les options.<\/li>\n<\/ol>\n<p><a href=\"https:\/\/support.google.com\/chrome\/answer\/95647?hl=es\">En savoir plus sur Google Chrome<\/a><\/p>\n<p>Pour d\u00e9finir les autorisations relatives aux cookies dans le navigateur Mozilla Firefox\u00a0:<\/p>\n<ol>\n<li>En haut de la fen\u00eatre de Firefox cliquez sur le menu Outils.<\/li>\n<li>S\u00e9lectionnez Options.<\/li>\n<li>S\u00e9lectionnez le panneau Vie priv\u00e9e.<\/li>\n<li>Dans Firefox, vous pouvez s\u00e9lectionner l\u2019option Utiliser les param\u00e8tres personnalis\u00e9s pour l\u2019historique \u00e0 configurer.<\/li>\n<\/ol>\n<p><a href=\"https:\/\/support.mozilla.org\/es\/kb\/cookies-informacion-que-los-sitios-web-guardan-en-\">En savoir plus sur Mozilla Firefox<\/a><\/p>\n<p>Pour d\u00e9finir les autorisations relatives aux cookies dans le navigateur Internet Explorer\u00a09\u00a0:<\/p>\n<ol>\n<li>En haut de la fen\u00eatre d\u2019Internet Explorer, cliquez sur le menu Outils.<\/li>\n<li>S\u00e9lectionnez l\u2019onglet S\u00e9curit\u00e9 et utiliser l\u2019historique de navigation Supprimer pour supprimer les cookies. Case \u00e0 cocher Activer les cookies, puis cliquez sur Supprimer.<\/li>\n<li>S\u00e9lectionnez l\u2019onglet S\u00e9curit\u00e9 et saisissez les param\u00e8tres. D\u00e9placez le curseur vers le haut pour bloquer tous les cookies ou totalement vers le bas pour permettre \u00e0 tous les cookies. Apr\u00e8s cela, cliquez sur OK.<\/li>\n<\/ol>\n<p><a href=\"https:\/\/support.microsoft.com\/es-es\/windows\">En savoir plus sur Internet Explorer\u00a09<\/a><\/p>\n<p>Si vous bloquez l\u2019utilisation de \u00ab\u00a0cookies\u00a0\u00bb dans votre navigateur, certains services ou fonctionnalit\u00e9s du site Web peuvent ne pas \u00eatre disponibles.<\/p>\n<p>Dans certains navigateurs, vous pouvez configurer des r\u00e8gles sp\u00e9cifiques pour g\u00e9rer les \u00ab\u00a0cookies\u00a0\u00bb par site Web, offrant ainsi un contr\u00f4le plus pr\u00e9cis de la confidentialit\u00e9. Cela signifie que vous pouvez d\u00e9sactiver les cookies de tous les sites, \u00e0 l\u2019exception de ceux en qui vous avez confiance.<\/p>\n","protected":false},"excerpt":{"rendered":"<p>Types de cookies utilis\u00e9s Ce site utilise des cookies temporaires de session et des cookies persistants. Les donn\u00e9es de cookies de session de magasin seulement lorsque l\u2019utilisateur acc\u00e8de au Web et les cookies permanents donn\u00e9es du terminal \u00e0 \u00eatre accessibles et utilis\u00e9s dans plus d\u2019une session stock\u00e9e. Selon la finalit\u00e9 pour laquelle les donn\u00e9es obtenues [&hellip;]<\/p>\n","protected":false},"author":1,"featured_media":0,"parent":0,"menu_order":0,"comment_status":"open","ping_status":"closed","template":"page_legal.php","meta":{"_acf_changed":false,"footnotes":""},"class_list":["post-850","page","type-page","status-publish","hentry"],"acf":[],"yoast_head":"<!-- This site is optimized with the Yoast SEO plugin v23.1 - https:\/\/yoast.com\/wordpress\/plugins\/seo\/ -->\n<title>Politique en mati\u00e8re de cookies | Dagartech FR<\/title>\n<meta name=\"robots\" content=\"index, follow, max-snippet:-1, max-image-preview:large, max-video-preview:-1\" \/>\n<link rel=\"canonical\" href=\"https:\/\/www.dagartech.com\/fr\/politique-de-cookies\/\" \/>\n<meta property=\"og:locale\" content=\"fr_FR\" \/>\n<meta property=\"og:type\" content=\"article\" \/>\n<meta property=\"og:title\" content=\"Politique en mati\u00e8re de cookies | Dagartech FR\" \/>\n<meta property=\"og:description\" content=\"Types de cookies utilis\u00e9s Ce site utilise des cookies temporaires de session et des cookies persistants. Les donn\u00e9es de cookies de session de magasin seulement lorsque l\u2019utilisateur acc\u00e8de au Web et les cookies permanents donn\u00e9es du terminal \u00e0 \u00eatre accessibles et utilis\u00e9s dans plus d\u2019une session stock\u00e9e. Selon la finalit\u00e9 pour laquelle les donn\u00e9es obtenues [&hellip;]\" \/>\n<meta property=\"og:url\" content=\"https:\/\/www.dagartech.com\/fr\/politique-de-cookies\/\" \/>\n<meta property=\"og:site_name\" content=\"Dagartech FR\" \/>\n<meta property=\"article:publisher\" content=\"https:\/\/www.facebook.com\/dagartech\/\" \/>\n<meta property=\"article:modified_time\" content=\"2024-07-11T13:47:00+00:00\" \/>\n<meta property=\"og:image\" content=\"https:\/\/www.dagartech.com\/fr\/wp-content\/uploads\/sites\/5\/2024\/02\/Logo-dagartech.png\" \/>\n\t<meta property=\"og:image:width\" content=\"5692\" \/>\n\t<meta property=\"og:image:height\" content=\"3200\" \/>\n\t<meta property=\"og:image:type\" content=\"image\/png\" \/>\n<meta name=\"twitter:card\" content=\"summary_large_image\" \/>\n<meta name=\"twitter:site\" content=\"@dagartech\" \/>\n<meta name=\"twitter:label1\" content=\"Dur\u00e9e de lecture estim\u00e9e\" \/>\n\t<meta name=\"twitter:data1\" content=\"1 minute\" \/>\n<script type=\"application\/ld+json\" class=\"yoast-schema-graph\">{\"@context\":\"https:\/\/schema.org\",\"@graph\":[{\"@type\":\"WebPage\",\"@id\":\"https:\/\/www.dagartech.com\/fr\/politique-de-cookies\/\",\"url\":\"https:\/\/www.dagartech.com\/fr\/politique-de-cookies\/\",\"name\":\"Politique en mati\u00e8re de cookies | Dagartech FR\",\"isPartOf\":{\"@id\":\"https:\/\/www.dagartech.com\/fr\/#website\"},\"datePublished\":\"2024-07-11T06:31:38+00:00\",\"dateModified\":\"2024-07-11T13:47:00+00:00\",\"breadcrumb\":{\"@id\":\"https:\/\/www.dagartech.com\/fr\/politique-de-cookies\/#breadcrumb\"},\"inLanguage\":\"fr-FR\",\"potentialAction\":[{\"@type\":\"ReadAction\",\"target\":[\"https:\/\/www.dagartech.com\/fr\/politique-de-cookies\/\"]}]},{\"@type\":\"BreadcrumbList\",\"@id\":\"https:\/\/www.dagartech.com\/fr\/politique-de-cookies\/#breadcrumb\",\"itemListElement\":[{\"@type\":\"ListItem\",\"position\":1,\"name\":\"Portada\",\"item\":\"https:\/\/www.dagartech.com\/fr\/\"},{\"@type\":\"ListItem\",\"position\":2,\"name\":\"Politique en mati\u00e8re de cookies\"}]},{\"@type\":\"WebSite\",\"@id\":\"https:\/\/www.dagartech.com\/fr\/#website\",\"url\":\"https:\/\/www.dagartech.com\/fr\/\",\"name\":\"Dagartech\",\"description\":\"Somos fabricantes de Grupos Electr\u00f3genos. M\u00e1ximos est\u00e1ndares de Calidad. Elevada Fiabilidad y Seguridad. Nos adaptamos a las necesidades de cada proyecto.\",\"publisher\":{\"@id\":\"https:\/\/www.dagartech.com\/fr\/#organization\"},\"potentialAction\":[{\"@type\":\"SearchAction\",\"target\":{\"@type\":\"EntryPoint\",\"urlTemplate\":\"https:\/\/www.dagartech.com\/fr\/?s={search_term_string}\"},\"query-input\":\"required name=search_term_string\"}],\"inLanguage\":\"fr-FR\"},{\"@type\":\"Organization\",\"@id\":\"https:\/\/www.dagartech.com\/fr\/#organization\",\"name\":\"Dagartech\",\"url\":\"https:\/\/www.dagartech.com\/fr\/\",\"logo\":{\"@type\":\"ImageObject\",\"inLanguage\":\"fr-FR\",\"@id\":\"https:\/\/www.dagartech.com\/fr\/#\/schema\/logo\/image\/\",\"url\":\"https:\/\/www.dagartech.com\/fr\/wp-content\/uploads\/sites\/5\/2024\/02\/Logo-dagartech.png\",\"contentUrl\":\"https:\/\/www.dagartech.com\/fr\/wp-content\/uploads\/sites\/5\/2024\/02\/Logo-dagartech.png\",\"width\":5692,\"height\":3200,\"caption\":\"Dagartech\"},\"image\":{\"@id\":\"https:\/\/www.dagartech.com\/fr\/#\/schema\/logo\/image\/\"},\"sameAs\":[\"https:\/\/www.facebook.com\/dagartech\/\",\"https:\/\/x.com\/dagartech\",\"https:\/\/www.youtube.com\/channel\/UC088MotzpZAfzdS2yiXSUNg\",\"https:\/\/www.instagram.com\/dagartech_energy_solutions\/?igshid=MTNiYzNiMzkwZA\",\"https:\/\/www.linkedin.com\/company\/dagartech\/\"]}]}<\/script>\n<!-- \/ Yoast SEO plugin. -->","yoast_head_json":{"title":"Politique en mati\u00e8re de cookies | Dagartech FR","robots":{"index":"index","follow":"follow","max-snippet":"max-snippet:-1","max-image-preview":"max-image-preview:large","max-video-preview":"max-video-preview:-1"},"canonical":"https:\/\/www.dagartech.com\/fr\/politique-de-cookies\/","og_locale":"fr_FR","og_type":"article","og_title":"Politique en mati\u00e8re de cookies | Dagartech FR","og_description":"Types de cookies utilis\u00e9s Ce site utilise des cookies temporaires de session et des cookies persistants. Les donn\u00e9es de cookies de session de magasin seulement lorsque l\u2019utilisateur acc\u00e8de au Web et les cookies permanents donn\u00e9es du terminal \u00e0 \u00eatre accessibles et utilis\u00e9s dans plus d\u2019une session stock\u00e9e. Selon la finalit\u00e9 pour laquelle les donn\u00e9es obtenues [&hellip;]","og_url":"https:\/\/www.dagartech.com\/fr\/politique-de-cookies\/","og_site_name":"Dagartech FR","article_publisher":"https:\/\/www.facebook.com\/dagartech\/","article_modified_time":"2024-07-11T13:47:00+00:00","og_image":[{"width":5692,"height":3200,"url":"https:\/\/www.dagartech.com\/fr\/wp-content\/uploads\/sites\/5\/2024\/02\/Logo-dagartech.png","type":"image\/png"}],"twitter_card":"summary_large_image","twitter_site":"@dagartech","twitter_misc":{"Dur\u00e9e de lecture estim\u00e9e":"1 minute"},"schema":{"@context":"https:\/\/schema.org","@graph":[{"@type":"WebPage","@id":"https:\/\/www.dagartech.com\/fr\/politique-de-cookies\/","url":"https:\/\/www.dagartech.com\/fr\/politique-de-cookies\/","name":"Politique en mati\u00e8re de cookies | Dagartech FR","isPartOf":{"@id":"https:\/\/www.dagartech.com\/fr\/#website"},"datePublished":"2024-07-11T06:31:38+00:00","dateModified":"2024-07-11T13:47:00+00:00","breadcrumb":{"@id":"https:\/\/www.dagartech.com\/fr\/politique-de-cookies\/#breadcrumb"},"inLanguage":"fr-FR","potentialAction":[{"@type":"ReadAction","target":["https:\/\/www.dagartech.com\/fr\/politique-de-cookies\/"]}]},{"@type":"BreadcrumbList","@id":"https:\/\/www.dagartech.com\/fr\/politique-de-cookies\/#breadcrumb","itemListElement":[{"@type":"ListItem","position":1,"name":"Portada","item":"https:\/\/www.dagartech.com\/fr\/"},{"@type":"ListItem","position":2,"name":"Politique en mati\u00e8re de cookies"}]},{"@type":"WebSite","@id":"https:\/\/www.dagartech.com\/fr\/#website","url":"https:\/\/www.dagartech.com\/fr\/","name":"Dagartech","description":"Somos fabricantes de Grupos Electr\u00f3genos. M\u00e1ximos est\u00e1ndares de Calidad. Elevada Fiabilidad y Seguridad. Nos adaptamos a las necesidades de cada proyecto.","publisher":{"@id":"https:\/\/www.dagartech.com\/fr\/#organization"},"potentialAction":[{"@type":"SearchAction","target":{"@type":"EntryPoint","urlTemplate":"https:\/\/www.dagartech.com\/fr\/?s={search_term_string}"},"query-input":"required name=search_term_string"}],"inLanguage":"fr-FR"},{"@type":"Organization","@id":"https:\/\/www.dagartech.com\/fr\/#organization","name":"Dagartech","url":"https:\/\/www.dagartech.com\/fr\/","logo":{"@type":"ImageObject","inLanguage":"fr-FR","@id":"https:\/\/www.dagartech.com\/fr\/#\/schema\/logo\/image\/","url":"https:\/\/www.dagartech.com\/fr\/wp-content\/uploads\/sites\/5\/2024\/02\/Logo-dagartech.png","contentUrl":"https:\/\/www.dagartech.com\/fr\/wp-content\/uploads\/sites\/5\/2024\/02\/Logo-dagartech.png","width":5692,"height":3200,"caption":"Dagartech"},"image":{"@id":"https:\/\/www.dagartech.com\/fr\/#\/schema\/logo\/image\/"},"sameAs":["https:\/\/www.facebook.com\/dagartech\/","https:\/\/x.com\/dagartech","https:\/\/www.youtube.com\/channel\/UC088MotzpZAfzdS2yiXSUNg","https:\/\/www.instagram.com\/dagartech_energy_solutions\/?igshid=MTNiYzNiMzkwZA","https:\/\/www.linkedin.com\/company\/dagartech\/"]}]}},"_links":{"self":[{"href":"https:\/\/www.dagartech.com\/fr\/wp-json\/wp\/v2\/pages\/850"}],"collection":[{"href":"https:\/\/www.dagartech.com\/fr\/wp-json\/wp\/v2\/pages"}],"about":[{"href":"https:\/\/www.dagartech.com\/fr\/wp-json\/wp\/v2\/types\/page"}],"author":[{"embeddable":true,"href":"https:\/\/www.dagartech.com\/fr\/wp-json\/wp\/v2\/users\/1"}],"replies":[{"embeddable":true,"href":"https:\/\/www.dagartech.com\/fr\/wp-json\/wp\/v2\/comments?post=850"}],"version-history":[{"count":2,"href":"https:\/\/www.dagartech.com\/fr\/wp-json\/wp\/v2\/pages\/850\/revisions"}],"predecessor-version":[{"id":6612,"href":"https:\/\/www.dagartech.com\/fr\/wp-json\/wp\/v2\/pages\/850\/revisions\/6612"}],"wp:attachment":[{"href":"https:\/\/www.dagartech.com\/fr\/wp-json\/wp\/v2\/media?parent=850"}],"curies":[{"name":"wp","href":"https:\/\/api.w.org\/{rel}","templated":true}]}}