{"id":848,"date":"2024-07-11T08:31:38","date_gmt":"2024-07-11T06:31:38","guid":{"rendered":"https:\/\/www.dagartech.com\/?page_id=848"},"modified":"2024-07-11T15:47:00","modified_gmt":"2024-07-11T13:47:00","slug":"politique-de-confidentialite","status":"publish","type":"page","link":"https:\/\/www.dagartech.com\/fr\/politique-de-confidentialite\/","title":{"rendered":"Politique de confidentialit\u00e9"},"content":{"rendered":"<p>Le r\u00e8glement (UE) 2016\/679 sur la protection des donn\u00e9es \u00e0 caract\u00e8re personnel et la loi organique 3\/2018 du 5\u00a0d\u00e9cembre sur la protection des donn\u00e9es \u00e0 caract\u00e8re personnel et la garantie des droits num\u00e9riques \u00e9tablissent une nouvelle approche du contr\u00f4le et du traitement des donn\u00e9es \u00e0 caract\u00e8re personnel. Nous avons revu et adapt\u00e9 notre politique de confidentialit\u00e9 aux nouvelles exigences et nous voulons fournir plus d\u2019informations en ce qui concerne le traitement des donn\u00e9es \u00e0 caract\u00e8re personnel, donc, en suivant les principes de l\u00e9galit\u00e9, de loyaut\u00e9 et de transparence, nous vous fournissons cette politique de confidentialit\u00e9.<\/p>\n<h2><strong>Qui est responsable du traitement de vos donn\u00e9es\u00a0? <\/strong><\/h2>\n<p><strong>Entreprise\u00a0: <\/strong> DAGARTECH<br \/>\n<strong>Nom de l\u2019entreprise\u00a0: <\/strong> DAGAR\u00a0TECHNOLOGIES, S.L<br \/>\n<strong>CIF\u00a0: <\/strong> B99416539<br \/>\n<strong>Adresse\u00a0: <\/strong> POL. IND. CENTROVIA, C\/PANAM\u00c1, 12 &#8211; 50198 &#8211; LA MUELA- SARAGOSSE<br \/>\n<strong>E-mail\u00a0: <\/strong> info@dagartech.com<br \/>\n<strong>T\u00e9l\u00e9phone\u00a0: <\/strong> (+34)\u00a0976\u00a0141\u00a0655<\/p>\n<p>DAGAR TECHNOLOGIES, S.L. avec CIF B99416539 est responsable du traitement des donn\u00e9es \u00e0 caract\u00e8re personnel de ses utilisateurs et clients, ainsi que des donn\u00e9es qui peuvent \u00eatre collect\u00e9es par le biais du site Web.<\/p>\n<h2>Dans quel but traitons-nous vos donn\u00e9es \u00e0 caract\u00e8re personnel\u00a0? <\/h2>\n<p>Chez DAGARTECH, S.L., nous traitons les informations que vous nous fournissez afin de g\u00e9rer la relation contractuelle qui nous unit, de g\u00e9rer l\u2019envoi des informations que vous nous demandez et de fournir aux personnes int\u00e9ress\u00e9es des offres de nos prestations et\/ou des produits qui les int\u00e9ressent. Les donn\u00e9es \u00e0 caract\u00e8re personnel collect\u00e9es par le biais du formulaire Web de demande d\u2019informations sont utilis\u00e9es pour l\u2019envoi d\u2019informations commerciales sur nos produits et services.<\/p>\n<p>Les op\u00e9rations, la gestion et les proc\u00e9dures techniques effectu\u00e9es de mani\u00e8re automatis\u00e9e ou non et qui permettent la collecte, le stockage, la modification, le transfert et d\u2019autres actions sur les donn\u00e9es \u00e0 caract\u00e8re personnel sont consid\u00e9r\u00e9es comme un traitement des donn\u00e9es \u00e0 caract\u00e8re personnel.<\/p>\n<p>DAGARTECH traitera les donn\u00e9es \u00e0 caract\u00e8re personnel de mani\u00e8re l\u00e9gale, loyale, transparente, ad\u00e9quate, pertinente, limit\u00e9e, pr\u00e9cise et actualis\u00e9e.<\/p>\n<h2>Combien de temps conserverons-nous vos donn\u00e9es \u00e0 caract\u00e8re personnel\u00a0? <\/h2>\n<p>Vos donn\u00e9es seront conserv\u00e9es pendant le temps minimum n\u00e9cessaire \u00e0 la prestation correcte du service offert, pour lequel les donn\u00e9es \u00e0 caract\u00e8re personnel minimales requises seront collect\u00e9es, ainsi que pour r\u00e9pondre aux responsabilit\u00e9s qui peuvent d\u00e9couler de ces m\u00eames donn\u00e9es et de toute autre exigence l\u00e9gale. Les donn\u00e9es seront conserv\u00e9es pendant les p\u00e9riodes pr\u00e9vues par la loi.<\/p>\n<h2>Quelle est la base juridique du traitement de vos donn\u00e9es\u00a0? <\/h2>\n<p>La base juridique du traitement de vos donn\u00e9es \u00e0 caract\u00e8re personnel peut \u00eatre l\u2019ex\u00e9cution d\u2019une \u00e9ventuelle relation contractuelle et\/ou souscrite, dans le cas de vos donn\u00e9es provenant des formulaires Web est l\u00e9gitim\u00e9e par le consentement expr\u00e8s que vous nous donnez en acceptant l\u2019envoi des informations fournies \u00e0 travers le formulaire. Les donn\u00e9es que nous vous demandons sont ad\u00e9quates, pertinentes et strictement n\u00e9cessaires et vous n\u2019avez aucune obligation de les fournir, mais le fait de ne pas les fournir peut affecter la finalit\u00e9 du service ou l\u2019impossibilit\u00e9 de le fournir.<\/p>\n<h2>\u00c0 quels destinataires vos donn\u00e9es seront-elles communiqu\u00e9es\u00a0? <\/h2>\n<p>DAGARTECH ne communiquera pas vos donn\u00e9es \u00e0 des tiers, sauf si vous en \u00eates express\u00e9ment inform\u00e9.<\/p>\n<p>Quels sont vos droits lorsque vous nous communiquez vos donn\u00e9es\u00a0?<\/p>\n<p>Les droits de protection des donn\u00e9es d\u00e9tenus par les personnes concern\u00e9es sont les suivants\u00a0:<\/p>\n<ul>\n<li>Droit de demander l\u2019acc\u00e8s aux donn\u00e9es \u00e0 caract\u00e8re personnel de la personne concern\u00e9e<\/li>\n<li>Droit de rectification ou d\u2019effacement<\/li>\n<li>Droit d\u2019opposition<\/li>\n<li>Droit de demander la limitation du traitement<\/li>\n<li>Droit \u00e0 la portabilit\u00e9 des donn\u00e9es<\/li>\n<\/ul>\n<p>Les titulaires des donn\u00e9es \u00e0 caract\u00e8re personnel obtenues peuvent exercer leurs droits de protection des donn\u00e9es \u00e0 caract\u00e8re personnel en envoyant une communication \u00e9crite au si\u00e8ge social de\u00a0: DAGAR TECHNOLOGIES, S.L &#8211; POL. IND. CENTROVIA, C\/PANAM\u00c1, 12 &#8211; 50198 &#8211; LA MUELA- SARAGOSSE \u00e0 l\u2019adresse \u00e9lectronique pr\u00e9vue \u00e0 cet effet, en joignant dans les deux cas une photocopie de leur carte d\u2019identit\u00e9 ou d\u2019un autre document d\u2019identification \u00e9quivalent.<\/p>\n<p>Des mod\u00e8les, des formulaires et d\u2019autres informations sur vos droits sont disponibles sur le site Web de l\u2019autorit\u00e9 nationale de contr\u00f4le, Agencia Espa\u00f1ola de Protecci\u00f3n de Datos, ci-apr\u00e8s AEPD, www.agpd.es.<\/p>\n<h2>Puis-je retirer mon consentement\u00a0? <\/h2>\n<p>Vous avez la possibilit\u00e9 et le droit de retirer votre consentement pour toute finalit\u00e9 sp\u00e9cifique accord\u00e9e \u00e0 ce moment-l\u00e0, sans que cela n\u2019affecte la l\u00e9galit\u00e9 du traitement fond\u00e9 sur le consentement avant son retrait.<\/p>\n<p>O\u00f9 puis-je me plaindre si j\u2019estime que mes donn\u00e9es ne sont pas trait\u00e9es correctement\u00a0?<\/p>\n<p>Si une personne int\u00e9ress\u00e9e consid\u00e8re que ses donn\u00e9es ne sont pas trait\u00e9es correctement par DAGARTECH, elle peut envoyer sa r\u00e9clamation \u00e0 l\u2019adresse \u00e9lectronique suivante\u00a0: info@dagartech.com ou \u00e0 l\u2019autorit\u00e9 de protection des donn\u00e9es correspondante, l\u2019AEPD \u00e9tant celle indiqu\u00e9e sur le territoire national, www.agpd.es.<\/p>\n<h2>S\u00e9curit\u00e9 et mise \u00e0 jour de vos donn\u00e9es \u00e0 caract\u00e8re personnel<\/h2>\n<p>Afin de garantir la s\u00e9curit\u00e9 de vos donn\u00e9es \u00e0 caract\u00e8re personnel, nous vous informons que DAGARTECH a adopt\u00e9 toutes les mesures techniques et organisationnelles n\u00e9cessaires pour garantir la s\u00e9curit\u00e9 des donn\u00e9es \u00e0 caract\u00e8re personnel fournies. Tout ceci afin d\u2019\u00e9viter leur alt\u00e9ration, perte et\/ou traitement ou acc\u00e8s non autoris\u00e9, comme l\u2019exige la loi, bien que la s\u00e9curit\u00e9 absolue n\u2019existe pas.<\/p>\n<p>Il est important que vous nous informiez de toute modification de vos donn\u00e9es \u00e0 caract\u00e8re personnel afin que nous puissions les tenir \u00e0 jour.<\/p>\n<h2>Confidentialit\u00e9<\/h2>\n<p>DAGARTECH vous informe que vos donn\u00e9es seront trait\u00e9es avec le plus grand soin et la plus grande confidentialit\u00e9 par tout le personnel impliqu\u00e9 dans toutes les \u00e9tapes du traitement. Nous ne c\u00e9derons ni ne communiquerons vos donn\u00e9es \u00e0 aucun tiers, sauf dans les cas pr\u00e9vus par la loi ou si l\u2019int\u00e9ress\u00e9 nous a express\u00e9ment autoris\u00e9s \u00e0 le faire.<\/p>\n","protected":false},"excerpt":{"rendered":"<p>Le r\u00e8glement (UE) 2016\/679 sur la protection des donn\u00e9es \u00e0 caract\u00e8re personnel et la loi organique 3\/2018 du 5\u00a0d\u00e9cembre sur la protection des donn\u00e9es \u00e0 caract\u00e8re personnel et la garantie des droits num\u00e9riques \u00e9tablissent une nouvelle approche du contr\u00f4le et du traitement des donn\u00e9es \u00e0 caract\u00e8re personnel. Nous avons revu et adapt\u00e9 notre politique de [&hellip;]<\/p>\n","protected":false},"author":1,"featured_media":0,"parent":0,"menu_order":0,"comment_status":"open","ping_status":"closed","template":"page_legal.php","meta":{"_acf_changed":false,"footnotes":""},"class_list":["post-848","page","type-page","status-publish","hentry"],"acf":[],"yoast_head":"<!-- This site is optimized with the Yoast SEO plugin v23.1 - https:\/\/yoast.com\/wordpress\/plugins\/seo\/ -->\n<title>Politique de confidentialit\u00e9 | Dagartech FR<\/title>\n<meta name=\"robots\" content=\"index, follow, max-snippet:-1, max-image-preview:large, max-video-preview:-1\" \/>\n<link rel=\"canonical\" href=\"https:\/\/www.dagartech.com\/fr\/politique-de-confidentialite\/\" \/>\n<meta property=\"og:locale\" content=\"fr_FR\" \/>\n<meta property=\"og:type\" content=\"article\" \/>\n<meta property=\"og:title\" content=\"Politique de confidentialit\u00e9 | Dagartech FR\" \/>\n<meta property=\"og:description\" content=\"Le r\u00e8glement (UE) 2016\/679 sur la protection des donn\u00e9es \u00e0 caract\u00e8re personnel et la loi organique 3\/2018 du 5\u00a0d\u00e9cembre sur la protection des donn\u00e9es \u00e0 caract\u00e8re personnel et la garantie des droits num\u00e9riques \u00e9tablissent une nouvelle approche du contr\u00f4le et du traitement des donn\u00e9es \u00e0 caract\u00e8re personnel. Nous avons revu et adapt\u00e9 notre politique de [&hellip;]\" \/>\n<meta property=\"og:url\" content=\"https:\/\/www.dagartech.com\/fr\/politique-de-confidentialite\/\" \/>\n<meta property=\"og:site_name\" content=\"Dagartech FR\" \/>\n<meta property=\"article:publisher\" content=\"https:\/\/www.facebook.com\/dagartech\/\" \/>\n<meta property=\"article:modified_time\" content=\"2024-07-11T13:47:00+00:00\" \/>\n<meta property=\"og:image\" content=\"https:\/\/www.dagartech.com\/fr\/wp-content\/uploads\/sites\/5\/2024\/02\/Logo-dagartech.png\" \/>\n\t<meta property=\"og:image:width\" content=\"5692\" \/>\n\t<meta property=\"og:image:height\" content=\"3200\" \/>\n\t<meta property=\"og:image:type\" content=\"image\/png\" \/>\n<meta name=\"twitter:card\" content=\"summary_large_image\" \/>\n<meta name=\"twitter:site\" content=\"@dagartech\" \/>\n<meta name=\"twitter:label1\" content=\"Dur\u00e9e de lecture estim\u00e9e\" \/>\n\t<meta name=\"twitter:data1\" content=\"1 minute\" \/>\n<script type=\"application\/ld+json\" class=\"yoast-schema-graph\">{\"@context\":\"https:\/\/schema.org\",\"@graph\":[{\"@type\":\"WebPage\",\"@id\":\"https:\/\/www.dagartech.com\/fr\/politique-de-confidentialite\/\",\"url\":\"https:\/\/www.dagartech.com\/fr\/politique-de-confidentialite\/\",\"name\":\"Politique de confidentialit\u00e9 | Dagartech FR\",\"isPartOf\":{\"@id\":\"https:\/\/www.dagartech.com\/fr\/#website\"},\"datePublished\":\"2024-07-11T06:31:38+00:00\",\"dateModified\":\"2024-07-11T13:47:00+00:00\",\"breadcrumb\":{\"@id\":\"https:\/\/www.dagartech.com\/fr\/politique-de-confidentialite\/#breadcrumb\"},\"inLanguage\":\"fr-FR\",\"potentialAction\":[{\"@type\":\"ReadAction\",\"target\":[\"https:\/\/www.dagartech.com\/fr\/politique-de-confidentialite\/\"]}]},{\"@type\":\"BreadcrumbList\",\"@id\":\"https:\/\/www.dagartech.com\/fr\/politique-de-confidentialite\/#breadcrumb\",\"itemListElement\":[{\"@type\":\"ListItem\",\"position\":1,\"name\":\"Portada\",\"item\":\"https:\/\/www.dagartech.com\/fr\/\"},{\"@type\":\"ListItem\",\"position\":2,\"name\":\"Politique de confidentialit\u00e9\"}]},{\"@type\":\"WebSite\",\"@id\":\"https:\/\/www.dagartech.com\/fr\/#website\",\"url\":\"https:\/\/www.dagartech.com\/fr\/\",\"name\":\"Dagartech\",\"description\":\"Somos fabricantes de Grupos Electr\u00f3genos. M\u00e1ximos est\u00e1ndares de Calidad. Elevada Fiabilidad y Seguridad. Nos adaptamos a las necesidades de cada proyecto.\",\"publisher\":{\"@id\":\"https:\/\/www.dagartech.com\/fr\/#organization\"},\"potentialAction\":[{\"@type\":\"SearchAction\",\"target\":{\"@type\":\"EntryPoint\",\"urlTemplate\":\"https:\/\/www.dagartech.com\/fr\/?s={search_term_string}\"},\"query-input\":\"required name=search_term_string\"}],\"inLanguage\":\"fr-FR\"},{\"@type\":\"Organization\",\"@id\":\"https:\/\/www.dagartech.com\/fr\/#organization\",\"name\":\"Dagartech\",\"url\":\"https:\/\/www.dagartech.com\/fr\/\",\"logo\":{\"@type\":\"ImageObject\",\"inLanguage\":\"fr-FR\",\"@id\":\"https:\/\/www.dagartech.com\/fr\/#\/schema\/logo\/image\/\",\"url\":\"https:\/\/www.dagartech.com\/fr\/wp-content\/uploads\/sites\/5\/2024\/02\/Logo-dagartech.png\",\"contentUrl\":\"https:\/\/www.dagartech.com\/fr\/wp-content\/uploads\/sites\/5\/2024\/02\/Logo-dagartech.png\",\"width\":5692,\"height\":3200,\"caption\":\"Dagartech\"},\"image\":{\"@id\":\"https:\/\/www.dagartech.com\/fr\/#\/schema\/logo\/image\/\"},\"sameAs\":[\"https:\/\/www.facebook.com\/dagartech\/\",\"https:\/\/x.com\/dagartech\",\"https:\/\/www.youtube.com\/channel\/UC088MotzpZAfzdS2yiXSUNg\",\"https:\/\/www.instagram.com\/dagartech_energy_solutions\/?igshid=MTNiYzNiMzkwZA\",\"https:\/\/www.linkedin.com\/company\/dagartech\/\"]}]}<\/script>\n<!-- \/ Yoast SEO plugin. -->","yoast_head_json":{"title":"Politique de confidentialit\u00e9 | Dagartech FR","robots":{"index":"index","follow":"follow","max-snippet":"max-snippet:-1","max-image-preview":"max-image-preview:large","max-video-preview":"max-video-preview:-1"},"canonical":"https:\/\/www.dagartech.com\/fr\/politique-de-confidentialite\/","og_locale":"fr_FR","og_type":"article","og_title":"Politique de confidentialit\u00e9 | Dagartech FR","og_description":"Le r\u00e8glement (UE) 2016\/679 sur la protection des donn\u00e9es \u00e0 caract\u00e8re personnel et la loi organique 3\/2018 du 5\u00a0d\u00e9cembre sur la protection des donn\u00e9es \u00e0 caract\u00e8re personnel et la garantie des droits num\u00e9riques \u00e9tablissent une nouvelle approche du contr\u00f4le et du traitement des donn\u00e9es \u00e0 caract\u00e8re personnel. Nous avons revu et adapt\u00e9 notre politique de [&hellip;]","og_url":"https:\/\/www.dagartech.com\/fr\/politique-de-confidentialite\/","og_site_name":"Dagartech FR","article_publisher":"https:\/\/www.facebook.com\/dagartech\/","article_modified_time":"2024-07-11T13:47:00+00:00","og_image":[{"width":5692,"height":3200,"url":"https:\/\/www.dagartech.com\/fr\/wp-content\/uploads\/sites\/5\/2024\/02\/Logo-dagartech.png","type":"image\/png"}],"twitter_card":"summary_large_image","twitter_site":"@dagartech","twitter_misc":{"Dur\u00e9e de lecture estim\u00e9e":"1 minute"},"schema":{"@context":"https:\/\/schema.org","@graph":[{"@type":"WebPage","@id":"https:\/\/www.dagartech.com\/fr\/politique-de-confidentialite\/","url":"https:\/\/www.dagartech.com\/fr\/politique-de-confidentialite\/","name":"Politique de confidentialit\u00e9 | Dagartech FR","isPartOf":{"@id":"https:\/\/www.dagartech.com\/fr\/#website"},"datePublished":"2024-07-11T06:31:38+00:00","dateModified":"2024-07-11T13:47:00+00:00","breadcrumb":{"@id":"https:\/\/www.dagartech.com\/fr\/politique-de-confidentialite\/#breadcrumb"},"inLanguage":"fr-FR","potentialAction":[{"@type":"ReadAction","target":["https:\/\/www.dagartech.com\/fr\/politique-de-confidentialite\/"]}]},{"@type":"BreadcrumbList","@id":"https:\/\/www.dagartech.com\/fr\/politique-de-confidentialite\/#breadcrumb","itemListElement":[{"@type":"ListItem","position":1,"name":"Portada","item":"https:\/\/www.dagartech.com\/fr\/"},{"@type":"ListItem","position":2,"name":"Politique de confidentialit\u00e9"}]},{"@type":"WebSite","@id":"https:\/\/www.dagartech.com\/fr\/#website","url":"https:\/\/www.dagartech.com\/fr\/","name":"Dagartech","description":"Somos fabricantes de Grupos Electr\u00f3genos. M\u00e1ximos est\u00e1ndares de Calidad. Elevada Fiabilidad y Seguridad. Nos adaptamos a las necesidades de cada proyecto.","publisher":{"@id":"https:\/\/www.dagartech.com\/fr\/#organization"},"potentialAction":[{"@type":"SearchAction","target":{"@type":"EntryPoint","urlTemplate":"https:\/\/www.dagartech.com\/fr\/?s={search_term_string}"},"query-input":"required name=search_term_string"}],"inLanguage":"fr-FR"},{"@type":"Organization","@id":"https:\/\/www.dagartech.com\/fr\/#organization","name":"Dagartech","url":"https:\/\/www.dagartech.com\/fr\/","logo":{"@type":"ImageObject","inLanguage":"fr-FR","@id":"https:\/\/www.dagartech.com\/fr\/#\/schema\/logo\/image\/","url":"https:\/\/www.dagartech.com\/fr\/wp-content\/uploads\/sites\/5\/2024\/02\/Logo-dagartech.png","contentUrl":"https:\/\/www.dagartech.com\/fr\/wp-content\/uploads\/sites\/5\/2024\/02\/Logo-dagartech.png","width":5692,"height":3200,"caption":"Dagartech"},"image":{"@id":"https:\/\/www.dagartech.com\/fr\/#\/schema\/logo\/image\/"},"sameAs":["https:\/\/www.facebook.com\/dagartech\/","https:\/\/x.com\/dagartech","https:\/\/www.youtube.com\/channel\/UC088MotzpZAfzdS2yiXSUNg","https:\/\/www.instagram.com\/dagartech_energy_solutions\/?igshid=MTNiYzNiMzkwZA","https:\/\/www.linkedin.com\/company\/dagartech\/"]}]}},"_links":{"self":[{"href":"https:\/\/www.dagartech.com\/fr\/wp-json\/wp\/v2\/pages\/848"}],"collection":[{"href":"https:\/\/www.dagartech.com\/fr\/wp-json\/wp\/v2\/pages"}],"about":[{"href":"https:\/\/www.dagartech.com\/fr\/wp-json\/wp\/v2\/types\/page"}],"author":[{"embeddable":true,"href":"https:\/\/www.dagartech.com\/fr\/wp-json\/wp\/v2\/users\/1"}],"replies":[{"embeddable":true,"href":"https:\/\/www.dagartech.com\/fr\/wp-json\/wp\/v2\/comments?post=848"}],"version-history":[{"count":2,"href":"https:\/\/www.dagartech.com\/fr\/wp-json\/wp\/v2\/pages\/848\/revisions"}],"predecessor-version":[{"id":6611,"href":"https:\/\/www.dagartech.com\/fr\/wp-json\/wp\/v2\/pages\/848\/revisions\/6611"}],"wp:attachment":[{"href":"https:\/\/www.dagartech.com\/fr\/wp-json\/wp\/v2\/media?parent=848"}],"curies":[{"name":"wp","href":"https:\/\/api.w.org\/{rel}","templated":true}]}}