{"id":808,"date":"2024-07-11T08:31:38","date_gmt":"2024-07-11T06:31:38","guid":{"rendered":"https:\/\/www.dagartech.com\/?page_id=808"},"modified":"2024-07-16T12:30:02","modified_gmt":"2024-07-16T10:30:02","slug":"applications-de-nos-groupes-electrogenes","status":"publish","type":"page","link":"https:\/\/www.dagartech.com\/fr\/applications\/","title":{"rendered":"Applications de nos groupes \u00e9lectrog\u00e8nes"},"content":{"rendered":"","protected":false},"excerpt":{"rendered":"","protected":false},"author":1,"featured_media":0,"parent":0,"menu_order":0,"comment_status":"open","ping_status":"closed","template":"page_applications.php","meta":{"_acf_changed":false,"footnotes":""},"class_list":["post-808","page","type-page","status-publish","hentry"],"acf":[],"yoast_head":"<!-- This site is optimized with the Yoast SEO plugin v23.1 - https:\/\/yoast.com\/wordpress\/plugins\/seo\/ -->\n<title>Applications de nos groupes \u00e9lectrog\u00e8nes | Dagartech FR<\/title>\n<meta name=\"robots\" content=\"index, follow, max-snippet:-1, max-image-preview:large, max-video-preview:-1\" \/>\n<link rel=\"canonical\" href=\"https:\/\/www.dagartech.com\/fr\/applications\/\" \/>\n<meta property=\"og:locale\" content=\"fr_FR\" \/>\n<meta property=\"og:type\" content=\"article\" \/>\n<meta property=\"og:title\" content=\"Applications de nos groupes \u00e9lectrog\u00e8nes | Dagartech FR\" \/>\n<meta property=\"og:url\" content=\"https:\/\/www.dagartech.com\/fr\/applications\/\" \/>\n<meta property=\"og:site_name\" content=\"Dagartech FR\" \/>\n<meta property=\"article:publisher\" content=\"https:\/\/www.facebook.com\/dagartech\/\" \/>\n<meta property=\"article:modified_time\" content=\"2024-07-16T10:30:02+00:00\" \/>\n<meta property=\"og:image\" content=\"https:\/\/www.dagartech.com\/fr\/wp-content\/uploads\/sites\/5\/2024\/02\/Logo-dagartech.png\" \/>\n\t<meta property=\"og:image:width\" content=\"5692\" \/>\n\t<meta property=\"og:image:height\" content=\"3200\" \/>\n\t<meta property=\"og:image:type\" content=\"image\/png\" \/>\n<meta name=\"twitter:card\" content=\"summary_large_image\" \/>\n<meta name=\"twitter:site\" content=\"@dagartech\" \/>\n<script type=\"application\/ld+json\" class=\"yoast-schema-graph\">{\"@context\":\"https:\/\/schema.org\",\"@graph\":[{\"@type\":\"WebPage\",\"@id\":\"https:\/\/www.dagartech.com\/fr\/applications\/\",\"url\":\"https:\/\/www.dagartech.com\/fr\/applications\/\",\"name\":\"Applications de nos groupes \u00e9lectrog\u00e8nes | Dagartech FR\",\"isPartOf\":{\"@id\":\"https:\/\/www.dagartech.com\/fr\/#website\"},\"datePublished\":\"2024-07-11T06:31:38+00:00\",\"dateModified\":\"2024-07-16T10:30:02+00:00\",\"breadcrumb\":{\"@id\":\"https:\/\/www.dagartech.com\/fr\/applications\/#breadcrumb\"},\"inLanguage\":\"fr-FR\",\"potentialAction\":[{\"@type\":\"ReadAction\",\"target\":[\"https:\/\/www.dagartech.com\/fr\/applications\/\"]}]},{\"@type\":\"BreadcrumbList\",\"@id\":\"https:\/\/www.dagartech.com\/fr\/applications\/#breadcrumb\",\"itemListElement\":[{\"@type\":\"ListItem\",\"position\":1,\"name\":\"Portada\",\"item\":\"https:\/\/www.dagartech.com\/fr\/\"},{\"@type\":\"ListItem\",\"position\":2,\"name\":\"Applications de nos groupes \u00e9lectrog\u00e8nes\"}]},{\"@type\":\"WebSite\",\"@id\":\"https:\/\/www.dagartech.com\/fr\/#website\",\"url\":\"https:\/\/www.dagartech.com\/fr\/\",\"name\":\"Dagartech\",\"description\":\"Somos fabricantes de Grupos Electr\u00f3genos. M\u00e1ximos est\u00e1ndares de Calidad. Elevada Fiabilidad y Seguridad. Nos adaptamos a las necesidades de cada proyecto.\",\"publisher\":{\"@id\":\"https:\/\/www.dagartech.com\/fr\/#organization\"},\"potentialAction\":[{\"@type\":\"SearchAction\",\"target\":{\"@type\":\"EntryPoint\",\"urlTemplate\":\"https:\/\/www.dagartech.com\/fr\/?s={search_term_string}\"},\"query-input\":\"required name=search_term_string\"}],\"inLanguage\":\"fr-FR\"},{\"@type\":\"Organization\",\"@id\":\"https:\/\/www.dagartech.com\/fr\/#organization\",\"name\":\"Dagartech\",\"url\":\"https:\/\/www.dagartech.com\/fr\/\",\"logo\":{\"@type\":\"ImageObject\",\"inLanguage\":\"fr-FR\",\"@id\":\"https:\/\/www.dagartech.com\/fr\/#\/schema\/logo\/image\/\",\"url\":\"https:\/\/www.dagartech.com\/fr\/wp-content\/uploads\/sites\/5\/2024\/02\/Logo-dagartech.png\",\"contentUrl\":\"https:\/\/www.dagartech.com\/fr\/wp-content\/uploads\/sites\/5\/2024\/02\/Logo-dagartech.png\",\"width\":5692,\"height\":3200,\"caption\":\"Dagartech\"},\"image\":{\"@id\":\"https:\/\/www.dagartech.com\/fr\/#\/schema\/logo\/image\/\"},\"sameAs\":[\"https:\/\/www.facebook.com\/dagartech\/\",\"https:\/\/x.com\/dagartech\",\"https:\/\/www.youtube.com\/channel\/UC088MotzpZAfzdS2yiXSUNg\",\"https:\/\/www.instagram.com\/dagartech_energy_solutions\/?igshid=MTNiYzNiMzkwZA\",\"https:\/\/www.linkedin.com\/company\/dagartech\/\"]}]}<\/script>\n<!-- \/ Yoast SEO plugin. -->","yoast_head_json":{"title":"Applications de nos groupes \u00e9lectrog\u00e8nes | Dagartech FR","robots":{"index":"index","follow":"follow","max-snippet":"max-snippet:-1","max-image-preview":"max-image-preview:large","max-video-preview":"max-video-preview:-1"},"canonical":"https:\/\/www.dagartech.com\/fr\/applications\/","og_locale":"fr_FR","og_type":"article","og_title":"Applications de nos groupes \u00e9lectrog\u00e8nes | Dagartech FR","og_url":"https:\/\/www.dagartech.com\/fr\/applications\/","og_site_name":"Dagartech FR","article_publisher":"https:\/\/www.facebook.com\/dagartech\/","article_modified_time":"2024-07-16T10:30:02+00:00","og_image":[{"width":5692,"height":3200,"url":"https:\/\/www.dagartech.com\/fr\/wp-content\/uploads\/sites\/5\/2024\/02\/Logo-dagartech.png","type":"image\/png"}],"twitter_card":"summary_large_image","twitter_site":"@dagartech","schema":{"@context":"https:\/\/schema.org","@graph":[{"@type":"WebPage","@id":"https:\/\/www.dagartech.com\/fr\/applications\/","url":"https:\/\/www.dagartech.com\/fr\/applications\/","name":"Applications de nos groupes \u00e9lectrog\u00e8nes | Dagartech FR","isPartOf":{"@id":"https:\/\/www.dagartech.com\/fr\/#website"},"datePublished":"2024-07-11T06:31:38+00:00","dateModified":"2024-07-16T10:30:02+00:00","breadcrumb":{"@id":"https:\/\/www.dagartech.com\/fr\/applications\/#breadcrumb"},"inLanguage":"fr-FR","potentialAction":[{"@type":"ReadAction","target":["https:\/\/www.dagartech.com\/fr\/applications\/"]}]},{"@type":"BreadcrumbList","@id":"https:\/\/www.dagartech.com\/fr\/applications\/#breadcrumb","itemListElement":[{"@type":"ListItem","position":1,"name":"Portada","item":"https:\/\/www.dagartech.com\/fr\/"},{"@type":"ListItem","position":2,"name":"Applications de nos groupes \u00e9lectrog\u00e8nes"}]},{"@type":"WebSite","@id":"https:\/\/www.dagartech.com\/fr\/#website","url":"https:\/\/www.dagartech.com\/fr\/","name":"Dagartech","description":"Somos fabricantes de Grupos Electr\u00f3genos. M\u00e1ximos est\u00e1ndares de Calidad. Elevada Fiabilidad y Seguridad. Nos adaptamos a las necesidades de cada proyecto.","publisher":{"@id":"https:\/\/www.dagartech.com\/fr\/#organization"},"potentialAction":[{"@type":"SearchAction","target":{"@type":"EntryPoint","urlTemplate":"https:\/\/www.dagartech.com\/fr\/?s={search_term_string}"},"query-input":"required name=search_term_string"}],"inLanguage":"fr-FR"},{"@type":"Organization","@id":"https:\/\/www.dagartech.com\/fr\/#organization","name":"Dagartech","url":"https:\/\/www.dagartech.com\/fr\/","logo":{"@type":"ImageObject","inLanguage":"fr-FR","@id":"https:\/\/www.dagartech.com\/fr\/#\/schema\/logo\/image\/","url":"https:\/\/www.dagartech.com\/fr\/wp-content\/uploads\/sites\/5\/2024\/02\/Logo-dagartech.png","contentUrl":"https:\/\/www.dagartech.com\/fr\/wp-content\/uploads\/sites\/5\/2024\/02\/Logo-dagartech.png","width":5692,"height":3200,"caption":"Dagartech"},"image":{"@id":"https:\/\/www.dagartech.com\/fr\/#\/schema\/logo\/image\/"},"sameAs":["https:\/\/www.facebook.com\/dagartech\/","https:\/\/x.com\/dagartech","https:\/\/www.youtube.com\/channel\/UC088MotzpZAfzdS2yiXSUNg","https:\/\/www.instagram.com\/dagartech_energy_solutions\/?igshid=MTNiYzNiMzkwZA","https:\/\/www.linkedin.com\/company\/dagartech\/"]}]}},"_links":{"self":[{"href":"https:\/\/www.dagartech.com\/fr\/wp-json\/wp\/v2\/pages\/808"}],"collection":[{"href":"https:\/\/www.dagartech.com\/fr\/wp-json\/wp\/v2\/pages"}],"about":[{"href":"https:\/\/www.dagartech.com\/fr\/wp-json\/wp\/v2\/types\/page"}],"author":[{"embeddable":true,"href":"https:\/\/www.dagartech.com\/fr\/wp-json\/wp\/v2\/users\/1"}],"replies":[{"embeddable":true,"href":"https:\/\/www.dagartech.com\/fr\/wp-json\/wp\/v2\/comments?post=808"}],"version-history":[{"count":19,"href":"https:\/\/www.dagartech.com\/fr\/wp-json\/wp\/v2\/pages\/808\/revisions"}],"predecessor-version":[{"id":6704,"href":"https:\/\/www.dagartech.com\/fr\/wp-json\/wp\/v2\/pages\/808\/revisions\/6704"}],"wp:attachment":[{"href":"https:\/\/www.dagartech.com\/fr\/wp-json\/wp\/v2\/media?parent=808"}],"curies":[{"name":"wp","href":"https:\/\/api.w.org\/{rel}","templated":true}]}}