{"id":8699,"date":"2025-05-09T14:20:28","date_gmt":"2025-05-09T12:20:28","guid":{"rendered":"https:\/\/www.dagartech.com\/en\/producto\/cgbs-170-me\/"},"modified":"2026-03-24T09:31:04","modified_gmt":"2026-03-24T08:31:04","slug":"cgbs-170-me","status":"publish","type":"product","link":"https:\/\/www.dagartech.com\/en\/generator-sets\/cgbs-170-me-400-230v\/","title":{"rendered":"CGBS 170 ME"},"content":{"rendered":"","protected":false},"excerpt":{"rendered":"<p>Complit range generator set, single-phase and open, with automatic, manual, signal-driven or test mode operation. When every second counts, complete power, Complit power.<\/p>\n","protected":false},"featured_media":8711,"comment_status":"closed","ping_status":"closed","template":"","meta":{"_acf_changed":false},"product_cat":[235,239,335],"product_tag":[],"class_list":{"0":"post-8699","1":"product","2":"type-product","3":"status-publish","4":"has-post-thumbnail","6":"product_cat-medium-power-from-30-kva-to-825-kva","7":"product_cat-baudouin","8":"product_cat-complit","9":"pa_fases-three-phase","10":"pa_frequencia-50hz","11":"pa_motor-baudouin","12":"pa_rango-de-potencia-70-175-kva","13":"pa_tension-400-230v","14":"pa_version-soundproofed","16":"first","17":"instock","18":"product-type-simple"},"acf":[],"yoast_head":"<!-- This site is optimized with the Yoast SEO plugin v23.1 - https:\/\/yoast.com\/wordpress\/plugins\/seo\/ -->\n<title>CGBS 170 ME. BAUDOUIN 6M11G4D0\/S - Generator set - Dagartech<\/title>\n<meta name=\"description\" content=\"Generator set CGBS 170 ME from the Category Medium power (from 30 kVA to 825 kVA), Baudouin, Complit range. Power and engine Diesel. 400\/230V to .\" \/>\n<meta name=\"robots\" content=\"index, follow, max-snippet:-1, max-image-preview:large, max-video-preview:-1\" \/>\n<link rel=\"canonical\" href=\"https:\/\/www.dagartech.com\/en\/generator-sets\/cgbs-170-me-400-230v\/\" \/>\n<meta property=\"og:locale\" content=\"en_GB\" \/>\n<meta property=\"og:type\" content=\"article\" \/>\n<meta property=\"og:title\" content=\"CGBS 170 ME. BAUDOUIN 6M11G4D0\/S - Generator set - Dagartech\" \/>\n<meta property=\"og:description\" content=\"Generator set CGBS 170 ME from the Category Medium power (from 30 kVA to 825 kVA), Baudouin, Complit range. Power and engine Diesel. 400\/230V to .\" \/>\n<meta property=\"og:url\" content=\"https:\/\/www.dagartech.com\/en\/generator-sets\/cgbs-170-me-400-230v\/\" \/>\n<meta property=\"og:site_name\" content=\"Dagartech EN\" \/>\n<meta property=\"article:publisher\" content=\"https:\/\/www.facebook.com\/dagartech\/\" \/>\n<meta property=\"article:modified_time\" content=\"2026-03-24T08:31:04+00:00\" \/>\n<meta property=\"og:image\" content=\"https:\/\/www.dagartech.com\/en\/wp-content\/uploads\/sites\/4\/2025\/05\/Dagartech_Gama-Complit-DKC_2.jpg\" \/>\n\t<meta property=\"og:image:width\" content=\"1687\" \/>\n\t<meta property=\"og:image:height\" content=\"1065\" \/>\n\t<meta property=\"og:image:type\" content=\"image\/jpeg\" \/>\n<meta name=\"twitter:card\" content=\"summary_large_image\" \/>\n<meta name=\"twitter:site\" content=\"@dagartech\" \/>\n<meta name=\"twitter:label1\" content=\"Est. reading time\" \/>\n\t<meta name=\"twitter:data1\" content=\"1 minute\" \/>\n<script type=\"application\/ld+json\" class=\"yoast-schema-graph\">{\"@context\":\"https:\/\/schema.org\",\"@graph\":[{\"@type\":\"WebPage\",\"@id\":\"https:\/\/www.dagartech.com\/en\/generator-sets\/cgbs-170-me-400-230v\/\",\"url\":\"https:\/\/www.dagartech.com\/en\/generator-sets\/cgbs-170-me-400-230v\/\",\"name\":\"CGBS 170 ME. BAUDOUIN 6M11G4D0\/S - Generator set - Dagartech\",\"isPartOf\":{\"@id\":\"https:\/\/www.dagartech.com\/en\/#website\"},\"primaryImageOfPage\":{\"@id\":\"https:\/\/www.dagartech.com\/en\/generator-sets\/cgbs-170-me-400-230v\/#primaryimage\"},\"image\":{\"@id\":\"https:\/\/www.dagartech.com\/en\/generator-sets\/cgbs-170-me-400-230v\/#primaryimage\"},\"thumbnailUrl\":\"https:\/\/www.dagartech.com\/en\/wp-content\/uploads\/sites\/4\/2025\/05\/Dagartech_Gama-Complit-DKC_2.jpg\",\"datePublished\":\"2025-05-09T12:20:28+00:00\",\"dateModified\":\"2026-03-24T08:31:04+00:00\",\"description\":\"Generator set CGBS 170 ME from the Category Medium power (from 30 kVA to 825 kVA), Baudouin, Complit range. Power and engine Diesel. 400\/230V to .\",\"breadcrumb\":{\"@id\":\"https:\/\/www.dagartech.com\/en\/generator-sets\/cgbs-170-me-400-230v\/#breadcrumb\"},\"inLanguage\":\"en-GB\",\"potentialAction\":[{\"@type\":\"ReadAction\",\"target\":[\"https:\/\/www.dagartech.com\/en\/generator-sets\/cgbs-170-me-400-230v\/\"]}]},{\"@type\":\"ImageObject\",\"inLanguage\":\"en-GB\",\"@id\":\"https:\/\/www.dagartech.com\/en\/generator-sets\/cgbs-170-me-400-230v\/#primaryimage\",\"url\":\"https:\/\/www.dagartech.com\/en\/wp-content\/uploads\/sites\/4\/2025\/05\/Dagartech_Gama-Complit-DKC_2.jpg\",\"contentUrl\":\"https:\/\/www.dagartech.com\/en\/wp-content\/uploads\/sites\/4\/2025\/05\/Dagartech_Gama-Complit-DKC_2.jpg\",\"width\":1687,\"height\":1065},{\"@type\":\"BreadcrumbList\",\"@id\":\"https:\/\/www.dagartech.com\/en\/generator-sets\/cgbs-170-me-400-230v\/#breadcrumb\",\"itemListElement\":[{\"@type\":\"ListItem\",\"position\":1,\"name\":\"Portada\",\"item\":\"https:\/\/www.dagartech.com\/en\/\"},{\"@type\":\"ListItem\",\"position\":2,\"name\":\"Products\",\"item\":\"https:\/\/www.dagartech.com\/en\/shop\/\"},{\"@type\":\"ListItem\",\"position\":3,\"name\":\"CGBS 170 ME\"}]},{\"@type\":\"WebSite\",\"@id\":\"https:\/\/www.dagartech.com\/en\/#website\",\"url\":\"https:\/\/www.dagartech.com\/en\/\",\"name\":\"Dagartech\",\"description\":\"Somos fabricantes de Grupos Electr\u00f3genos. M\u00e1ximos est\u00e1ndares de Calidad. Elevada Fiabilidad y Seguridad. Nos adaptamos a las necesidades de cada proyecto.\",\"publisher\":{\"@id\":\"https:\/\/www.dagartech.com\/en\/#organization\"},\"potentialAction\":[{\"@type\":\"SearchAction\",\"target\":{\"@type\":\"EntryPoint\",\"urlTemplate\":\"https:\/\/www.dagartech.com\/en\/?s={search_term_string}\"},\"query-input\":\"required name=search_term_string\"}],\"inLanguage\":\"en-GB\"},{\"@type\":\"Organization\",\"@id\":\"https:\/\/www.dagartech.com\/en\/#organization\",\"name\":\"Dagartech\",\"url\":\"https:\/\/www.dagartech.com\/en\/\",\"logo\":{\"@type\":\"ImageObject\",\"inLanguage\":\"en-GB\",\"@id\":\"https:\/\/www.dagartech.com\/en\/#\/schema\/logo\/image\/\",\"url\":\"https:\/\/www.dagartech.com\/en\/wp-content\/uploads\/sites\/4\/2024\/02\/Logo-dagartech.png\",\"contentUrl\":\"https:\/\/www.dagartech.com\/en\/wp-content\/uploads\/sites\/4\/2024\/02\/Logo-dagartech.png\",\"width\":5692,\"height\":3200,\"caption\":\"Dagartech\"},\"image\":{\"@id\":\"https:\/\/www.dagartech.com\/en\/#\/schema\/logo\/image\/\"},\"sameAs\":[\"https:\/\/www.facebook.com\/dagartech\/\",\"https:\/\/x.com\/dagartech\",\"https:\/\/www.youtube.com\/channel\/UC088MotzpZAfzdS2yiXSUNg\",\"https:\/\/www.instagram.com\/dagartech_energy_solutions\/?igshid=MTNiYzNiMzkwZA\",\"https:\/\/www.linkedin.com\/company\/dagartech\/\"]}]}<\/script>\n<!-- \/ Yoast SEO plugin. -->","yoast_head_json":{"title":"CGBS 170 ME. BAUDOUIN 6M11G4D0\/S - Generator set - Dagartech","description":"Generator set CGBS 170 ME from the Category Medium power (from 30 kVA to 825 kVA), Baudouin, Complit range. Power and engine Diesel. 400\/230V to .","robots":{"index":"index","follow":"follow","max-snippet":"max-snippet:-1","max-image-preview":"max-image-preview:large","max-video-preview":"max-video-preview:-1"},"canonical":"https:\/\/www.dagartech.com\/en\/generator-sets\/cgbs-170-me-400-230v\/","og_locale":"en_GB","og_type":"article","og_title":"CGBS 170 ME. BAUDOUIN 6M11G4D0\/S - Generator set - Dagartech","og_description":"Generator set CGBS 170 ME from the Category Medium power (from 30 kVA to 825 kVA), Baudouin, Complit range. Power and engine Diesel. 400\/230V to .","og_url":"https:\/\/www.dagartech.com\/en\/generator-sets\/cgbs-170-me-400-230v\/","og_site_name":"Dagartech EN","article_publisher":"https:\/\/www.facebook.com\/dagartech\/","article_modified_time":"2026-03-24T08:31:04+00:00","og_image":[{"width":1687,"height":1065,"url":"https:\/\/www.dagartech.com\/en\/wp-content\/uploads\/sites\/4\/2025\/05\/Dagartech_Gama-Complit-DKC_2.jpg","type":"image\/jpeg"}],"twitter_card":"summary_large_image","twitter_site":"@dagartech","twitter_misc":{"Est. reading time":"1 minute"},"schema":{"@context":"https:\/\/schema.org","@graph":[{"@type":"WebPage","@id":"https:\/\/www.dagartech.com\/en\/generator-sets\/cgbs-170-me-400-230v\/","url":"https:\/\/www.dagartech.com\/en\/generator-sets\/cgbs-170-me-400-230v\/","name":"CGBS 170 ME. BAUDOUIN 6M11G4D0\/S - Generator set - Dagartech","isPartOf":{"@id":"https:\/\/www.dagartech.com\/en\/#website"},"primaryImageOfPage":{"@id":"https:\/\/www.dagartech.com\/en\/generator-sets\/cgbs-170-me-400-230v\/#primaryimage"},"image":{"@id":"https:\/\/www.dagartech.com\/en\/generator-sets\/cgbs-170-me-400-230v\/#primaryimage"},"thumbnailUrl":"https:\/\/www.dagartech.com\/en\/wp-content\/uploads\/sites\/4\/2025\/05\/Dagartech_Gama-Complit-DKC_2.jpg","datePublished":"2025-05-09T12:20:28+00:00","dateModified":"2026-03-24T08:31:04+00:00","description":"Generator set CGBS 170 ME from the Category Medium power (from 30 kVA to 825 kVA), Baudouin, Complit range. Power and engine Diesel. 400\/230V to .","breadcrumb":{"@id":"https:\/\/www.dagartech.com\/en\/generator-sets\/cgbs-170-me-400-230v\/#breadcrumb"},"inLanguage":"en-GB","potentialAction":[{"@type":"ReadAction","target":["https:\/\/www.dagartech.com\/en\/generator-sets\/cgbs-170-me-400-230v\/"]}]},{"@type":"ImageObject","inLanguage":"en-GB","@id":"https:\/\/www.dagartech.com\/en\/generator-sets\/cgbs-170-me-400-230v\/#primaryimage","url":"https:\/\/www.dagartech.com\/en\/wp-content\/uploads\/sites\/4\/2025\/05\/Dagartech_Gama-Complit-DKC_2.jpg","contentUrl":"https:\/\/www.dagartech.com\/en\/wp-content\/uploads\/sites\/4\/2025\/05\/Dagartech_Gama-Complit-DKC_2.jpg","width":1687,"height":1065},{"@type":"BreadcrumbList","@id":"https:\/\/www.dagartech.com\/en\/generator-sets\/cgbs-170-me-400-230v\/#breadcrumb","itemListElement":[{"@type":"ListItem","position":1,"name":"Portada","item":"https:\/\/www.dagartech.com\/en\/"},{"@type":"ListItem","position":2,"name":"Products","item":"https:\/\/www.dagartech.com\/en\/shop\/"},{"@type":"ListItem","position":3,"name":"CGBS 170 ME"}]},{"@type":"WebSite","@id":"https:\/\/www.dagartech.com\/en\/#website","url":"https:\/\/www.dagartech.com\/en\/","name":"Dagartech","description":"Somos fabricantes de Grupos Electr\u00f3genos. M\u00e1ximos est\u00e1ndares de Calidad. Elevada Fiabilidad y Seguridad. Nos adaptamos a las necesidades de cada proyecto.","publisher":{"@id":"https:\/\/www.dagartech.com\/en\/#organization"},"potentialAction":[{"@type":"SearchAction","target":{"@type":"EntryPoint","urlTemplate":"https:\/\/www.dagartech.com\/en\/?s={search_term_string}"},"query-input":"required name=search_term_string"}],"inLanguage":"en-GB"},{"@type":"Organization","@id":"https:\/\/www.dagartech.com\/en\/#organization","name":"Dagartech","url":"https:\/\/www.dagartech.com\/en\/","logo":{"@type":"ImageObject","inLanguage":"en-GB","@id":"https:\/\/www.dagartech.com\/en\/#\/schema\/logo\/image\/","url":"https:\/\/www.dagartech.com\/en\/wp-content\/uploads\/sites\/4\/2024\/02\/Logo-dagartech.png","contentUrl":"https:\/\/www.dagartech.com\/en\/wp-content\/uploads\/sites\/4\/2024\/02\/Logo-dagartech.png","width":5692,"height":3200,"caption":"Dagartech"},"image":{"@id":"https:\/\/www.dagartech.com\/en\/#\/schema\/logo\/image\/"},"sameAs":["https:\/\/www.facebook.com\/dagartech\/","https:\/\/x.com\/dagartech","https:\/\/www.youtube.com\/channel\/UC088MotzpZAfzdS2yiXSUNg","https:\/\/www.instagram.com\/dagartech_energy_solutions\/?igshid=MTNiYzNiMzkwZA","https:\/\/www.linkedin.com\/company\/dagartech\/"]}]}},"df_price":"","df_sale_price":"","df_regular_price":"","df_image_link":"https:\/\/www.dagartech.com\/en\/wp-content\/uploads\/sites\/4\/2025\/05\/Dagartech_Gama-Complit-DKC_2-300x189.jpg","_links":{"self":[{"href":"https:\/\/www.dagartech.com\/en\/wp-json\/wp\/v2\/product\/8699"}],"collection":[{"href":"https:\/\/www.dagartech.com\/en\/wp-json\/wp\/v2\/product"}],"about":[{"href":"https:\/\/www.dagartech.com\/en\/wp-json\/wp\/v2\/types\/product"}],"replies":[{"embeddable":true,"href":"https:\/\/www.dagartech.com\/en\/wp-json\/wp\/v2\/comments?post=8699"}],"wp:featuredmedia":[{"embeddable":true,"href":"https:\/\/www.dagartech.com\/en\/wp-json\/wp\/v2\/media\/8711"}],"wp:attachment":[{"href":"https:\/\/www.dagartech.com\/en\/wp-json\/wp\/v2\/media?parent=8699"}],"wp:term":[{"taxonomy":"product_cat","embeddable":true,"href":"https:\/\/www.dagartech.com\/en\/wp-json\/wp\/v2\/product_cat?post=8699"},{"taxonomy":"product_tag","embeddable":true,"href":"https:\/\/www.dagartech.com\/en\/wp-json\/wp\/v2\/product_tag?post=8699"}],"curies":[{"name":"wp","href":"https:\/\/api.w.org\/{rel}","templated":true}]}}