{"id":841,"date":"2024-07-12T08:30:58","date_gmt":"2024-07-12T06:30:58","guid":{"rendered":"https:\/\/www.dagartech.com\/?page_id=841"},"modified":"2025-01-24T08:54:06","modified_gmt":"2025-01-24T07:54:06","slug":"technical-assistance","status":"publish","type":"page","link":"https:\/\/www.dagartech.com\/en\/technical-assistance\/","title":{"rendered":"Technical support"},"content":{"rendered":"","protected":false},"excerpt":{"rendered":"","protected":false},"author":1,"featured_media":1385,"parent":0,"menu_order":0,"comment_status":"open","ping_status":"open","template":"page_landing-flexible.php","meta":{"_acf_changed":false,"footnotes":""},"class_list":["post-841","page","type-page","status-publish","has-post-thumbnail","hentry"],"acf":[],"yoast_head":"<!-- This site is optimized with the Yoast SEO plugin v23.1 - https:\/\/yoast.com\/wordpress\/plugins\/seo\/ -->\n<title>Technical support | Dagartech EN<\/title>\n<meta name=\"robots\" content=\"index, follow, max-snippet:-1, max-image-preview:large, max-video-preview:-1\" \/>\n<link rel=\"canonical\" href=\"https:\/\/www.dagartech.com\/en\/technical-assistance\/\" \/>\n<meta property=\"og:locale\" content=\"en_GB\" \/>\n<meta property=\"og:type\" content=\"article\" \/>\n<meta property=\"og:title\" content=\"Technical support | Dagartech EN\" \/>\n<meta property=\"og:url\" content=\"https:\/\/www.dagartech.com\/en\/technical-assistance\/\" \/>\n<meta property=\"og:site_name\" content=\"Dagartech EN\" \/>\n<meta property=\"article:publisher\" content=\"https:\/\/www.facebook.com\/dagartech\/\" \/>\n<meta property=\"article:modified_time\" content=\"2025-01-24T07:54:06+00:00\" \/>\n<meta property=\"og:image\" content=\"https:\/\/www.dagartech.com\/en\/wp-content\/uploads\/sites\/4\/2024\/02\/section-inicial-mobile-servicio-tecnico.jpg\" \/>\n\t<meta property=\"og:image:width\" content=\"600\" \/>\n\t<meta property=\"og:image:height\" content=\"520\" \/>\n\t<meta property=\"og:image:type\" content=\"image\/jpeg\" \/>\n<meta name=\"twitter:card\" content=\"summary_large_image\" \/>\n<meta name=\"twitter:site\" content=\"@dagartech\" \/>\n<meta name=\"twitter:label1\" content=\"Est. reading time\" \/>\n\t<meta name=\"twitter:data1\" content=\"1 minute\" \/>\n<script type=\"application\/ld+json\" class=\"yoast-schema-graph\">{\"@context\":\"https:\/\/schema.org\",\"@graph\":[{\"@type\":\"WebPage\",\"@id\":\"https:\/\/www.dagartech.com\/en\/technical-assistance\/\",\"url\":\"https:\/\/www.dagartech.com\/en\/technical-assistance\/\",\"name\":\"Technical support | Dagartech EN\",\"isPartOf\":{\"@id\":\"https:\/\/www.dagartech.com\/en\/#website\"},\"primaryImageOfPage\":{\"@id\":\"https:\/\/www.dagartech.com\/en\/technical-assistance\/#primaryimage\"},\"image\":{\"@id\":\"https:\/\/www.dagartech.com\/en\/technical-assistance\/#primaryimage\"},\"thumbnailUrl\":\"https:\/\/www.dagartech.com\/en\/wp-content\/uploads\/sites\/4\/2024\/02\/section-inicial-mobile-servicio-tecnico.jpg\",\"datePublished\":\"2024-07-12T06:30:58+00:00\",\"dateModified\":\"2025-01-24T07:54:06+00:00\",\"breadcrumb\":{\"@id\":\"https:\/\/www.dagartech.com\/en\/technical-assistance\/#breadcrumb\"},\"inLanguage\":\"en-GB\",\"potentialAction\":[{\"@type\":\"ReadAction\",\"target\":[\"https:\/\/www.dagartech.com\/en\/technical-assistance\/\"]}]},{\"@type\":\"ImageObject\",\"inLanguage\":\"en-GB\",\"@id\":\"https:\/\/www.dagartech.com\/en\/technical-assistance\/#primaryimage\",\"url\":\"https:\/\/www.dagartech.com\/en\/wp-content\/uploads\/sites\/4\/2024\/02\/section-inicial-mobile-servicio-tecnico.jpg\",\"contentUrl\":\"https:\/\/www.dagartech.com\/en\/wp-content\/uploads\/sites\/4\/2024\/02\/section-inicial-mobile-servicio-tecnico.jpg\",\"width\":600,\"height\":520},{\"@type\":\"BreadcrumbList\",\"@id\":\"https:\/\/www.dagartech.com\/en\/technical-assistance\/#breadcrumb\",\"itemListElement\":[{\"@type\":\"ListItem\",\"position\":1,\"name\":\"Portada\",\"item\":\"https:\/\/www.dagartech.com\/en\/\"},{\"@type\":\"ListItem\",\"position\":2,\"name\":\"Technical support\"}]},{\"@type\":\"WebSite\",\"@id\":\"https:\/\/www.dagartech.com\/en\/#website\",\"url\":\"https:\/\/www.dagartech.com\/en\/\",\"name\":\"Dagartech\",\"description\":\"Somos fabricantes de Grupos Electr\u00f3genos. M\u00e1ximos est\u00e1ndares de Calidad. Elevada Fiabilidad y Seguridad. Nos adaptamos a las necesidades de cada proyecto.\",\"publisher\":{\"@id\":\"https:\/\/www.dagartech.com\/en\/#organization\"},\"potentialAction\":[{\"@type\":\"SearchAction\",\"target\":{\"@type\":\"EntryPoint\",\"urlTemplate\":\"https:\/\/www.dagartech.com\/en\/?s={search_term_string}\"},\"query-input\":\"required name=search_term_string\"}],\"inLanguage\":\"en-GB\"},{\"@type\":\"Organization\",\"@id\":\"https:\/\/www.dagartech.com\/en\/#organization\",\"name\":\"Dagartech\",\"url\":\"https:\/\/www.dagartech.com\/en\/\",\"logo\":{\"@type\":\"ImageObject\",\"inLanguage\":\"en-GB\",\"@id\":\"https:\/\/www.dagartech.com\/en\/#\/schema\/logo\/image\/\",\"url\":\"https:\/\/www.dagartech.com\/en\/wp-content\/uploads\/sites\/4\/2024\/02\/Logo-dagartech.png\",\"contentUrl\":\"https:\/\/www.dagartech.com\/en\/wp-content\/uploads\/sites\/4\/2024\/02\/Logo-dagartech.png\",\"width\":5692,\"height\":3200,\"caption\":\"Dagartech\"},\"image\":{\"@id\":\"https:\/\/www.dagartech.com\/en\/#\/schema\/logo\/image\/\"},\"sameAs\":[\"https:\/\/www.facebook.com\/dagartech\/\",\"https:\/\/x.com\/dagartech\",\"https:\/\/www.youtube.com\/channel\/UC088MotzpZAfzdS2yiXSUNg\",\"https:\/\/www.instagram.com\/dagartech_energy_solutions\/?igshid=MTNiYzNiMzkwZA\",\"https:\/\/www.linkedin.com\/company\/dagartech\/\"]}]}<\/script>\n<!-- \/ Yoast SEO plugin. -->","yoast_head_json":{"title":"Technical support | Dagartech EN","robots":{"index":"index","follow":"follow","max-snippet":"max-snippet:-1","max-image-preview":"max-image-preview:large","max-video-preview":"max-video-preview:-1"},"canonical":"https:\/\/www.dagartech.com\/en\/technical-assistance\/","og_locale":"en_GB","og_type":"article","og_title":"Technical support | Dagartech EN","og_url":"https:\/\/www.dagartech.com\/en\/technical-assistance\/","og_site_name":"Dagartech EN","article_publisher":"https:\/\/www.facebook.com\/dagartech\/","article_modified_time":"2025-01-24T07:54:06+00:00","og_image":[{"width":600,"height":520,"url":"https:\/\/www.dagartech.com\/en\/wp-content\/uploads\/sites\/4\/2024\/02\/section-inicial-mobile-servicio-tecnico.jpg","type":"image\/jpeg"}],"twitter_card":"summary_large_image","twitter_site":"@dagartech","twitter_misc":{"Est. reading time":"1 minute"},"schema":{"@context":"https:\/\/schema.org","@graph":[{"@type":"WebPage","@id":"https:\/\/www.dagartech.com\/en\/technical-assistance\/","url":"https:\/\/www.dagartech.com\/en\/technical-assistance\/","name":"Technical support | Dagartech EN","isPartOf":{"@id":"https:\/\/www.dagartech.com\/en\/#website"},"primaryImageOfPage":{"@id":"https:\/\/www.dagartech.com\/en\/technical-assistance\/#primaryimage"},"image":{"@id":"https:\/\/www.dagartech.com\/en\/technical-assistance\/#primaryimage"},"thumbnailUrl":"https:\/\/www.dagartech.com\/en\/wp-content\/uploads\/sites\/4\/2024\/02\/section-inicial-mobile-servicio-tecnico.jpg","datePublished":"2024-07-12T06:30:58+00:00","dateModified":"2025-01-24T07:54:06+00:00","breadcrumb":{"@id":"https:\/\/www.dagartech.com\/en\/technical-assistance\/#breadcrumb"},"inLanguage":"en-GB","potentialAction":[{"@type":"ReadAction","target":["https:\/\/www.dagartech.com\/en\/technical-assistance\/"]}]},{"@type":"ImageObject","inLanguage":"en-GB","@id":"https:\/\/www.dagartech.com\/en\/technical-assistance\/#primaryimage","url":"https:\/\/www.dagartech.com\/en\/wp-content\/uploads\/sites\/4\/2024\/02\/section-inicial-mobile-servicio-tecnico.jpg","contentUrl":"https:\/\/www.dagartech.com\/en\/wp-content\/uploads\/sites\/4\/2024\/02\/section-inicial-mobile-servicio-tecnico.jpg","width":600,"height":520},{"@type":"BreadcrumbList","@id":"https:\/\/www.dagartech.com\/en\/technical-assistance\/#breadcrumb","itemListElement":[{"@type":"ListItem","position":1,"name":"Portada","item":"https:\/\/www.dagartech.com\/en\/"},{"@type":"ListItem","position":2,"name":"Technical support"}]},{"@type":"WebSite","@id":"https:\/\/www.dagartech.com\/en\/#website","url":"https:\/\/www.dagartech.com\/en\/","name":"Dagartech","description":"Somos fabricantes de Grupos Electr\u00f3genos. M\u00e1ximos est\u00e1ndares de Calidad. Elevada Fiabilidad y Seguridad. Nos adaptamos a las necesidades de cada proyecto.","publisher":{"@id":"https:\/\/www.dagartech.com\/en\/#organization"},"potentialAction":[{"@type":"SearchAction","target":{"@type":"EntryPoint","urlTemplate":"https:\/\/www.dagartech.com\/en\/?s={search_term_string}"},"query-input":"required name=search_term_string"}],"inLanguage":"en-GB"},{"@type":"Organization","@id":"https:\/\/www.dagartech.com\/en\/#organization","name":"Dagartech","url":"https:\/\/www.dagartech.com\/en\/","logo":{"@type":"ImageObject","inLanguage":"en-GB","@id":"https:\/\/www.dagartech.com\/en\/#\/schema\/logo\/image\/","url":"https:\/\/www.dagartech.com\/en\/wp-content\/uploads\/sites\/4\/2024\/02\/Logo-dagartech.png","contentUrl":"https:\/\/www.dagartech.com\/en\/wp-content\/uploads\/sites\/4\/2024\/02\/Logo-dagartech.png","width":5692,"height":3200,"caption":"Dagartech"},"image":{"@id":"https:\/\/www.dagartech.com\/en\/#\/schema\/logo\/image\/"},"sameAs":["https:\/\/www.facebook.com\/dagartech\/","https:\/\/x.com\/dagartech","https:\/\/www.youtube.com\/channel\/UC088MotzpZAfzdS2yiXSUNg","https:\/\/www.instagram.com\/dagartech_energy_solutions\/?igshid=MTNiYzNiMzkwZA","https:\/\/www.linkedin.com\/company\/dagartech\/"]}]}},"_links":{"self":[{"href":"https:\/\/www.dagartech.com\/en\/wp-json\/wp\/v2\/pages\/841"}],"collection":[{"href":"https:\/\/www.dagartech.com\/en\/wp-json\/wp\/v2\/pages"}],"about":[{"href":"https:\/\/www.dagartech.com\/en\/wp-json\/wp\/v2\/types\/page"}],"author":[{"embeddable":true,"href":"https:\/\/www.dagartech.com\/en\/wp-json\/wp\/v2\/users\/1"}],"replies":[{"embeddable":true,"href":"https:\/\/www.dagartech.com\/en\/wp-json\/wp\/v2\/comments?post=841"}],"version-history":[{"count":5,"href":"https:\/\/www.dagartech.com\/en\/wp-json\/wp\/v2\/pages\/841\/revisions"}],"predecessor-version":[{"id":8164,"href":"https:\/\/www.dagartech.com\/en\/wp-json\/wp\/v2\/pages\/841\/revisions\/8164"}],"wp:featuredmedia":[{"embeddable":true,"href":"https:\/\/www.dagartech.com\/en\/wp-json\/wp\/v2\/media\/1385"}],"wp:attachment":[{"href":"https:\/\/www.dagartech.com\/en\/wp-json\/wp\/v2\/media?parent=841"}],"curies":[{"name":"wp","href":"https:\/\/api.w.org\/{rel}","templated":true}]}}