{"id":1064,"date":"2024-07-10T09:57:22","date_gmt":"2024-07-10T07:57:22","guid":{"rendered":"https:\/\/www.dagartech.com\/?page_id=1064"},"modified":"2024-07-10T09:57:26","modified_gmt":"2024-07-10T07:57:26","slug":"register","status":"publish","type":"page","link":"https:\/\/www.dagartech.com\/en\/registro\/","title":{"rendered":"Register"},"content":{"rendered":"<div class=\"woocommerce-notices-wrapper\"><\/div><form method=\"post\" class=\"woocommerce-form woocommerce-form-register register forms\">\n\t\t<div class=\"intro-page-register\">\n\t\t\t<p class=\"intro-page-register__title\">Fill in the details to create an account<\/p>\n\t\t<\/div>\n\t\t\t\t<p class=\"woocommerce-form-row woocommerce-form-row--wide form-row form-row-wide\">\n\t\t<input type=\"text\" class=\"woocommerce-Input woocommerce-Input--text input-text\" name=\"billing_first_name\" placeholder=\"Name\" id=\"billing_first_name\" autocomplete=\"billing_first_name\" value=\"\"\/>\n\t<\/p>\n\n\t<p class=\"woocommerce-form-row woocommerce-form-row--wide form-row form-row-wide\">\n\t\t<input type=\"text\" class=\"woocommerce-Input woocommerce-Input--text input-text\" name=\"billing_last_name\" placeholder=\"Last name\" id=\"billing_last_name\" autocomplete=\"billing_last_name\" value=\"\"\/>\n\t<\/p>\n\n\t<p class=\"woocommerce-form-row woocommerce-form-row--wide forms-group forms-group--select form-row form-row-wide\">\n\t\t<select type=\"text\" class=\"woocommerce-Input woocommerce-Input--select input-select\" name=\"type\" placeholder=\"Client type\" id=\"type\" autocomplete=\"type\" value=\"\">\n\t\t\t<option value=\"Industry\">Industry<\/option>\n\t\t\t<option value=\"Residential\">Residential<\/option>\n\t\t\t<option value=\"Hospitals\">Hospitals<\/option>\n\t\t\t<option value=\"Equipment\">Equipment<\/option>\n\t\t\t<option value=\"Machinery leasing\">Machinery leasing<\/option>\n\t\t\t<option value=\"Agriculture and Livestock\">Agriculture and Livestock<\/option>\n\t\t\t<option value=\"Hostelry\">Hostelry<\/option>\n\t\t\t<option value=\"Construction\">Construction<\/option>\n\t\t\t<option value=\"Infrastructure\">Infrastructure<\/option>\n\t\t\t<option value=\"DPCs\">DPCs<\/option>\n\t\t<\/select>\n\t<\/p>\n\n\t\n\t\t<p class=\"woocommerce-form-row woocommerce-form-row--wide form-row form-row-wide\">\n\t\t\t<input type=\"text\" class=\"woocommerce-Input woocommerce-Input--text input-text\" placeholder=\"Username*\" name=\"username\" id=\"reg_username\" autocomplete=\"username\" value=\"\"\/>\t\t<\/p>\n\n\t\n\t<p class=\"woocommerce-form-row woocommerce-form-row--wide form-row form-row-wide\">\n\t\t<input type=\"email\" class=\"woocommerce-Input woocommerce-Input--text input-text\" name=\"email\" placeholder=\"Email address*\" id=\"reg_email\" autocomplete=\"email\" value=\"\"\/>\t<\/p>\n\n\t\n\t\t<p class=\"woocommerce-form-row woocommerce-form-row--wide form-row form-row-wide\">\n\t\t\t<input type=\"password\" class=\"woocommerce-Input woocommerce-Input--text input-text\" placeholder=\"Password\" name=\"password\" id=\"reg_password\" autocomplete=\"new-password\"\/>\n\t\t<\/p>\n\n\t\n\t<p class=\"woocommerce-form-row woocommerce-form-row--wide form-row form-row-wide\">\n\t\t<input type=\"text\" class=\"woocommerce-Input woocommerce-Input--text input-text\" name=\"billing_phone\" placeholder=\"Phone\" id=\"billing_phone\" autocomplete=\"billing_phone\" value=\"\"\/>\n\t<\/p>\n\n\t<p class=\"woocommerce-form-row woocommerce-form-row--wide form-row form-row-wide\">\n\t\t<input type=\"text\" class=\"woocommerce-Input woocommerce-Input--text input-text\" name=\"url\" placeholder=\"Web\" id=\"url\" autocomplete=\"url\" value=\"\"\/>\n\t<\/p>\n\n\t<p class=\"woocommerce-form-row woocommerce-form-row--wide form-row form-row-wide\">\n\t\t<input type=\"text\" class=\"woocommerce-Input woocommerce-Input--text input-text\" name=\"billing_company\" placeholder=\"Company\" id=\"billing_company\" autocomplete=\"billing_company\" value=\"\"\/>\n\t<\/p>\n\n\t<p class=\"woocommerce-form-row woocommerce-form-row--wide form-row form-row-wide\">\n\t\t<input type=\"text\" class=\"woocommerce-Input woocommerce-Input--text input-text\" name=\"nif\" placeholder=\"Nif\/Cif\" id=\"nif\" autocomplete=\"nif\" value=\"\"\/>\n\t<\/p>\n\n\t<p class=\"woocommerce-form-row woocommerce-form-row--wide form-row form-row-wide\">\n\t\t<input type=\"text\" class=\"woocommerce-Input woocommerce-Input--text input-text\" name=\"billing_address_1\" placeholder=\"Address\" id=\"billing_address_1\" autocomplete=\"billing_address_1\" value=\"\"\/>\n\t<\/p>\n\n\t<p class=\"woocommerce-form-row woocommerce-form-row--wide form-row form-row-wide\">\n\t\t<input type=\"text\" class=\"woocommerce-Input woocommerce-Input--text input-text\" name=\"billing_city\" placeholder=\"City\" id=\"billing_city\" autocomplete=\"billing_city\" value=\"\"\/>\n\t<\/p>\n\n\t<p class=\"woocommerce-form-row woocommerce-form-row--wide form-row form-row-wide\">\n\t\t<input type=\"text\" class=\"woocommerce-Input woocommerce-Input--text input-text\" name=\"billing_postcode\" placeholder=\"Postcode\" id=\"billing_postcode\" autocomplete=\"billing_postcode\" value=\"\"\/>\n\t<\/p>\n\t\t<p class=\"woocommerce-form-row woocommerce-form-row--wide forms-group forms-group--select form-row form-row-wide\">\n\t\t<select type=\"text\" class=\"woocommerce-Input woocommerce-Input--select input-select\" name=\"billing_country\" placeholder=\"Country\" id=\"billing_country\" autocomplete=\"billing_country\" value=\"\">\n\t\t\t\t\t<option value=\"AF\">Afghanistan<\/option>\t\t\t\t\t<option value=\"AX\">\u00c5land Islands<\/option>\t\t\t\t\t<option value=\"AL\">Albania<\/option>\t\t\t\t\t<option value=\"DZ\">Algeria<\/option>\t\t\t\t\t<option value=\"AS\">American Samoa<\/option>\t\t\t\t\t<option value=\"AD\">Andorra<\/option>\t\t\t\t\t<option value=\"AO\">Angola<\/option>\t\t\t\t\t<option value=\"AI\">Anguilla<\/option>\t\t\t\t\t<option value=\"AQ\">Antarctica<\/option>\t\t\t\t\t<option value=\"AG\">Antigua and Barbuda<\/option>\t\t\t\t\t<option value=\"AR\">Argentina<\/option>\t\t\t\t\t<option value=\"AM\">Armenia<\/option>\t\t\t\t\t<option value=\"AW\">Aruba<\/option>\t\t\t\t\t<option value=\"AU\">Australia<\/option>\t\t\t\t\t<option value=\"AT\">Austria<\/option>\t\t\t\t\t<option value=\"AZ\">Azerbaijan<\/option>\t\t\t\t\t<option value=\"BS\">Bahamas<\/option>\t\t\t\t\t<option value=\"BH\">Bahrain<\/option>\t\t\t\t\t<option value=\"BD\">Bangladesh<\/option>\t\t\t\t\t<option value=\"BB\">Barbados<\/option>\t\t\t\t\t<option value=\"BY\">Belarus<\/option>\t\t\t\t\t<option value=\"PW\">Belau<\/option>\t\t\t\t\t<option value=\"BE\">Belgium<\/option>\t\t\t\t\t<option value=\"BZ\">Belize<\/option>\t\t\t\t\t<option value=\"BJ\">Benin<\/option>\t\t\t\t\t<option value=\"BM\">Bermuda<\/option>\t\t\t\t\t<option value=\"BT\">Bhutan<\/option>\t\t\t\t\t<option value=\"BO\">Bolivia<\/option>\t\t\t\t\t<option value=\"BQ\">Bonaire, Saint Eustatius and Saba<\/option>\t\t\t\t\t<option value=\"BA\">Bosnia and Herzegovina<\/option>\t\t\t\t\t<option value=\"BW\">Botswana<\/option>\t\t\t\t\t<option value=\"BV\">Bouvet Island<\/option>\t\t\t\t\t<option value=\"BR\">Brazil<\/option>\t\t\t\t\t<option value=\"IO\">British Indian Ocean Territory<\/option>\t\t\t\t\t<option value=\"BN\">Brunei<\/option>\t\t\t\t\t<option value=\"BG\">Bulgaria<\/option>\t\t\t\t\t<option value=\"BF\">Burkina Faso<\/option>\t\t\t\t\t<option value=\"BI\">Burundi<\/option>\t\t\t\t\t<option value=\"KH\">Cambodia<\/option>\t\t\t\t\t<option value=\"CM\">Cameroon<\/option>\t\t\t\t\t<option value=\"CA\">Canada<\/option>\t\t\t\t\t<option value=\"CV\">Cape Verde<\/option>\t\t\t\t\t<option value=\"KY\">Cayman Islands<\/option>\t\t\t\t\t<option value=\"CF\">Central African Republic<\/option>\t\t\t\t\t<option value=\"TD\">Chad<\/option>\t\t\t\t\t<option value=\"CL\">Chile<\/option>\t\t\t\t\t<option value=\"CN\">China<\/option>\t\t\t\t\t<option value=\"CX\">Christmas Island<\/option>\t\t\t\t\t<option value=\"CC\">Cocos (Keeling) Islands<\/option>\t\t\t\t\t<option value=\"CO\">Colombia<\/option>\t\t\t\t\t<option value=\"KM\">Comoros<\/option>\t\t\t\t\t<option value=\"CG\">Congo (Brazzaville)<\/option>\t\t\t\t\t<option value=\"CD\">Congo (Kinshasa)<\/option>\t\t\t\t\t<option value=\"CK\">Cook Islands<\/option>\t\t\t\t\t<option value=\"CR\">Costa Rica<\/option>\t\t\t\t\t<option value=\"HR\">Croatia<\/option>\t\t\t\t\t<option value=\"CU\">Cuba<\/option>\t\t\t\t\t<option value=\"CW\">Cura\u00e7ao<\/option>\t\t\t\t\t<option value=\"CY\">Cyprus<\/option>\t\t\t\t\t<option value=\"CZ\">Czech Republic<\/option>\t\t\t\t\t<option value=\"DK\">Denmark<\/option>\t\t\t\t\t<option value=\"DJ\">Djibouti<\/option>\t\t\t\t\t<option value=\"DM\">Dominica<\/option>\t\t\t\t\t<option value=\"DO\">Dominican Republic<\/option>\t\t\t\t\t<option value=\"EC\">Ecuador<\/option>\t\t\t\t\t<option value=\"EG\">Egypt<\/option>\t\t\t\t\t<option value=\"SV\">El Salvador<\/option>\t\t\t\t\t<option value=\"GQ\">Equatorial Guinea<\/option>\t\t\t\t\t<option value=\"ER\">Eritrea<\/option>\t\t\t\t\t<option value=\"EE\">Estonia<\/option>\t\t\t\t\t<option value=\"SZ\">Eswatini<\/option>\t\t\t\t\t<option value=\"ET\">Ethiopia<\/option>\t\t\t\t\t<option value=\"FK\">Falkland Islands<\/option>\t\t\t\t\t<option value=\"FO\">Faroe Islands<\/option>\t\t\t\t\t<option value=\"FJ\">Fiji<\/option>\t\t\t\t\t<option value=\"FI\">Finland<\/option>\t\t\t\t\t<option value=\"FR\">France<\/option>\t\t\t\t\t<option value=\"GF\">French Guiana<\/option>\t\t\t\t\t<option value=\"PF\">French Polynesia<\/option>\t\t\t\t\t<option value=\"TF\">French Southern Territories<\/option>\t\t\t\t\t<option value=\"GA\">Gabon<\/option>\t\t\t\t\t<option value=\"GM\">Gambia<\/option>\t\t\t\t\t<option value=\"GE\">Georgia<\/option>\t\t\t\t\t<option value=\"DE\">Germany<\/option>\t\t\t\t\t<option value=\"GH\">Ghana<\/option>\t\t\t\t\t<option value=\"GI\">Gibraltar<\/option>\t\t\t\t\t<option value=\"GR\">Greece<\/option>\t\t\t\t\t<option value=\"GL\">Greenland<\/option>\t\t\t\t\t<option value=\"GD\">Grenada<\/option>\t\t\t\t\t<option value=\"GP\">Guadeloupe<\/option>\t\t\t\t\t<option value=\"GU\">Guam<\/option>\t\t\t\t\t<option value=\"GT\">Guatemala<\/option>\t\t\t\t\t<option value=\"GG\">Guernsey<\/option>\t\t\t\t\t<option value=\"GN\">Guinea<\/option>\t\t\t\t\t<option value=\"GW\">Guinea-Bissau<\/option>\t\t\t\t\t<option value=\"GY\">Guyana<\/option>\t\t\t\t\t<option value=\"HT\">Haiti<\/option>\t\t\t\t\t<option value=\"HM\">Heard Island and McDonald Islands<\/option>\t\t\t\t\t<option value=\"HN\">Honduras<\/option>\t\t\t\t\t<option value=\"HK\">Hong Kong<\/option>\t\t\t\t\t<option value=\"HU\">Hungary<\/option>\t\t\t\t\t<option value=\"IS\">Iceland<\/option>\t\t\t\t\t<option value=\"IN\">India<\/option>\t\t\t\t\t<option value=\"ID\">Indonesia<\/option>\t\t\t\t\t<option value=\"IR\">Iran<\/option>\t\t\t\t\t<option value=\"IQ\">Iraq<\/option>\t\t\t\t\t<option value=\"IE\">Ireland<\/option>\t\t\t\t\t<option value=\"IM\">Isle of Man<\/option>\t\t\t\t\t<option value=\"IL\">Israel<\/option>\t\t\t\t\t<option value=\"IT\">Italy<\/option>\t\t\t\t\t<option value=\"CI\">Ivory Coast<\/option>\t\t\t\t\t<option value=\"JM\">Jamaica<\/option>\t\t\t\t\t<option value=\"JP\">Japan<\/option>\t\t\t\t\t<option value=\"JE\">Jersey<\/option>\t\t\t\t\t<option value=\"JO\">Jordan<\/option>\t\t\t\t\t<option value=\"KZ\">Kazakhstan<\/option>\t\t\t\t\t<option value=\"KE\">Kenya<\/option>\t\t\t\t\t<option value=\"KI\">Kiribati<\/option>\t\t\t\t\t<option value=\"KW\">Kuwait<\/option>\t\t\t\t\t<option value=\"KG\">Kyrgyzstan<\/option>\t\t\t\t\t<option value=\"LA\">Laos<\/option>\t\t\t\t\t<option value=\"LV\">Latvia<\/option>\t\t\t\t\t<option value=\"LB\">Lebanon<\/option>\t\t\t\t\t<option value=\"LS\">Lesotho<\/option>\t\t\t\t\t<option value=\"LR\">Liberia<\/option>\t\t\t\t\t<option value=\"LY\">Libya<\/option>\t\t\t\t\t<option value=\"LI\">Liechtenstein<\/option>\t\t\t\t\t<option value=\"LT\">Lithuania<\/option>\t\t\t\t\t<option value=\"LU\">Luxembourg<\/option>\t\t\t\t\t<option value=\"MO\">Macao<\/option>\t\t\t\t\t<option value=\"MG\">Madagascar<\/option>\t\t\t\t\t<option value=\"MW\">Malawi<\/option>\t\t\t\t\t<option value=\"MY\">Malaysia<\/option>\t\t\t\t\t<option value=\"MV\">Maldives<\/option>\t\t\t\t\t<option value=\"ML\">Mali<\/option>\t\t\t\t\t<option value=\"MT\">Malta<\/option>\t\t\t\t\t<option value=\"MH\">Marshall Islands<\/option>\t\t\t\t\t<option value=\"MQ\">Martinique<\/option>\t\t\t\t\t<option value=\"MR\">Mauritania<\/option>\t\t\t\t\t<option value=\"MU\">Mauritius<\/option>\t\t\t\t\t<option value=\"YT\">Mayotte<\/option>\t\t\t\t\t<option value=\"MX\">Mexico<\/option>\t\t\t\t\t<option value=\"FM\">Micronesia<\/option>\t\t\t\t\t<option value=\"MD\">Moldova<\/option>\t\t\t\t\t<option value=\"MC\">Monaco<\/option>\t\t\t\t\t<option value=\"MN\">Mongolia<\/option>\t\t\t\t\t<option value=\"ME\">Montenegro<\/option>\t\t\t\t\t<option value=\"MS\">Montserrat<\/option>\t\t\t\t\t<option value=\"MA\">Morocco<\/option>\t\t\t\t\t<option value=\"MZ\">Mozambique<\/option>\t\t\t\t\t<option value=\"MM\">Myanmar<\/option>\t\t\t\t\t<option value=\"NA\">Namibia<\/option>\t\t\t\t\t<option value=\"NR\">Nauru<\/option>\t\t\t\t\t<option value=\"NP\">Nepal<\/option>\t\t\t\t\t<option value=\"NL\">Netherlands<\/option>\t\t\t\t\t<option value=\"NC\">New Caledonia<\/option>\t\t\t\t\t<option value=\"NZ\">New Zealand<\/option>\t\t\t\t\t<option value=\"NI\">Nicaragua<\/option>\t\t\t\t\t<option value=\"NE\">Niger<\/option>\t\t\t\t\t<option value=\"NG\">Nigeria<\/option>\t\t\t\t\t<option value=\"NU\">Niue<\/option>\t\t\t\t\t<option value=\"NF\">Norfolk Island<\/option>\t\t\t\t\t<option value=\"KP\">North Korea<\/option>\t\t\t\t\t<option value=\"MK\">North Macedonia<\/option>\t\t\t\t\t<option value=\"MP\">Northern Mariana Islands<\/option>\t\t\t\t\t<option value=\"NO\">Norway<\/option>\t\t\t\t\t<option value=\"OM\">Oman<\/option>\t\t\t\t\t<option value=\"PK\">Pakistan<\/option>\t\t\t\t\t<option value=\"PS\">Palestinian Territory<\/option>\t\t\t\t\t<option value=\"PA\">Panama<\/option>\t\t\t\t\t<option value=\"PG\">Papua New Guinea<\/option>\t\t\t\t\t<option value=\"PY\">Paraguay<\/option>\t\t\t\t\t<option value=\"PE\">Peru<\/option>\t\t\t\t\t<option value=\"PH\">Philippines<\/option>\t\t\t\t\t<option value=\"PN\">Pitcairn<\/option>\t\t\t\t\t<option value=\"PL\">Poland<\/option>\t\t\t\t\t<option value=\"PT\">Portugal<\/option>\t\t\t\t\t<option value=\"PR\">Puerto Rico<\/option>\t\t\t\t\t<option value=\"QA\">Qatar<\/option>\t\t\t\t\t<option value=\"RE\">Reunion<\/option>\t\t\t\t\t<option value=\"RO\">Romania<\/option>\t\t\t\t\t<option value=\"RU\">Russia<\/option>\t\t\t\t\t<option value=\"RW\">Rwanda<\/option>\t\t\t\t\t<option value=\"ST\">S\u00e3o Tom\u00e9 and Pr\u00edncipe<\/option>\t\t\t\t\t<option value=\"BL\">Saint Barth\u00e9lemy<\/option>\t\t\t\t\t<option value=\"SH\">Saint Helena<\/option>\t\t\t\t\t<option value=\"KN\">Saint Kitts and Nevis<\/option>\t\t\t\t\t<option value=\"LC\">Saint Lucia<\/option>\t\t\t\t\t<option value=\"SX\">Saint Martin (Dutch part)<\/option>\t\t\t\t\t<option value=\"MF\">Saint Martin (French part)<\/option>\t\t\t\t\t<option value=\"PM\">Saint Pierre and Miquelon<\/option>\t\t\t\t\t<option value=\"VC\">Saint Vincent and the Grenadines<\/option>\t\t\t\t\t<option value=\"WS\">Samoa<\/option>\t\t\t\t\t<option value=\"SM\">San Marino<\/option>\t\t\t\t\t<option value=\"SA\">Saudi Arabia<\/option>\t\t\t\t\t<option value=\"SN\">Senegal<\/option>\t\t\t\t\t<option value=\"RS\">Serbia<\/option>\t\t\t\t\t<option value=\"SC\">Seychelles<\/option>\t\t\t\t\t<option value=\"SL\">Sierra Leone<\/option>\t\t\t\t\t<option value=\"SG\">Singapore<\/option>\t\t\t\t\t<option value=\"SK\">Slovakia<\/option>\t\t\t\t\t<option value=\"SI\">Slovenia<\/option>\t\t\t\t\t<option value=\"SB\">Solomon Islands<\/option>\t\t\t\t\t<option value=\"SO\">Somalia<\/option>\t\t\t\t\t<option value=\"ZA\">South Africa<\/option>\t\t\t\t\t<option value=\"GS\">South Georgia\/Sandwich Islands<\/option>\t\t\t\t\t<option value=\"KR\">South Korea<\/option>\t\t\t\t\t<option value=\"SS\">South Sudan<\/option>\t\t\t\t\t<option value=\"ES\">Spain<\/option>\t\t\t\t\t<option value=\"LK\">Sri Lanka<\/option>\t\t\t\t\t<option value=\"SD\">Sudan<\/option>\t\t\t\t\t<option value=\"SR\">Suriname<\/option>\t\t\t\t\t<option value=\"SJ\">Svalbard and Jan Mayen<\/option>\t\t\t\t\t<option value=\"SE\">Sweden<\/option>\t\t\t\t\t<option value=\"CH\">Switzerland<\/option>\t\t\t\t\t<option value=\"SY\">Syria<\/option>\t\t\t\t\t<option value=\"TW\">Taiwan<\/option>\t\t\t\t\t<option value=\"TJ\">Tajikistan<\/option>\t\t\t\t\t<option value=\"TZ\">Tanzania<\/option>\t\t\t\t\t<option value=\"TH\">Thailand<\/option>\t\t\t\t\t<option value=\"TL\">Timor-Leste<\/option>\t\t\t\t\t<option value=\"TG\">Togo<\/option>\t\t\t\t\t<option value=\"TK\">Tokelau<\/option>\t\t\t\t\t<option value=\"TO\">Tonga<\/option>\t\t\t\t\t<option value=\"TT\">Trinidad and Tobago<\/option>\t\t\t\t\t<option value=\"TN\">Tunisia<\/option>\t\t\t\t\t<option value=\"TR\">Turkey<\/option>\t\t\t\t\t<option value=\"TM\">Turkmenistan<\/option>\t\t\t\t\t<option value=\"TC\">Turks and Caicos Islands<\/option>\t\t\t\t\t<option value=\"TV\">Tuvalu<\/option>\t\t\t\t\t<option value=\"UG\">Uganda<\/option>\t\t\t\t\t<option value=\"UA\">Ukraine<\/option>\t\t\t\t\t<option value=\"AE\">United Arab Emirates<\/option>\t\t\t\t\t<option value=\"GB\">United Kingdom (UK)<\/option>\t\t\t\t\t<option value=\"US\">United States (US)<\/option>\t\t\t\t\t<option value=\"UM\">United States (US) Minor Outlying Islands<\/option>\t\t\t\t\t<option value=\"UY\">Uruguay<\/option>\t\t\t\t\t<option value=\"UZ\">Uzbekistan<\/option>\t\t\t\t\t<option value=\"VU\">Vanuatu<\/option>\t\t\t\t\t<option value=\"VA\">Vatican<\/option>\t\t\t\t\t<option value=\"VE\">Venezuela<\/option>\t\t\t\t\t<option value=\"VN\">Vietnam<\/option>\t\t\t\t\t<option value=\"VG\">Virgin Islands (British)<\/option>\t\t\t\t\t<option value=\"VI\">Virgin Islands (US)<\/option>\t\t\t\t\t<option value=\"WF\">Wallis and Futuna<\/option>\t\t\t\t\t<option value=\"EH\">Western Sahara<\/option>\t\t\t\t\t<option value=\"YE\">Yemen<\/option>\t\t\t\t\t<option value=\"ZM\">Zambia<\/option>\t\t\t\t\t<option value=\"ZW\">Zimbabwe<\/option>\t\t\t\t<\/select>\n\t<\/p>\n\t<p class=\"woocommerce-form-row form-row\">\n\t\t<input type=\"hidden\" id=\"woocommerce-register-nonce\" name=\"woocommerce-register-nonce\" value=\"33b595c925\"\/><input type=\"hidden\" name=\"_wp_http_referer\" value=\"\/en\/wp-json\/wp\/v2\/pages\/1064\"\/>\t\t<button type=\"submit\" class=\"woocommerce-Button woocommerce-button button woocommerce-form-register__submit\" name=\"register\" value=\"Register\">Register<\/button>\n\t<\/p>\n\n\t\t\t\t<wc-order-attribution-inputs\/><div class=\"woocommerce-privacy-policy-text\"><p>Tus datos personales se utilizar\u00e1n para procesar tu pedido, mejorar tu experiencia en esta web, gestionar el acceso a tu cuenta y otros prop\u00f3sitos descritos en nuestra <a href=\"https:\/\/www.dagartech.com\/en\/privacy-policy\/\" class=\"woocommerce-privacy-policy-link\" target=\"_blank\">privacy policy<\/a>.<\/p>\n<\/div>\t\t\t\n\t\t<\/form>\n","protected":false},"excerpt":{"rendered":"","protected":false},"author":1,"featured_media":0,"parent":0,"menu_order":0,"comment_status":"open","ping_status":"open","template":"page_register.php","meta":{"_acf_changed":false,"footnotes":""},"class_list":["post-1064","page","type-page","status-publish","hentry"],"acf":[],"yoast_head":"<!-- This site is optimized with the Yoast SEO plugin v23.1 - https:\/\/yoast.com\/wordpress\/plugins\/seo\/ -->\n<title>Register | Dagartech EN<\/title>\n<meta name=\"robots\" content=\"index, follow, max-snippet:-1, max-image-preview:large, max-video-preview:-1\" \/>\n<link rel=\"canonical\" href=\"https:\/\/www.dagartech.com\/en\/registro\/\" \/>\n<meta property=\"og:locale\" content=\"en_GB\" \/>\n<meta property=\"og:type\" content=\"article\" \/>\n<meta property=\"og:title\" content=\"Register | Dagartech EN\" \/>\n<meta property=\"og:url\" content=\"https:\/\/www.dagartech.com\/en\/registro\/\" \/>\n<meta property=\"og:site_name\" content=\"Dagartech EN\" \/>\n<meta property=\"article:publisher\" content=\"https:\/\/www.facebook.com\/dagartech\/\" \/>\n<meta property=\"article:modified_time\" content=\"2024-07-10T07:57:26+00:00\" \/>\n<meta property=\"og:image\" content=\"https:\/\/www.dagartech.com\/en\/wp-content\/uploads\/sites\/4\/2024\/02\/Logo-dagartech.png\" \/>\n\t<meta property=\"og:image:width\" content=\"5692\" \/>\n\t<meta property=\"og:image:height\" content=\"3200\" \/>\n\t<meta property=\"og:image:type\" content=\"image\/png\" \/>\n<meta name=\"twitter:card\" content=\"summary_large_image\" \/>\n<meta name=\"twitter:site\" content=\"@dagartech\" \/>\n<meta name=\"twitter:label1\" content=\"Est. reading time\" \/>\n\t<meta name=\"twitter:data1\" content=\"1 minute\" \/>\n<script type=\"application\/ld+json\" class=\"yoast-schema-graph\">{\"@context\":\"https:\/\/schema.org\",\"@graph\":[{\"@type\":\"WebPage\",\"@id\":\"https:\/\/www.dagartech.com\/en\/registro\/\",\"url\":\"https:\/\/www.dagartech.com\/en\/registro\/\",\"name\":\"Register | Dagartech EN\",\"isPartOf\":{\"@id\":\"https:\/\/www.dagartech.com\/en\/#website\"},\"datePublished\":\"2024-07-10T07:57:22+00:00\",\"dateModified\":\"2024-07-10T07:57:26+00:00\",\"breadcrumb\":{\"@id\":\"https:\/\/www.dagartech.com\/en\/registro\/#breadcrumb\"},\"inLanguage\":\"en-GB\",\"potentialAction\":[{\"@type\":\"ReadAction\",\"target\":[\"https:\/\/www.dagartech.com\/en\/registro\/\"]}]},{\"@type\":\"BreadcrumbList\",\"@id\":\"https:\/\/www.dagartech.com\/en\/registro\/#breadcrumb\",\"itemListElement\":[{\"@type\":\"ListItem\",\"position\":1,\"name\":\"Portada\",\"item\":\"https:\/\/www.dagartech.com\/en\/\"},{\"@type\":\"ListItem\",\"position\":2,\"name\":\"Register\"}]},{\"@type\":\"WebSite\",\"@id\":\"https:\/\/www.dagartech.com\/en\/#website\",\"url\":\"https:\/\/www.dagartech.com\/en\/\",\"name\":\"Dagartech\",\"description\":\"Somos fabricantes de Grupos Electr\u00f3genos. M\u00e1ximos est\u00e1ndares de Calidad. Elevada Fiabilidad y Seguridad. Nos adaptamos a las necesidades de cada proyecto.\",\"publisher\":{\"@id\":\"https:\/\/www.dagartech.com\/en\/#organization\"},\"potentialAction\":[{\"@type\":\"SearchAction\",\"target\":{\"@type\":\"EntryPoint\",\"urlTemplate\":\"https:\/\/www.dagartech.com\/en\/?s={search_term_string}\"},\"query-input\":\"required name=search_term_string\"}],\"inLanguage\":\"en-GB\"},{\"@type\":\"Organization\",\"@id\":\"https:\/\/www.dagartech.com\/en\/#organization\",\"name\":\"Dagartech\",\"url\":\"https:\/\/www.dagartech.com\/en\/\",\"logo\":{\"@type\":\"ImageObject\",\"inLanguage\":\"en-GB\",\"@id\":\"https:\/\/www.dagartech.com\/en\/#\/schema\/logo\/image\/\",\"url\":\"https:\/\/www.dagartech.com\/en\/wp-content\/uploads\/sites\/4\/2024\/02\/Logo-dagartech.png\",\"contentUrl\":\"https:\/\/www.dagartech.com\/en\/wp-content\/uploads\/sites\/4\/2024\/02\/Logo-dagartech.png\",\"width\":5692,\"height\":3200,\"caption\":\"Dagartech\"},\"image\":{\"@id\":\"https:\/\/www.dagartech.com\/en\/#\/schema\/logo\/image\/\"},\"sameAs\":[\"https:\/\/www.facebook.com\/dagartech\/\",\"https:\/\/x.com\/dagartech\",\"https:\/\/www.youtube.com\/channel\/UC088MotzpZAfzdS2yiXSUNg\",\"https:\/\/www.instagram.com\/dagartech_energy_solutions\/?igshid=MTNiYzNiMzkwZA\",\"https:\/\/www.linkedin.com\/company\/dagartech\/\"]}]}<\/script>\n<!-- \/ Yoast SEO plugin. -->","yoast_head_json":{"title":"Register | Dagartech EN","robots":{"index":"index","follow":"follow","max-snippet":"max-snippet:-1","max-image-preview":"max-image-preview:large","max-video-preview":"max-video-preview:-1"},"canonical":"https:\/\/www.dagartech.com\/en\/registro\/","og_locale":"en_GB","og_type":"article","og_title":"Register | Dagartech EN","og_url":"https:\/\/www.dagartech.com\/en\/registro\/","og_site_name":"Dagartech EN","article_publisher":"https:\/\/www.facebook.com\/dagartech\/","article_modified_time":"2024-07-10T07:57:26+00:00","og_image":[{"width":5692,"height":3200,"url":"https:\/\/www.dagartech.com\/en\/wp-content\/uploads\/sites\/4\/2024\/02\/Logo-dagartech.png","type":"image\/png"}],"twitter_card":"summary_large_image","twitter_site":"@dagartech","twitter_misc":{"Est. reading time":"1 minute"},"schema":{"@context":"https:\/\/schema.org","@graph":[{"@type":"WebPage","@id":"https:\/\/www.dagartech.com\/en\/registro\/","url":"https:\/\/www.dagartech.com\/en\/registro\/","name":"Register | Dagartech EN","isPartOf":{"@id":"https:\/\/www.dagartech.com\/en\/#website"},"datePublished":"2024-07-10T07:57:22+00:00","dateModified":"2024-07-10T07:57:26+00:00","breadcrumb":{"@id":"https:\/\/www.dagartech.com\/en\/registro\/#breadcrumb"},"inLanguage":"en-GB","potentialAction":[{"@type":"ReadAction","target":["https:\/\/www.dagartech.com\/en\/registro\/"]}]},{"@type":"BreadcrumbList","@id":"https:\/\/www.dagartech.com\/en\/registro\/#breadcrumb","itemListElement":[{"@type":"ListItem","position":1,"name":"Portada","item":"https:\/\/www.dagartech.com\/en\/"},{"@type":"ListItem","position":2,"name":"Register"}]},{"@type":"WebSite","@id":"https:\/\/www.dagartech.com\/en\/#website","url":"https:\/\/www.dagartech.com\/en\/","name":"Dagartech","description":"Somos fabricantes de Grupos Electr\u00f3genos. M\u00e1ximos est\u00e1ndares de Calidad. Elevada Fiabilidad y Seguridad. Nos adaptamos a las necesidades de cada proyecto.","publisher":{"@id":"https:\/\/www.dagartech.com\/en\/#organization"},"potentialAction":[{"@type":"SearchAction","target":{"@type":"EntryPoint","urlTemplate":"https:\/\/www.dagartech.com\/en\/?s={search_term_string}"},"query-input":"required name=search_term_string"}],"inLanguage":"en-GB"},{"@type":"Organization","@id":"https:\/\/www.dagartech.com\/en\/#organization","name":"Dagartech","url":"https:\/\/www.dagartech.com\/en\/","logo":{"@type":"ImageObject","inLanguage":"en-GB","@id":"https:\/\/www.dagartech.com\/en\/#\/schema\/logo\/image\/","url":"https:\/\/www.dagartech.com\/en\/wp-content\/uploads\/sites\/4\/2024\/02\/Logo-dagartech.png","contentUrl":"https:\/\/www.dagartech.com\/en\/wp-content\/uploads\/sites\/4\/2024\/02\/Logo-dagartech.png","width":5692,"height":3200,"caption":"Dagartech"},"image":{"@id":"https:\/\/www.dagartech.com\/en\/#\/schema\/logo\/image\/"},"sameAs":["https:\/\/www.facebook.com\/dagartech\/","https:\/\/x.com\/dagartech","https:\/\/www.youtube.com\/channel\/UC088MotzpZAfzdS2yiXSUNg","https:\/\/www.instagram.com\/dagartech_energy_solutions\/?igshid=MTNiYzNiMzkwZA","https:\/\/www.linkedin.com\/company\/dagartech\/"]}]}},"_links":{"self":[{"href":"https:\/\/www.dagartech.com\/en\/wp-json\/wp\/v2\/pages\/1064"}],"collection":[{"href":"https:\/\/www.dagartech.com\/en\/wp-json\/wp\/v2\/pages"}],"about":[{"href":"https:\/\/www.dagartech.com\/en\/wp-json\/wp\/v2\/types\/page"}],"author":[{"embeddable":true,"href":"https:\/\/www.dagartech.com\/en\/wp-json\/wp\/v2\/users\/1"}],"replies":[{"embeddable":true,"href":"https:\/\/www.dagartech.com\/en\/wp-json\/wp\/v2\/comments?post=1064"}],"version-history":[{"count":3,"href":"https:\/\/www.dagartech.com\/en\/wp-json\/wp\/v2\/pages\/1064\/revisions"}],"predecessor-version":[{"id":6638,"href":"https:\/\/www.dagartech.com\/en\/wp-json\/wp\/v2\/pages\/1064\/revisions\/6638"}],"wp:attachment":[{"href":"https:\/\/www.dagartech.com\/en\/wp-json\/wp\/v2\/media?parent=1064"}],"curies":[{"name":"wp","href":"https:\/\/api.w.org\/{rel}","templated":true}]}}