{"id":8115,"date":"2026-04-08T14:25:13","date_gmt":"2026-04-08T12:25:13","guid":{"rendered":"https:\/\/www.dagartech.com\/de\/producto\/stromaggregate-bgbs-660-st-400-230v\/"},"modified":"2026-04-08T15:51:04","modified_gmt":"2026-04-08T13:51:04","slug":"stromaggregate-bgbs-660-st-400-230v","status":"publish","type":"product","link":"https:\/\/www.dagartech.com\/de\/grupos-electrogenos\/stromaggregate-bgbs-660-st-400-230v\/","title":{"rendered":"BGBS 660 ST"},"content":{"rendered":"","protected":false},"excerpt":{"rendered":"","protected":false},"featured_media":8281,"comment_status":"closed","ping_status":"open","template":"","meta":{"_acf_changed":false},"product_cat":[239,330,331],"product_tag":[],"class_list":{"0":"post-8115","1":"product","2":"type-product","3":"status-publish","4":"has-post-thumbnail","6":"product_cat-baudouin","7":"product_cat-stromaggregate-emergency-balance-range","8":"product_cat-mittlere-leistung-von-30-kva-bis-825-kva","9":"pa_fases-dreiphasig","10":"pa_frecuencia-50hz","11":"pa_frequencia-50hz","12":"pa_motor-baudouin","13":"pa_numero-de-fases-352","14":"pa_potencia-550-825-kva","15":"pa_rango-de-potencia-550-825-kva","16":"pa_tension-400-230v","17":"pa_version-schallisoliert","19":"first","20":"instock","21":"product-type-simple"},"acf":[],"yoast_head":"<!-- This site is optimized with the Yoast SEO plugin v23.1 - https:\/\/yoast.com\/wordpress\/plugins\/seo\/ -->\n<title>BGBS 660 ST. BAUDOUIN 6M31G660\/5 - Stromaggregate - Dagartech<\/title>\n<meta name=\"description\" content=\"Sstromaggregate BGBS 660 ST aus dem Kategoriebereich Baudouin, Emergency Balance, Medium power (from 30 kVA to 825 kVA). Leistung 550 - 825 kVA und Motor BAUDOUIN Diesel. 400\/230V zu 50Hz\" \/>\n<meta name=\"robots\" content=\"index, follow, max-snippet:-1, max-image-preview:large, max-video-preview:-1\" \/>\n<link rel=\"canonical\" href=\"https:\/\/www.dagartech.com\/de\/grupos-electrogenos\/stromaggregate-bgbs-660-st-400-230v\/\" \/>\n<meta property=\"og:locale\" content=\"de_DE\" \/>\n<meta property=\"og:type\" content=\"article\" \/>\n<meta property=\"og:title\" content=\"BGBS 660 ST. BAUDOUIN 6M31G660\/5 - Stromaggregate - Dagartech\" \/>\n<meta property=\"og:description\" content=\"Sstromaggregate BGBS 660 ST aus dem Kategoriebereich Baudouin, Emergency Balance, Medium power (from 30 kVA to 825 kVA). Leistung 550 - 825 kVA und Motor BAUDOUIN Diesel. 400\/230V zu 50Hz\" \/>\n<meta property=\"og:url\" content=\"https:\/\/www.dagartech.com\/de\/grupos-electrogenos\/stromaggregate-bgbs-660-st-400-230v\/\" \/>\n<meta property=\"og:site_name\" content=\"Dagartech DE\" \/>\n<meta property=\"article:publisher\" content=\"https:\/\/www.facebook.com\/dagartech\/\" \/>\n<meta property=\"article:modified_time\" content=\"2026-04-08T13:51:04+00:00\" \/>\n<meta property=\"og:image\" content=\"https:\/\/www.dagartech.com\/de\/wp-content\/uploads\/sites\/7\/2026\/04\/Dagartech_Gama-Balance-GK1B_1.jpg\" \/>\n\t<meta property=\"og:image:width\" content=\"1500\" \/>\n\t<meta property=\"og:image:height\" content=\"947\" \/>\n\t<meta property=\"og:image:type\" content=\"image\/jpeg\" \/>\n<meta name=\"twitter:card\" content=\"summary_large_image\" \/>\n<meta name=\"twitter:site\" content=\"@dagartech\" \/>\n<script type=\"application\/ld+json\" class=\"yoast-schema-graph\">{\"@context\":\"https:\/\/schema.org\",\"@graph\":[{\"@type\":\"WebPage\",\"@id\":\"https:\/\/www.dagartech.com\/de\/grupos-electrogenos\/stromaggregate-bgbs-660-st-400-230v\/\",\"url\":\"https:\/\/www.dagartech.com\/de\/grupos-electrogenos\/stromaggregate-bgbs-660-st-400-230v\/\",\"name\":\"BGBS 660 ST. BAUDOUIN 6M31G660\/5 - Stromaggregate - Dagartech\",\"isPartOf\":{\"@id\":\"https:\/\/www.dagartech.com\/de\/#website\"},\"primaryImageOfPage\":{\"@id\":\"https:\/\/www.dagartech.com\/de\/grupos-electrogenos\/stromaggregate-bgbs-660-st-400-230v\/#primaryimage\"},\"image\":{\"@id\":\"https:\/\/www.dagartech.com\/de\/grupos-electrogenos\/stromaggregate-bgbs-660-st-400-230v\/#primaryimage\"},\"thumbnailUrl\":\"https:\/\/www.dagartech.com\/de\/wp-content\/uploads\/sites\/7\/2026\/04\/Dagartech_Gama-Balance-GK1B_1.jpg\",\"datePublished\":\"2026-04-08T12:25:13+00:00\",\"dateModified\":\"2026-04-08T13:51:04+00:00\",\"description\":\"Sstromaggregate BGBS 660 ST aus dem Kategoriebereich Baudouin, Emergency Balance, Medium power (from 30 kVA to 825 kVA). Leistung 550 - 825 kVA und Motor BAUDOUIN Diesel. 400\/230V zu 50Hz\",\"breadcrumb\":{\"@id\":\"https:\/\/www.dagartech.com\/de\/grupos-electrogenos\/stromaggregate-bgbs-660-st-400-230v\/#breadcrumb\"},\"inLanguage\":\"de-DE\",\"potentialAction\":[{\"@type\":\"ReadAction\",\"target\":[\"https:\/\/www.dagartech.com\/de\/grupos-electrogenos\/stromaggregate-bgbs-660-st-400-230v\/\"]}]},{\"@type\":\"ImageObject\",\"inLanguage\":\"de-DE\",\"@id\":\"https:\/\/www.dagartech.com\/de\/grupos-electrogenos\/stromaggregate-bgbs-660-st-400-230v\/#primaryimage\",\"url\":\"https:\/\/www.dagartech.com\/de\/wp-content\/uploads\/sites\/7\/2026\/04\/Dagartech_Gama-Balance-GK1B_1.jpg\",\"contentUrl\":\"https:\/\/www.dagartech.com\/de\/wp-content\/uploads\/sites\/7\/2026\/04\/Dagartech_Gama-Balance-GK1B_1.jpg\",\"width\":1500,\"height\":947},{\"@type\":\"BreadcrumbList\",\"@id\":\"https:\/\/www.dagartech.com\/de\/grupos-electrogenos\/stromaggregate-bgbs-660-st-400-230v\/#breadcrumb\",\"itemListElement\":[{\"@type\":\"ListItem\",\"position\":1,\"name\":\"Portada\",\"item\":\"https:\/\/www.dagartech.com\/de\/\"},{\"@type\":\"ListItem\",\"position\":2,\"name\":\"Products\",\"item\":\"https:\/\/www.dagartech.com\/de\/shop\/\"},{\"@type\":\"ListItem\",\"position\":3,\"name\":\"BGBS 660 ST\"}]},{\"@type\":\"WebSite\",\"@id\":\"https:\/\/www.dagartech.com\/de\/#website\",\"url\":\"https:\/\/www.dagartech.com\/de\/\",\"name\":\"Dagartech\",\"description\":\"Somos fabricantes de Grupos Electr\u00f3genos. M\u00e1ximos est\u00e1ndares de Calidad. Elevada Fiabilidad y Seguridad. Nos adaptamos a las necesidades de cada proyecto.\",\"publisher\":{\"@id\":\"https:\/\/www.dagartech.com\/de\/#organization\"},\"potentialAction\":[{\"@type\":\"SearchAction\",\"target\":{\"@type\":\"EntryPoint\",\"urlTemplate\":\"https:\/\/www.dagartech.com\/de\/?s={search_term_string}\"},\"query-input\":\"required name=search_term_string\"}],\"inLanguage\":\"de-DE\"},{\"@type\":\"Organization\",\"@id\":\"https:\/\/www.dagartech.com\/de\/#organization\",\"name\":\"Dagartech\",\"url\":\"https:\/\/www.dagartech.com\/de\/\",\"logo\":{\"@type\":\"ImageObject\",\"inLanguage\":\"de-DE\",\"@id\":\"https:\/\/www.dagartech.com\/de\/#\/schema\/logo\/image\/\",\"url\":\"https:\/\/www.dagartech.com\/de\/wp-content\/uploads\/sites\/7\/2024\/02\/Logo-dagartech.png\",\"contentUrl\":\"https:\/\/www.dagartech.com\/de\/wp-content\/uploads\/sites\/7\/2024\/02\/Logo-dagartech.png\",\"width\":5692,\"height\":3200,\"caption\":\"Dagartech\"},\"image\":{\"@id\":\"https:\/\/www.dagartech.com\/de\/#\/schema\/logo\/image\/\"},\"sameAs\":[\"https:\/\/www.facebook.com\/dagartech\/\",\"https:\/\/x.com\/dagartech\",\"https:\/\/www.youtube.com\/channel\/UC088MotzpZAfzdS2yiXSUNg\",\"https:\/\/www.instagram.com\/dagartech_energy_solutions\/?igshid=MTNiYzNiMzkwZA\",\"https:\/\/www.linkedin.com\/company\/dagartech\/\"]}]}<\/script>\n<!-- \/ Yoast SEO plugin. -->","yoast_head_json":{"title":"BGBS 660 ST. BAUDOUIN 6M31G660\/5 - Stromaggregate - Dagartech","description":"Sstromaggregate BGBS 660 ST aus dem Kategoriebereich Baudouin, Emergency Balance, Medium power (from 30 kVA to 825 kVA). Leistung 550 - 825 kVA und Motor BAUDOUIN Diesel. 400\/230V zu 50Hz","robots":{"index":"index","follow":"follow","max-snippet":"max-snippet:-1","max-image-preview":"max-image-preview:large","max-video-preview":"max-video-preview:-1"},"canonical":"https:\/\/www.dagartech.com\/de\/grupos-electrogenos\/stromaggregate-bgbs-660-st-400-230v\/","og_locale":"de_DE","og_type":"article","og_title":"BGBS 660 ST. BAUDOUIN 6M31G660\/5 - Stromaggregate - Dagartech","og_description":"Sstromaggregate BGBS 660 ST aus dem Kategoriebereich Baudouin, Emergency Balance, Medium power (from 30 kVA to 825 kVA). Leistung 550 - 825 kVA und Motor BAUDOUIN Diesel. 400\/230V zu 50Hz","og_url":"https:\/\/www.dagartech.com\/de\/grupos-electrogenos\/stromaggregate-bgbs-660-st-400-230v\/","og_site_name":"Dagartech DE","article_publisher":"https:\/\/www.facebook.com\/dagartech\/","article_modified_time":"2026-04-08T13:51:04+00:00","og_image":[{"width":1500,"height":947,"url":"https:\/\/www.dagartech.com\/de\/wp-content\/uploads\/sites\/7\/2026\/04\/Dagartech_Gama-Balance-GK1B_1.jpg","type":"image\/jpeg"}],"twitter_card":"summary_large_image","twitter_site":"@dagartech","schema":{"@context":"https:\/\/schema.org","@graph":[{"@type":"WebPage","@id":"https:\/\/www.dagartech.com\/de\/grupos-electrogenos\/stromaggregate-bgbs-660-st-400-230v\/","url":"https:\/\/www.dagartech.com\/de\/grupos-electrogenos\/stromaggregate-bgbs-660-st-400-230v\/","name":"BGBS 660 ST. BAUDOUIN 6M31G660\/5 - Stromaggregate - Dagartech","isPartOf":{"@id":"https:\/\/www.dagartech.com\/de\/#website"},"primaryImageOfPage":{"@id":"https:\/\/www.dagartech.com\/de\/grupos-electrogenos\/stromaggregate-bgbs-660-st-400-230v\/#primaryimage"},"image":{"@id":"https:\/\/www.dagartech.com\/de\/grupos-electrogenos\/stromaggregate-bgbs-660-st-400-230v\/#primaryimage"},"thumbnailUrl":"https:\/\/www.dagartech.com\/de\/wp-content\/uploads\/sites\/7\/2026\/04\/Dagartech_Gama-Balance-GK1B_1.jpg","datePublished":"2026-04-08T12:25:13+00:00","dateModified":"2026-04-08T13:51:04+00:00","description":"Sstromaggregate BGBS 660 ST aus dem Kategoriebereich Baudouin, Emergency Balance, Medium power (from 30 kVA to 825 kVA). Leistung 550 - 825 kVA und Motor BAUDOUIN Diesel. 400\/230V zu 50Hz","breadcrumb":{"@id":"https:\/\/www.dagartech.com\/de\/grupos-electrogenos\/stromaggregate-bgbs-660-st-400-230v\/#breadcrumb"},"inLanguage":"de-DE","potentialAction":[{"@type":"ReadAction","target":["https:\/\/www.dagartech.com\/de\/grupos-electrogenos\/stromaggregate-bgbs-660-st-400-230v\/"]}]},{"@type":"ImageObject","inLanguage":"de-DE","@id":"https:\/\/www.dagartech.com\/de\/grupos-electrogenos\/stromaggregate-bgbs-660-st-400-230v\/#primaryimage","url":"https:\/\/www.dagartech.com\/de\/wp-content\/uploads\/sites\/7\/2026\/04\/Dagartech_Gama-Balance-GK1B_1.jpg","contentUrl":"https:\/\/www.dagartech.com\/de\/wp-content\/uploads\/sites\/7\/2026\/04\/Dagartech_Gama-Balance-GK1B_1.jpg","width":1500,"height":947},{"@type":"BreadcrumbList","@id":"https:\/\/www.dagartech.com\/de\/grupos-electrogenos\/stromaggregate-bgbs-660-st-400-230v\/#breadcrumb","itemListElement":[{"@type":"ListItem","position":1,"name":"Portada","item":"https:\/\/www.dagartech.com\/de\/"},{"@type":"ListItem","position":2,"name":"Products","item":"https:\/\/www.dagartech.com\/de\/shop\/"},{"@type":"ListItem","position":3,"name":"BGBS 660 ST"}]},{"@type":"WebSite","@id":"https:\/\/www.dagartech.com\/de\/#website","url":"https:\/\/www.dagartech.com\/de\/","name":"Dagartech","description":"Somos fabricantes de Grupos Electr\u00f3genos. M\u00e1ximos est\u00e1ndares de Calidad. Elevada Fiabilidad y Seguridad. Nos adaptamos a las necesidades de cada proyecto.","publisher":{"@id":"https:\/\/www.dagartech.com\/de\/#organization"},"potentialAction":[{"@type":"SearchAction","target":{"@type":"EntryPoint","urlTemplate":"https:\/\/www.dagartech.com\/de\/?s={search_term_string}"},"query-input":"required name=search_term_string"}],"inLanguage":"de-DE"},{"@type":"Organization","@id":"https:\/\/www.dagartech.com\/de\/#organization","name":"Dagartech","url":"https:\/\/www.dagartech.com\/de\/","logo":{"@type":"ImageObject","inLanguage":"de-DE","@id":"https:\/\/www.dagartech.com\/de\/#\/schema\/logo\/image\/","url":"https:\/\/www.dagartech.com\/de\/wp-content\/uploads\/sites\/7\/2024\/02\/Logo-dagartech.png","contentUrl":"https:\/\/www.dagartech.com\/de\/wp-content\/uploads\/sites\/7\/2024\/02\/Logo-dagartech.png","width":5692,"height":3200,"caption":"Dagartech"},"image":{"@id":"https:\/\/www.dagartech.com\/de\/#\/schema\/logo\/image\/"},"sameAs":["https:\/\/www.facebook.com\/dagartech\/","https:\/\/x.com\/dagartech","https:\/\/www.youtube.com\/channel\/UC088MotzpZAfzdS2yiXSUNg","https:\/\/www.instagram.com\/dagartech_energy_solutions\/?igshid=MTNiYzNiMzkwZA","https:\/\/www.linkedin.com\/company\/dagartech\/"]}]}},"df_price":"","df_sale_price":"","df_regular_price":"","df_image_link":"https:\/\/www.dagartech.com\/de\/wp-content\/uploads\/sites\/7\/2026\/04\/Dagartech_Gama-Balance-GK1B_1-300x189.jpg","_links":{"self":[{"href":"https:\/\/www.dagartech.com\/de\/wp-json\/wp\/v2\/product\/8115"}],"collection":[{"href":"https:\/\/www.dagartech.com\/de\/wp-json\/wp\/v2\/product"}],"about":[{"href":"https:\/\/www.dagartech.com\/de\/wp-json\/wp\/v2\/types\/product"}],"replies":[{"embeddable":true,"href":"https:\/\/www.dagartech.com\/de\/wp-json\/wp\/v2\/comments?post=8115"}],"wp:featuredmedia":[{"embeddable":true,"href":"https:\/\/www.dagartech.com\/de\/wp-json\/wp\/v2\/media\/8281"}],"wp:attachment":[{"href":"https:\/\/www.dagartech.com\/de\/wp-json\/wp\/v2\/media?parent=8115"}],"wp:term":[{"taxonomy":"product_cat","embeddable":true,"href":"https:\/\/www.dagartech.com\/de\/wp-json\/wp\/v2\/product_cat?post=8115"},{"taxonomy":"product_tag","embeddable":true,"href":"https:\/\/www.dagartech.com\/de\/wp-json\/wp\/v2\/product_tag?post=8115"}],"curies":[{"name":"wp","href":"https:\/\/api.w.org\/{rel}","templated":true}]}}