{"id":850,"date":"2024-07-11T10:50:25","date_gmt":"2024-07-11T08:50:25","guid":{"rendered":"https:\/\/www.dagartech.com\/?page_id=850"},"modified":"2024-07-11T10:50:28","modified_gmt":"2024-07-11T08:50:28","slug":"cookie-richtlinie","status":"publish","type":"page","link":"https:\/\/www.dagartech.com\/de\/cookie-richtlinie\/","title":{"rendered":"Cookie-Richtlinie"},"content":{"rendered":"<h2>Arten von verwendeten Cookies<\/h2>\n<p>Diese Website verwendet sowohl tempor\u00e4re Sitzungscookies als auch permanente Cookies. Sitzungscookies speichern Daten nur w\u00e4hrend der Nutzer auf die Website zugreift, und permanente Cookies speichern die Daten auf dem Endger\u00e4t, damit sie in mehr als einer Sitzung genutzt werden k\u00f6nnen.<\/p>\n<p>Die Website kann je nach Zweck der erfassten Daten die folgenden Cookies einsetzen:<\/p>\n<h3>Technische Cookies<\/h3>\n<p>Dabei handelt es sich um Cookies, die dem Nutzer das Navigieren auf der Website oder in der Anwendung sowie die Nutzung der verschiedenen dort vorhandenen Optionen oder Dienste erm\u00f6glichen. Sie dienen z. B. dazu, den Datenverkehr und die Kommunikation zu steuern, die Sitzung zu identifizieren, auf eingeschr\u00e4nkte Bereiche der Website zuzugreifen, die Artikel im Warenkorb zu merken, Anmeldungen oder Teilnahmen an Veranstaltungen zu verwalten, Sicherheitselemente w\u00e4hrend der Navigation zu verwenden und Inhalte f\u00fcr die Verbreitung von Videos oder Audiodateien zu speichern.<\/p>\n<h3>Personalisierungs-Cookies<\/h3>\n<p>Diese Cookies erm\u00f6glichen es dem Nutzer, mit einigen allgemeinen, auf seinem Endger\u00e4t voreingestellten Merkmalen oder vom Nutzer selbst definierten Merkmalen auf den Dienst zuzugreifen. Gespeichert werden z. B. die Sprache, der Browsertyp, \u00fcber den auf den Dienst zugegriffen wird, das ausgew\u00e4hlte Inhaltsdesign, die Geolokalisierung des Endger\u00e4ts und die regionale Konfiguration, von der aus auf den Dienst zugegriffen wird.<\/p>\n<h3>Werbe-Cookies<\/h3>\n<p>Diese Cookies erm\u00f6glichen die effektive Verwaltung der Werbefl\u00e4chen, die auf der Webseite oder in die Anwendung eingebunden sind, \u00fcber die der Dienst bereitgestellt wird. Sie passen den Inhalt der Werbung so an, dass diese f\u00fcr den Nutzer relevant ist, und verhindern, dass Anzeigen, die dem Benutzer bereit gezeigt wurden, erneut an ihn ausgespielt werden.<\/p>\n<h3>Statistik-Cookies<\/h3>\n<p>Diese Cookies erm\u00f6glichen es, das Verhalten der Nutzer auf der Website zu verfolgen und zu analysieren. Die durch diese Art von Cookies erfassten Informationen werden zur Messung der Aktivit\u00e4t auf Websites, in Anwendungen oder Plattformen sowie zur Erstellung von Benutzerprofilen f\u00fcr das Navigationsverhalten verwendet, um den Dienst ausgehend von den Nutzungsdaten der Benutzer zu verbessern.<\/p>\n<h3>Drittanbieter-Cookies<\/h3>\n<p>Auf einigen Webseiten k\u00f6nnen Cookies von Drittanbietern installiert werden, die die Verwaltung und Verbesserung der angebotenen Dienste erm\u00f6glichen. Beispiele sind Statistik-Tools wie Google Analytics und Comscore.<\/p>\n<h2>Wie verwaltet man Cookies im Webbrowser?<\/h2>\n<p>Der Nutzer hat die Option, die auf seinem Ger\u00e4t installierten Cookies \u00fcber die Einstellungen des auf seinem Endger\u00e4t installierten Browsers zu erlauben, blockieren oder l\u00f6schen:<\/p>\n<p>So passen Sie die Cookie-Einstellungen im Google Chrome-Browser an:<\/p>\n<ol>\n<li>Klicken Sie auf das Men\u00fc in der Werkzeugleiste.<\/li>\n<li>W\u00e4hlen Sie \u201eEinstellungen\u201c.<\/li>\n<li>Klicken Sie auf \u201eErweiterte Einstellungen anzeigen\u201c.<\/li>\n<li>Klicken Sie im Bereich \u201eDatenschutz\u201c auf die Schaltfl\u00e4che \u201eInhaltseinstellungen\u201c.<\/li>\n<li>Im Bereich \u201eCookies\u201c k\u00f6nnen die Einstellungen vorgenommen werden.<\/li>\n<\/ol>\n<p><a href=\"https:\/\/support.google.com\/chrome\/answer\/95647?hl=es\">Weitere Informationen \u00fcber Google Chrome<\/a><\/p>\n<p>So passen Sie die Cookie-Einstellungen im Mozilla Firefox-Browser an:<\/p>\n<ol>\n<li>Klicken Sie oben im Firefox-Fenster auf das Men\u00fc \u201eExtras\u201c.<\/li>\n<li>W\u00e4hlen Sie \u201eEinstellungen\u201c aus.<\/li>\n<li>W\u00e4hlen Sie den Tab \u201eDatenschutz\u201c.<\/li>\n<li>Unter der Option \u201eFirefox\u201c k\u00f6nnen Sie \u201eBenutzerdefinierte Einstellungen f\u00fcr den Verlauf verwenden\u201c ausw\u00e4hlen, um die Optionen zu konfigurieren.<\/li>\n<\/ol>\n<p><a href=\"https:\/\/support.mozilla.org\/es\/kb\/cookies-informacion-que-los-sitios-web-guardan-en-\">Weitere Informationen zu Mozilla Firefox<\/a><\/p>\n<p>So passen Sie die Cookie-Einstellungen im Browser Internet Explorer 9 an:<\/p>\n<ol>\n<li>Klicken Sie oben im Fenster des Internet Explorers auf das Men\u00fc \u201eWerkzeuge\u201c.<\/li>\n<li>W\u00e4hlen Sie die Registerkarte \u201eSicherheit\u201c und anschlie\u00dfend die Option \u201eBrowserverlauf l\u00f6schen\u201c, um die Cookies zu l\u00f6schen. Aktivieren Sie das Kontrollk\u00e4stchen bei \u201eCookies\u201c und klicken Sie anschlie\u00dfend auf \u201eL\u00f6schen\u201c.<\/li>\n<li>W\u00e4hlen Sie die Registerkarte \u201eSicherheit\u201c und gehen Sie zu \u201eEinstellungen\u201c. Bewegen Sie den Schieberegler ganz nach oben, um alle Cookies zu blockieren, oder ganz nach unten, um alle Cookies zuzulassen. Klicken Sie anschlie\u00dfend auf \u201eAkzeptieren\u201c.<\/li>\n<\/ol>\n<p><a href=\"https:\/\/support.microsoft.com\/es-es\/windows\">Weitere Informationen \u00fcber den Internet Explorer 9<\/a><\/p>\n<p>Wenn Sie die Verwendung von Cookies in Ihrem Browser blockieren, sind einige Dienste oder Funktionen der Website m\u00f6glicherweise nicht verf\u00fcgbar.<\/p>\n<p>In einigen Browsern k\u00f6nnen spezifische Regeln zur Cookie-Verwaltung je Website festgelegt werden, was eine pr\u00e4zisere Steuerung der Privatsph\u00e4re erm\u00f6glicht. Das bedeutet, dass Sie nur die Cookies der Websites aktivieren k\u00f6nnen, denen Sie vertrauen.<\/p>\n","protected":false},"excerpt":{"rendered":"<p>Arten von verwendeten Cookies Diese Website verwendet sowohl tempor\u00e4re Sitzungscookies als auch permanente Cookies. Sitzungscookies speichern Daten nur w\u00e4hrend der Nutzer auf die Website zugreift, und permanente Cookies speichern die Daten auf dem Endger\u00e4t, damit sie in mehr als einer Sitzung genutzt werden k\u00f6nnen. Die Website kann je nach Zweck der erfassten Daten die folgenden [&hellip;]<\/p>\n","protected":false},"author":1,"featured_media":0,"parent":0,"menu_order":0,"comment_status":"open","ping_status":"open","template":"page_legal.php","meta":{"_acf_changed":false,"footnotes":""},"class_list":["post-850","page","type-page","status-publish","hentry"],"acf":[],"yoast_head":"<!-- This site is optimized with the Yoast SEO plugin v23.1 - https:\/\/yoast.com\/wordpress\/plugins\/seo\/ -->\n<title>Cookie-Richtlinie | Dagartech DE<\/title>\n<meta name=\"robots\" content=\"index, follow, max-snippet:-1, max-image-preview:large, max-video-preview:-1\" \/>\n<link rel=\"canonical\" href=\"https:\/\/www.dagartech.com\/de\/cookie-richtlinie\/\" \/>\n<meta property=\"og:locale\" content=\"de_DE\" \/>\n<meta property=\"og:type\" content=\"article\" \/>\n<meta property=\"og:title\" content=\"Cookie-Richtlinie | Dagartech DE\" \/>\n<meta property=\"og:description\" content=\"Arten von verwendeten Cookies Diese Website verwendet sowohl tempor\u00e4re Sitzungscookies als auch permanente Cookies. Sitzungscookies speichern Daten nur w\u00e4hrend der Nutzer auf die Website zugreift, und permanente Cookies speichern die Daten auf dem Endger\u00e4t, damit sie in mehr als einer Sitzung genutzt werden k\u00f6nnen. Die Website kann je nach Zweck der erfassten Daten die folgenden [&hellip;]\" \/>\n<meta property=\"og:url\" content=\"https:\/\/www.dagartech.com\/de\/cookie-richtlinie\/\" \/>\n<meta property=\"og:site_name\" content=\"Dagartech DE\" \/>\n<meta property=\"article:publisher\" content=\"https:\/\/www.facebook.com\/dagartech\/\" \/>\n<meta property=\"article:modified_time\" content=\"2024-07-11T08:50:28+00:00\" \/>\n<meta property=\"og:image\" content=\"https:\/\/www.dagartech.com\/de\/wp-content\/uploads\/sites\/7\/2024\/02\/Logo-dagartech.png\" \/>\n\t<meta property=\"og:image:width\" content=\"5692\" \/>\n\t<meta property=\"og:image:height\" content=\"3200\" \/>\n\t<meta property=\"og:image:type\" content=\"image\/png\" \/>\n<meta name=\"twitter:card\" content=\"summary_large_image\" \/>\n<meta name=\"twitter:site\" content=\"@dagartech\" \/>\n<meta name=\"twitter:label1\" content=\"Gesch\u00e4tzte Lesezeit\" \/>\n\t<meta name=\"twitter:data1\" content=\"1 Minute\" \/>\n<script type=\"application\/ld+json\" class=\"yoast-schema-graph\">{\"@context\":\"https:\/\/schema.org\",\"@graph\":[{\"@type\":\"WebPage\",\"@id\":\"https:\/\/www.dagartech.com\/de\/cookie-richtlinie\/\",\"url\":\"https:\/\/www.dagartech.com\/de\/cookie-richtlinie\/\",\"name\":\"Cookie-Richtlinie | Dagartech DE\",\"isPartOf\":{\"@id\":\"https:\/\/www.dagartech.com\/de\/#website\"},\"datePublished\":\"2024-07-11T08:50:25+00:00\",\"dateModified\":\"2024-07-11T08:50:28+00:00\",\"breadcrumb\":{\"@id\":\"https:\/\/www.dagartech.com\/de\/cookie-richtlinie\/#breadcrumb\"},\"inLanguage\":\"de-DE\",\"potentialAction\":[{\"@type\":\"ReadAction\",\"target\":[\"https:\/\/www.dagartech.com\/de\/cookie-richtlinie\/\"]}]},{\"@type\":\"BreadcrumbList\",\"@id\":\"https:\/\/www.dagartech.com\/de\/cookie-richtlinie\/#breadcrumb\",\"itemListElement\":[{\"@type\":\"ListItem\",\"position\":1,\"name\":\"Portada\",\"item\":\"https:\/\/www.dagartech.com\/de\/\"},{\"@type\":\"ListItem\",\"position\":2,\"name\":\"Cookie-Richtlinie\"}]},{\"@type\":\"WebSite\",\"@id\":\"https:\/\/www.dagartech.com\/de\/#website\",\"url\":\"https:\/\/www.dagartech.com\/de\/\",\"name\":\"Dagartech\",\"description\":\"Somos fabricantes de Grupos Electr\u00f3genos. M\u00e1ximos est\u00e1ndares de Calidad. Elevada Fiabilidad y Seguridad. Nos adaptamos a las necesidades de cada proyecto.\",\"publisher\":{\"@id\":\"https:\/\/www.dagartech.com\/de\/#organization\"},\"potentialAction\":[{\"@type\":\"SearchAction\",\"target\":{\"@type\":\"EntryPoint\",\"urlTemplate\":\"https:\/\/www.dagartech.com\/de\/?s={search_term_string}\"},\"query-input\":\"required name=search_term_string\"}],\"inLanguage\":\"de-DE\"},{\"@type\":\"Organization\",\"@id\":\"https:\/\/www.dagartech.com\/de\/#organization\",\"name\":\"Dagartech\",\"url\":\"https:\/\/www.dagartech.com\/de\/\",\"logo\":{\"@type\":\"ImageObject\",\"inLanguage\":\"de-DE\",\"@id\":\"https:\/\/www.dagartech.com\/de\/#\/schema\/logo\/image\/\",\"url\":\"https:\/\/www.dagartech.com\/de\/wp-content\/uploads\/sites\/7\/2024\/02\/Logo-dagartech.png\",\"contentUrl\":\"https:\/\/www.dagartech.com\/de\/wp-content\/uploads\/sites\/7\/2024\/02\/Logo-dagartech.png\",\"width\":5692,\"height\":3200,\"caption\":\"Dagartech\"},\"image\":{\"@id\":\"https:\/\/www.dagartech.com\/de\/#\/schema\/logo\/image\/\"},\"sameAs\":[\"https:\/\/www.facebook.com\/dagartech\/\",\"https:\/\/x.com\/dagartech\",\"https:\/\/www.youtube.com\/channel\/UC088MotzpZAfzdS2yiXSUNg\",\"https:\/\/www.instagram.com\/dagartech_energy_solutions\/?igshid=MTNiYzNiMzkwZA\",\"https:\/\/www.linkedin.com\/company\/dagartech\/\"]}]}<\/script>\n<!-- \/ Yoast SEO plugin. -->","yoast_head_json":{"title":"Cookie-Richtlinie | Dagartech DE","robots":{"index":"index","follow":"follow","max-snippet":"max-snippet:-1","max-image-preview":"max-image-preview:large","max-video-preview":"max-video-preview:-1"},"canonical":"https:\/\/www.dagartech.com\/de\/cookie-richtlinie\/","og_locale":"de_DE","og_type":"article","og_title":"Cookie-Richtlinie | Dagartech DE","og_description":"Arten von verwendeten Cookies Diese Website verwendet sowohl tempor\u00e4re Sitzungscookies als auch permanente Cookies. Sitzungscookies speichern Daten nur w\u00e4hrend der Nutzer auf die Website zugreift, und permanente Cookies speichern die Daten auf dem Endger\u00e4t, damit sie in mehr als einer Sitzung genutzt werden k\u00f6nnen. Die Website kann je nach Zweck der erfassten Daten die folgenden [&hellip;]","og_url":"https:\/\/www.dagartech.com\/de\/cookie-richtlinie\/","og_site_name":"Dagartech DE","article_publisher":"https:\/\/www.facebook.com\/dagartech\/","article_modified_time":"2024-07-11T08:50:28+00:00","og_image":[{"width":5692,"height":3200,"url":"https:\/\/www.dagartech.com\/de\/wp-content\/uploads\/sites\/7\/2024\/02\/Logo-dagartech.png","type":"image\/png"}],"twitter_card":"summary_large_image","twitter_site":"@dagartech","twitter_misc":{"Gesch\u00e4tzte Lesezeit":"1 Minute"},"schema":{"@context":"https:\/\/schema.org","@graph":[{"@type":"WebPage","@id":"https:\/\/www.dagartech.com\/de\/cookie-richtlinie\/","url":"https:\/\/www.dagartech.com\/de\/cookie-richtlinie\/","name":"Cookie-Richtlinie | Dagartech DE","isPartOf":{"@id":"https:\/\/www.dagartech.com\/de\/#website"},"datePublished":"2024-07-11T08:50:25+00:00","dateModified":"2024-07-11T08:50:28+00:00","breadcrumb":{"@id":"https:\/\/www.dagartech.com\/de\/cookie-richtlinie\/#breadcrumb"},"inLanguage":"de-DE","potentialAction":[{"@type":"ReadAction","target":["https:\/\/www.dagartech.com\/de\/cookie-richtlinie\/"]}]},{"@type":"BreadcrumbList","@id":"https:\/\/www.dagartech.com\/de\/cookie-richtlinie\/#breadcrumb","itemListElement":[{"@type":"ListItem","position":1,"name":"Portada","item":"https:\/\/www.dagartech.com\/de\/"},{"@type":"ListItem","position":2,"name":"Cookie-Richtlinie"}]},{"@type":"WebSite","@id":"https:\/\/www.dagartech.com\/de\/#website","url":"https:\/\/www.dagartech.com\/de\/","name":"Dagartech","description":"Somos fabricantes de Grupos Electr\u00f3genos. M\u00e1ximos est\u00e1ndares de Calidad. Elevada Fiabilidad y Seguridad. Nos adaptamos a las necesidades de cada proyecto.","publisher":{"@id":"https:\/\/www.dagartech.com\/de\/#organization"},"potentialAction":[{"@type":"SearchAction","target":{"@type":"EntryPoint","urlTemplate":"https:\/\/www.dagartech.com\/de\/?s={search_term_string}"},"query-input":"required name=search_term_string"}],"inLanguage":"de-DE"},{"@type":"Organization","@id":"https:\/\/www.dagartech.com\/de\/#organization","name":"Dagartech","url":"https:\/\/www.dagartech.com\/de\/","logo":{"@type":"ImageObject","inLanguage":"de-DE","@id":"https:\/\/www.dagartech.com\/de\/#\/schema\/logo\/image\/","url":"https:\/\/www.dagartech.com\/de\/wp-content\/uploads\/sites\/7\/2024\/02\/Logo-dagartech.png","contentUrl":"https:\/\/www.dagartech.com\/de\/wp-content\/uploads\/sites\/7\/2024\/02\/Logo-dagartech.png","width":5692,"height":3200,"caption":"Dagartech"},"image":{"@id":"https:\/\/www.dagartech.com\/de\/#\/schema\/logo\/image\/"},"sameAs":["https:\/\/www.facebook.com\/dagartech\/","https:\/\/x.com\/dagartech","https:\/\/www.youtube.com\/channel\/UC088MotzpZAfzdS2yiXSUNg","https:\/\/www.instagram.com\/dagartech_energy_solutions\/?igshid=MTNiYzNiMzkwZA","https:\/\/www.linkedin.com\/company\/dagartech\/"]}]}},"_links":{"self":[{"href":"https:\/\/www.dagartech.com\/de\/wp-json\/wp\/v2\/pages\/850"}],"collection":[{"href":"https:\/\/www.dagartech.com\/de\/wp-json\/wp\/v2\/pages"}],"about":[{"href":"https:\/\/www.dagartech.com\/de\/wp-json\/wp\/v2\/types\/page"}],"author":[{"embeddable":true,"href":"https:\/\/www.dagartech.com\/de\/wp-json\/wp\/v2\/users\/1"}],"replies":[{"embeddable":true,"href":"https:\/\/www.dagartech.com\/de\/wp-json\/wp\/v2\/comments?post=850"}],"version-history":[{"count":2,"href":"https:\/\/www.dagartech.com\/de\/wp-json\/wp\/v2\/pages\/850\/revisions"}],"predecessor-version":[{"id":6611,"href":"https:\/\/www.dagartech.com\/de\/wp-json\/wp\/v2\/pages\/850\/revisions\/6611"}],"wp:attachment":[{"href":"https:\/\/www.dagartech.com\/de\/wp-json\/wp\/v2\/media?parent=850"}],"curies":[{"name":"wp","href":"https:\/\/api.w.org\/{rel}","templated":true}]}}