{"id":848,"date":"2024-07-11T10:50:25","date_gmt":"2024-07-11T08:50:25","guid":{"rendered":"https:\/\/www.dagartech.com\/?page_id=848"},"modified":"2024-07-11T10:50:27","modified_gmt":"2024-07-11T08:50:27","slug":"datenschutzerklarung","status":"publish","type":"page","link":"https:\/\/www.dagartech.com\/de\/datenschutzerklarung\/","title":{"rendered":"Datenschutzerkl\u00e4rung"},"content":{"rendered":"<p>Die Verordnung (EU) 2016\/679 zum Schutz personenbezogener Daten sowie das spanische Organgesetz 3\/2018 vom 5. Dezember zum Schutz personenbezogener Daten und zur Sicherstellung digitaler Rechte (Ley Org\u00e1nica 3\/2018, de 5 de diciembre, de Protecci\u00f3n de Datos Personales y garant\u00eda de los derechos digitales) legen einen neuen Rahmen f\u00fcr die Kontrolle und Verarbeitung personenbezogener Daten fest. Wir haben unsere Datenschutzrichtlinie \u00fcberpr\u00fcft und an die neuen Anforderungen angepasst. Um Ihnen mehr Informationen \u00fcber die Verarbeitung personenbezogener Daten zu bieten, stellen wir Ihnen diese Datenschutzrichtlinie zur Verf\u00fcgung. Unsere Leitprinzipien dabei: Compliance, Loyalit\u00e4t und Transparenz.<\/p>\n<h2><strong>Wer ist f\u00fcr die Verarbeitung Ihrer Daten verantwortlich?<\/strong><\/h2>\n<p><strong>Unternehmen:<\/strong> DAGARTECH<br \/>\n<strong>Name des Unternehmens:<\/strong> DAGAR TECHNOLOGIES, S.L<br \/>\n<strong>CIF:<\/strong> B99416539<br \/>\n<strong>Sitz:<\/strong> POL. IND. CENTROVIA, C\/ PANAM\u00c1, 12 &#8211; 50198 &#8211; LA MUELA- SARAGOSSA (ZARAGOZA), SPANIEN<br \/>\n<strong>E-Mail:<\/strong> info@dagartech.com<br \/>\n<strong>Telefon:<\/strong> 976141655<\/p>\n<p>F\u00fcr die Verarbeitung der personenbezogenen Daten seiner Nutzer und Kunden sowie der Daten, die \u00fcber die Website erfasst werden k\u00f6nne, verantwortlich ist DAGAR TECHNOLOGIES, S.L. mit der spanischen Steuernummer CIF B99416539.<\/p>\n<h2>Zu welchem Zweck verarbeiten wir Ihre personenbezogenen Daten?<\/h2>\n<p>Bei DAGARTECH verarbeiten wir die von Ihnen bereitgestellten Informationen, um die vertragliche Beziehung, die uns verbindet, zu verwalten, den Versand der von Ihnen angeforderten Informationen zu bearbeiten und Interessenten Angebote f\u00fcr unsere Dienstleistungen und\/oder Produkte zu unterbreiten, die f\u00fcr sie von Interesse sein k\u00f6nnten. Die \u00fcber das Webformular zur Informationsanfrage erhobenen personenbezogenen Daten dienen dem Zweck, kommerzielle Informationen \u00fcber unsere Produkte und Dienstleistungen zu versenden.<\/p>\n<p>Als Verarbeitung personenbezogener Daten gelten automatisierte oder nicht automatisierte Vorg\u00e4nge, Verwaltungsprozesse und technische Verfahren, die die Erfassung, Speicherung, \u00c4nderung, \u00dcbertragung und andere Aktionen in Bezug auf personenbezogene Daten erm\u00f6glichen.<\/p>\n<p>DAGARTECH verarbeitet die personenbezogenen Daten rechtm\u00e4\u00dfig, loyal, transparent, angemessen, relevant, begrenzt, genau und auf aktuelle Weise.<\/p>\n<h2>Wie lange speichern wir Ihre personenbezogenen Daten?<\/h2>\n<p>Ihre Daten werden f\u00fcr den minimal notwendigen Zeitraum aufbewahrt, um den angebotenen Dienst ordnungsgem\u00e4\u00df zu erbringen. Dabei werden die minimal erforderlichen personenbezogenen Daten erfasst, um den sich daraus ergebenden Verpflichtungen sowie allen anderen gesetzlichen Anforderungen nachzukommen. Die Daten werden f\u00fcr die gesetzlich festgelegten Zeitr\u00e4ume gespeichert.<\/p>\n<h2>Auf welcher rechtlichen Grundlage verarbeiten wir Ihre Daten?<\/h2>\n<p>Die rechtliche Grundlage f\u00fcr die Verarbeitung Ihrer personenbezogenen Daten kann die Erf\u00fcllung eines potenziellen und\/oder abgeschlossenen Vertrags sein. Im Falle Ihrer Daten aus den Webformularen basiert die Legitimation auf der ausdr\u00fccklichen Einwilligung, die Sie uns durch die Zustimmung zum Versand der \u00fcber das Formular bereitgestellten Informationen erteilen. Die Daten, die wir von Ihnen anfordern, sind angemessen, relevant und unbedingt erforderlich. Sie sind nicht verpflichtet, uns diese Daten zur Verf\u00fcgung zu stellen, aber die Nicht\u00fcbermittlung kann den Zweck des Dienstes beeintr\u00e4chtigen oder dessen Erbringung unm\u00f6glich machen.<\/p>\n<h2>An wen geben wir Ihre Daten weiter?<\/h2>\n<p>DAGARTECH teilt Ihre Daten nicht mit Dritten, au\u00dfer Sie werden ausdr\u00fccklich dar\u00fcber informiert.<\/p>\n<p>Welche Rechte haben Sie, wenn Sie uns Ihre Daten zur Verf\u00fcgung stellen?<\/p>\n<p>Die betroffenen Personen haben folgende Datenschutzrechte:<\/p>\n<ul>\n<li>Recht auf Auskunft \u00fcber die personenbezogenen Daten der betroffenen Person<\/li>\n<li>Recht auf Berichtigung oder L\u00f6schung<\/li>\n<li>Recht auf Widerspruch<\/li>\n<li>Recht auf Einschr\u00e4nkung der Verarbeitung<\/li>\n<li>Recht auf Daten\u00fcbertragbarkeit<\/li>\n<\/ul>\n<p>Die Inhaber der erhobenen personenbezogenen Daten k\u00f6nnen ihre Datenschutzrechte aus\u00fcben, indem sie eine schriftliche Mitteilung an den folgende Adresse richten: DAGAR TECHNOLOGIES, S.L &#8211; POL. IND. CENTROVIA, C\/ PANAM\u00c1, 12 &#8211; 50198 &#8211; LA MUELA- SARAGOSSA (ZARAGOZA), SPANEN, oder die daf\u00fcr vorgesehene E-Mail-Adresse, wobei in beiden F\u00e4llen eine Kopie Ihres Personalausweises oder eines gleichwertigen Identit\u00e4tsdokuments beizuf\u00fcgen ist.<\/p>\n<p>Modelle, Formulare und weitere Informationen zu Ihren Rechten finden Sie auf der Website der nationalen Aufsichtsbeh\u00f6rde, der spanischen Datenschutzbeh\u00f6rde Agencia Espa\u00f1ola de Protecci\u00f3n de Datos (AEPD), unter, www.agpd.es.<\/p>\n<h2>Kann ich meine Zustimmung widerrufen?<\/h2>\n<p>Sie haben die M\u00f6glichkeit und das Recht, Ihre Zustimmung f\u00fcr jeden spezifischen Zweck zu widerrufen, f\u00fcr die Sie diese erteilt haben, ohne dass die Rechtm\u00e4\u00dfigkeit der auf der vorherigen Zustimmung basierenden Verarbeitung beeintr\u00e4chtigt wird.<\/p>\n<p>Wo kann ich mich beschweren, wenn ich der Meinung bin, dass meine Daten nicht korrekt verarbeitet werden?<\/p>\n<p>Wenn ein Betroffener der Ansicht ist, dass seine Daten von DAGARTECH nicht korrekt behandelt werden, kann er seine Beschwerden an die E-Mail-Adresse info@dagartech.com oder an die zust\u00e4ndige Datenschutzbeh\u00f6rde richten. In Spanien ist dies die AEPD, www.agpd.es.<\/p>\n<h2>Sicherheit und Aktualisierung Ihrer personenbezogenen Daten<\/h2>\n<p>Zum Schutz Ihrer personenbezogenen Daten teilt DAGARTECH mit, dass alle notwendigen technischen und organisatorischen Ma\u00dfnahmen ergriffen wurden, um die Sicherheit der bereitgestellten personenbezogenen Daten zu gew\u00e4hrleisten. Das dient dazu, Ver\u00e4nderungen, Verlust und\/oder unbefugte Verarbeitung oder Zugriffe zu verhindern, wie es die Vorschriften verlangen, obgleich absolute Sicherheit nicht existiert.<\/p>\n<p>Damit wir Ihre personenbezogenen Daten aktuell halten k\u00f6nnen, ist es wichtig, dass Sie uns \u00fcber jede \u00c4nderung informieren.<\/p>\n<h2>Vertraulichkeit<\/h2>\n<p>DAGARTECH weist darauf hin, dass Ihre Daten von allen an der Verarbeitung beteiligten Mitarbeitern mit gr\u00f6\u00dfter Sorgfalt und Vertraulichkeit behandelt werden. Wir werden Ihre Daten weder weitergeben noch an Dritte kommunizieren, au\u00dfer in den gesetzlich vorgeschriebenen F\u00e4llen oder wenn der Betroffene uns ausdr\u00fccklich dazu erm\u00e4chtigt hat.<\/p>\n","protected":false},"excerpt":{"rendered":"<p>Die Verordnung (EU) 2016\/679 zum Schutz personenbezogener Daten sowie das spanische Organgesetz 3\/2018 vom 5. Dezember zum Schutz personenbezogener Daten und zur Sicherstellung digitaler Rechte (Ley Org\u00e1nica 3\/2018, de 5 de diciembre, de Protecci\u00f3n de Datos Personales y garant\u00eda de los derechos digitales) legen einen neuen Rahmen f\u00fcr die Kontrolle und Verarbeitung personenbezogener Daten fest. [&hellip;]<\/p>\n","protected":false},"author":1,"featured_media":0,"parent":0,"menu_order":0,"comment_status":"open","ping_status":"open","template":"page_legal.php","meta":{"_acf_changed":false,"footnotes":""},"class_list":["post-848","page","type-page","status-publish","hentry"],"acf":[],"yoast_head":"<!-- This site is optimized with the Yoast SEO plugin v23.1 - https:\/\/yoast.com\/wordpress\/plugins\/seo\/ -->\n<title>Datenschutzerkl\u00e4rung | Dagartech DE<\/title>\n<meta name=\"robots\" content=\"index, follow, max-snippet:-1, max-image-preview:large, max-video-preview:-1\" \/>\n<link rel=\"canonical\" href=\"https:\/\/www.dagartech.com\/de\/datenschutzerklarung\/\" \/>\n<meta property=\"og:locale\" content=\"de_DE\" \/>\n<meta property=\"og:type\" content=\"article\" \/>\n<meta property=\"og:title\" content=\"Datenschutzerkl\u00e4rung | Dagartech DE\" \/>\n<meta property=\"og:description\" content=\"Die Verordnung (EU) 2016\/679 zum Schutz personenbezogener Daten sowie das spanische Organgesetz 3\/2018 vom 5. Dezember zum Schutz personenbezogener Daten und zur Sicherstellung digitaler Rechte (Ley Org\u00e1nica 3\/2018, de 5 de diciembre, de Protecci\u00f3n de Datos Personales y garant\u00eda de los derechos digitales) legen einen neuen Rahmen f\u00fcr die Kontrolle und Verarbeitung personenbezogener Daten fest. [&hellip;]\" \/>\n<meta property=\"og:url\" content=\"https:\/\/www.dagartech.com\/de\/datenschutzerklarung\/\" \/>\n<meta property=\"og:site_name\" content=\"Dagartech DE\" \/>\n<meta property=\"article:publisher\" content=\"https:\/\/www.facebook.com\/dagartech\/\" \/>\n<meta property=\"article:modified_time\" content=\"2024-07-11T08:50:27+00:00\" \/>\n<meta property=\"og:image\" content=\"https:\/\/www.dagartech.com\/de\/wp-content\/uploads\/sites\/7\/2024\/02\/Logo-dagartech.png\" \/>\n\t<meta property=\"og:image:width\" content=\"5692\" \/>\n\t<meta property=\"og:image:height\" content=\"3200\" \/>\n\t<meta property=\"og:image:type\" content=\"image\/png\" \/>\n<meta name=\"twitter:card\" content=\"summary_large_image\" \/>\n<meta name=\"twitter:site\" content=\"@dagartech\" \/>\n<meta name=\"twitter:label1\" content=\"Gesch\u00e4tzte Lesezeit\" \/>\n\t<meta name=\"twitter:data1\" content=\"1 Minute\" \/>\n<script type=\"application\/ld+json\" class=\"yoast-schema-graph\">{\"@context\":\"https:\/\/schema.org\",\"@graph\":[{\"@type\":\"WebPage\",\"@id\":\"https:\/\/www.dagartech.com\/de\/datenschutzerklarung\/\",\"url\":\"https:\/\/www.dagartech.com\/de\/datenschutzerklarung\/\",\"name\":\"Datenschutzerkl\u00e4rung | Dagartech DE\",\"isPartOf\":{\"@id\":\"https:\/\/www.dagartech.com\/de\/#website\"},\"datePublished\":\"2024-07-11T08:50:25+00:00\",\"dateModified\":\"2024-07-11T08:50:27+00:00\",\"breadcrumb\":{\"@id\":\"https:\/\/www.dagartech.com\/de\/datenschutzerklarung\/#breadcrumb\"},\"inLanguage\":\"de-DE\",\"potentialAction\":[{\"@type\":\"ReadAction\",\"target\":[\"https:\/\/www.dagartech.com\/de\/datenschutzerklarung\/\"]}]},{\"@type\":\"BreadcrumbList\",\"@id\":\"https:\/\/www.dagartech.com\/de\/datenschutzerklarung\/#breadcrumb\",\"itemListElement\":[{\"@type\":\"ListItem\",\"position\":1,\"name\":\"Portada\",\"item\":\"https:\/\/www.dagartech.com\/de\/\"},{\"@type\":\"ListItem\",\"position\":2,\"name\":\"Datenschutzerkl\u00e4rung\"}]},{\"@type\":\"WebSite\",\"@id\":\"https:\/\/www.dagartech.com\/de\/#website\",\"url\":\"https:\/\/www.dagartech.com\/de\/\",\"name\":\"Dagartech\",\"description\":\"Somos fabricantes de Grupos Electr\u00f3genos. M\u00e1ximos est\u00e1ndares de Calidad. Elevada Fiabilidad y Seguridad. Nos adaptamos a las necesidades de cada proyecto.\",\"publisher\":{\"@id\":\"https:\/\/www.dagartech.com\/de\/#organization\"},\"potentialAction\":[{\"@type\":\"SearchAction\",\"target\":{\"@type\":\"EntryPoint\",\"urlTemplate\":\"https:\/\/www.dagartech.com\/de\/?s={search_term_string}\"},\"query-input\":\"required name=search_term_string\"}],\"inLanguage\":\"de-DE\"},{\"@type\":\"Organization\",\"@id\":\"https:\/\/www.dagartech.com\/de\/#organization\",\"name\":\"Dagartech\",\"url\":\"https:\/\/www.dagartech.com\/de\/\",\"logo\":{\"@type\":\"ImageObject\",\"inLanguage\":\"de-DE\",\"@id\":\"https:\/\/www.dagartech.com\/de\/#\/schema\/logo\/image\/\",\"url\":\"https:\/\/www.dagartech.com\/de\/wp-content\/uploads\/sites\/7\/2024\/02\/Logo-dagartech.png\",\"contentUrl\":\"https:\/\/www.dagartech.com\/de\/wp-content\/uploads\/sites\/7\/2024\/02\/Logo-dagartech.png\",\"width\":5692,\"height\":3200,\"caption\":\"Dagartech\"},\"image\":{\"@id\":\"https:\/\/www.dagartech.com\/de\/#\/schema\/logo\/image\/\"},\"sameAs\":[\"https:\/\/www.facebook.com\/dagartech\/\",\"https:\/\/x.com\/dagartech\",\"https:\/\/www.youtube.com\/channel\/UC088MotzpZAfzdS2yiXSUNg\",\"https:\/\/www.instagram.com\/dagartech_energy_solutions\/?igshid=MTNiYzNiMzkwZA\",\"https:\/\/www.linkedin.com\/company\/dagartech\/\"]}]}<\/script>\n<!-- \/ Yoast SEO plugin. -->","yoast_head_json":{"title":"Datenschutzerkl\u00e4rung | Dagartech DE","robots":{"index":"index","follow":"follow","max-snippet":"max-snippet:-1","max-image-preview":"max-image-preview:large","max-video-preview":"max-video-preview:-1"},"canonical":"https:\/\/www.dagartech.com\/de\/datenschutzerklarung\/","og_locale":"de_DE","og_type":"article","og_title":"Datenschutzerkl\u00e4rung | Dagartech DE","og_description":"Die Verordnung (EU) 2016\/679 zum Schutz personenbezogener Daten sowie das spanische Organgesetz 3\/2018 vom 5. Dezember zum Schutz personenbezogener Daten und zur Sicherstellung digitaler Rechte (Ley Org\u00e1nica 3\/2018, de 5 de diciembre, de Protecci\u00f3n de Datos Personales y garant\u00eda de los derechos digitales) legen einen neuen Rahmen f\u00fcr die Kontrolle und Verarbeitung personenbezogener Daten fest. [&hellip;]","og_url":"https:\/\/www.dagartech.com\/de\/datenschutzerklarung\/","og_site_name":"Dagartech DE","article_publisher":"https:\/\/www.facebook.com\/dagartech\/","article_modified_time":"2024-07-11T08:50:27+00:00","og_image":[{"width":5692,"height":3200,"url":"https:\/\/www.dagartech.com\/de\/wp-content\/uploads\/sites\/7\/2024\/02\/Logo-dagartech.png","type":"image\/png"}],"twitter_card":"summary_large_image","twitter_site":"@dagartech","twitter_misc":{"Gesch\u00e4tzte Lesezeit":"1 Minute"},"schema":{"@context":"https:\/\/schema.org","@graph":[{"@type":"WebPage","@id":"https:\/\/www.dagartech.com\/de\/datenschutzerklarung\/","url":"https:\/\/www.dagartech.com\/de\/datenschutzerklarung\/","name":"Datenschutzerkl\u00e4rung | Dagartech DE","isPartOf":{"@id":"https:\/\/www.dagartech.com\/de\/#website"},"datePublished":"2024-07-11T08:50:25+00:00","dateModified":"2024-07-11T08:50:27+00:00","breadcrumb":{"@id":"https:\/\/www.dagartech.com\/de\/datenschutzerklarung\/#breadcrumb"},"inLanguage":"de-DE","potentialAction":[{"@type":"ReadAction","target":["https:\/\/www.dagartech.com\/de\/datenschutzerklarung\/"]}]},{"@type":"BreadcrumbList","@id":"https:\/\/www.dagartech.com\/de\/datenschutzerklarung\/#breadcrumb","itemListElement":[{"@type":"ListItem","position":1,"name":"Portada","item":"https:\/\/www.dagartech.com\/de\/"},{"@type":"ListItem","position":2,"name":"Datenschutzerkl\u00e4rung"}]},{"@type":"WebSite","@id":"https:\/\/www.dagartech.com\/de\/#website","url":"https:\/\/www.dagartech.com\/de\/","name":"Dagartech","description":"Somos fabricantes de Grupos Electr\u00f3genos. M\u00e1ximos est\u00e1ndares de Calidad. Elevada Fiabilidad y Seguridad. Nos adaptamos a las necesidades de cada proyecto.","publisher":{"@id":"https:\/\/www.dagartech.com\/de\/#organization"},"potentialAction":[{"@type":"SearchAction","target":{"@type":"EntryPoint","urlTemplate":"https:\/\/www.dagartech.com\/de\/?s={search_term_string}"},"query-input":"required name=search_term_string"}],"inLanguage":"de-DE"},{"@type":"Organization","@id":"https:\/\/www.dagartech.com\/de\/#organization","name":"Dagartech","url":"https:\/\/www.dagartech.com\/de\/","logo":{"@type":"ImageObject","inLanguage":"de-DE","@id":"https:\/\/www.dagartech.com\/de\/#\/schema\/logo\/image\/","url":"https:\/\/www.dagartech.com\/de\/wp-content\/uploads\/sites\/7\/2024\/02\/Logo-dagartech.png","contentUrl":"https:\/\/www.dagartech.com\/de\/wp-content\/uploads\/sites\/7\/2024\/02\/Logo-dagartech.png","width":5692,"height":3200,"caption":"Dagartech"},"image":{"@id":"https:\/\/www.dagartech.com\/de\/#\/schema\/logo\/image\/"},"sameAs":["https:\/\/www.facebook.com\/dagartech\/","https:\/\/x.com\/dagartech","https:\/\/www.youtube.com\/channel\/UC088MotzpZAfzdS2yiXSUNg","https:\/\/www.instagram.com\/dagartech_energy_solutions\/?igshid=MTNiYzNiMzkwZA","https:\/\/www.linkedin.com\/company\/dagartech\/"]}]}},"_links":{"self":[{"href":"https:\/\/www.dagartech.com\/de\/wp-json\/wp\/v2\/pages\/848"}],"collection":[{"href":"https:\/\/www.dagartech.com\/de\/wp-json\/wp\/v2\/pages"}],"about":[{"href":"https:\/\/www.dagartech.com\/de\/wp-json\/wp\/v2\/types\/page"}],"author":[{"embeddable":true,"href":"https:\/\/www.dagartech.com\/de\/wp-json\/wp\/v2\/users\/1"}],"replies":[{"embeddable":true,"href":"https:\/\/www.dagartech.com\/de\/wp-json\/wp\/v2\/comments?post=848"}],"version-history":[{"count":2,"href":"https:\/\/www.dagartech.com\/de\/wp-json\/wp\/v2\/pages\/848\/revisions"}],"predecessor-version":[{"id":6610,"href":"https:\/\/www.dagartech.com\/de\/wp-json\/wp\/v2\/pages\/848\/revisions\/6610"}],"wp:attachment":[{"href":"https:\/\/www.dagartech.com\/de\/wp-json\/wp\/v2\/media?parent=848"}],"curies":[{"name":"wp","href":"https:\/\/api.w.org\/{rel}","templated":true}]}}