{"id":7371,"date":"2024-08-08T07:20:00","date_gmt":"2024-08-08T05:20:00","guid":{"rendered":"https:\/\/www.dagartech.com\/de\/?page_id=7371"},"modified":"2024-08-08T07:20:00","modified_gmt":"2024-08-08T05:20:00","slug":"allgemeine-garantiebedingungen","status":"publish","type":"page","link":"https:\/\/www.dagartech.com\/de\/allgemeine-garantiebedingungen\/","title":{"rendered":"Allgemeine Garantiebedingungen"},"content":{"rendered":"<ul>\n<li>Die Garantie f\u00fcr den Stromerzeuger betr\u00e4gt ab dem Zeitpunkt der Inbetriebnahme zw\u00f6lf (12) Kalendermonate unbegrenzt der Betriebsstunden. In den F\u00e4llen, in denen die Betriebsstunden im ersten Jahr f\u00fcnfhundert (500) Stunden nicht \u00fcberschreiten, betr\u00e4gt die Garantie f\u00fcr den Stromerzeuger zw\u00f6lf (12) zus\u00e4tzliche Kalendermonate oder bis zu eintausend (1000) Betriebsstunden, je nachdem was zuerst eintritt. Die Inbetriebnahme muss DAGAR TECHNOLOGIES, S.L., (im Folgenden der Hersteller) schriftlich oder per E-Mail mitgeteilt werden. Besagte Mitteilung muss folgende Konzepte einschlie\u00dfen: Modell, Seriennummer und<\/li>\n<li>Der Kunde muss den Hersteller \u00fcber die Inbetriebnahme des Ger\u00e4tes in einem Zeitraum von maximal 60 Tagen ab Rechnungsdatum informieren. Wenn keine Mitteilung eingeht, gilt das Rechnungsdatum des Ger\u00e4ts als wirksamer Beginn der Garantiezeit. Falls die Inbetriebnahme nicht innerhalb von 60 Tagen nach Rechnungsdatum erfolgen konnte, muss der Hersteller dar\u00fcber schriftlich informiert werden, Der Beginn besagter Garantie bleibt bis zu Abnahme durch die Zulieferer von Motor und Lichtmaschine ausstehend. In keinem Fall darf der Garantiebeginn sp\u00e4ter als 120 Tage nach Rechnungsdatum liegen, und diese Verl\u00e4ngerung ist immer von der Genehmigung des Herstellers abh\u00e4ngig, der die Annahme den Kunden schriftlich mitteilt.<\/li>\n<li>Die Garantie bezieht sich NUR auf Komponenten- und Montagefehler und NIEMALS auf M\u00e4ngel, die auf unsachgem\u00e4\u00dfe Verwendung, Handhabung, Modifikation oder unzureichende Wartung zur\u00fcckzuf\u00fchren sind.<\/li>\n<li>Die Garantie gilt NICHT f\u00fcr Sch\u00e4den oder St\u00f6rungen, die durch die Verbindung des Stromerzeugers mit anderen Vorrichtungen verursacht wurden, die nicht vom Hersteller installiert oder geliefert wurden. Ebenso von der Garantie ausgeschlossen sind St\u00f6rungen und Sch\u00e4den, die durch eine verl\u00e4ngerte oder nicht ordnungsgem\u00e4\u00dfe Lagerung verursacht werden. Diesbez\u00fcglich sollten die Bedienerhandb\u00fccher des Herstellers \u00fcberpr\u00fcft werden.<\/li>\n<li>Die Garantie f\u00fcr den Stromerzeuger deckt NUR Material und Arbeitsaufwand ab, die f\u00fcr die Reparatur des Aggregats durch vom Hersteller autorisiertes Personal erforderlich sind. Fahrten, Kilometerstand und sonstigen Kosten, die sich aus einer Garantiereparatur ergeben, sind von der Garantieleistung ausgeschlossen. In keinem Fall ist der Hersteller daf\u00fcr zust\u00e4ndig, sondern der Kunde muss diese bezahlen.<\/li>\n<li>Die Entscheidung \u00fcber die Annahme oder Ablehnung einer Garantie steht dem Hersteller zu. Bei St\u00f6rungen am Motor und an der Lichtmaschine wird die Garantie vom Lieferanten des besagten Bauteils gem\u00e4\u00df den Garantiebedingungen desselben gew\u00e4hrt. Der Hersteller beh\u00e4lt sich die M\u00f6glichkeit vor, die Wiederherstellung des besch\u00e4digten Elements zu verlangen. In diesem Fall werden alle aus dieser Wiederherstellung entstandenen Kosten bis zur Aufl\u00f6sung der Garantie vom Kunden getragen. Im Falle der Annahme der Garantie werden die durch die R\u00fccksendung verursachten Transportkosten bis zu einem H\u00f6chstbetrag der Kosten f\u00fcr den Versand des Materials im Voraus an den Kunden gezahlt.<\/li>\n<li>Reparaturen, die w\u00e4hrend des Garantiezeitraums durchgef\u00fchrt werden, haben keine Ver\u00e4nderung des Ablaufs der Gew\u00e4hrleistungsfrist f\u00fcr das Aggregat zur Folge.<\/li>\n<li>Die Garantie deckt keine Sch\u00e4den ab, die durch Terroranschl\u00e4ge, Naturkatastrophen, Sabotage oder \u00e4hnliche Ereignisse verursacht wurden.<\/li>\n<li>Wenn eine der dargelegten Mitteilungen nicht den Rechtsvorschriften eines bestimmten Landes entspricht, ist der Importeur verpflichtet, den Hersteller zu benachrichtigen.<\/li>\n<li>Diese Garantie ersetzt ausdr\u00fccklich jede andere Garantie, sei es ausdr\u00fccklich oder stillschweigend, einschlie\u00dflich jede Handelsgarantie oder f\u00fcr eine bestimmte Verwendung geeignete Garantie.<\/li>\n<\/ul>\n","protected":false},"excerpt":{"rendered":"<p>Die Garantie f\u00fcr den Stromerzeuger betr\u00e4gt ab dem Zeitpunkt der Inbetriebnahme zw\u00f6lf (12) Kalendermonate unbegrenzt der Betriebsstunden. In den F\u00e4llen, in denen die Betriebsstunden im ersten Jahr f\u00fcnfhundert (500) Stunden nicht \u00fcberschreiten, betr\u00e4gt die Garantie f\u00fcr den Stromerzeuger zw\u00f6lf (12) zus\u00e4tzliche Kalendermonate oder bis zu eintausend (1000) Betriebsstunden, je nachdem was zuerst eintritt. Die Inbetriebnahme [&hellip;]<\/p>\n","protected":false},"author":8,"featured_media":0,"parent":0,"menu_order":0,"comment_status":"open","ping_status":"open","template":"page_legal.php","meta":{"_acf_changed":false,"footnotes":""},"class_list":["post-7371","page","type-page","status-publish","hentry"],"acf":[],"yoast_head":"<!-- This site is optimized with the Yoast SEO plugin v23.1 - https:\/\/yoast.com\/wordpress\/plugins\/seo\/ -->\n<title>Allgemeine Garantiebedingungen | Dagartech DE<\/title>\n<meta name=\"robots\" content=\"index, follow, max-snippet:-1, max-image-preview:large, max-video-preview:-1\" \/>\n<link rel=\"canonical\" href=\"https:\/\/www.dagartech.com\/de\/allgemeine-garantiebedingungen\/\" \/>\n<meta property=\"og:locale\" content=\"de_DE\" \/>\n<meta property=\"og:type\" content=\"article\" \/>\n<meta property=\"og:title\" content=\"Allgemeine Garantiebedingungen | Dagartech DE\" \/>\n<meta property=\"og:description\" content=\"Die Garantie f\u00fcr den Stromerzeuger betr\u00e4gt ab dem Zeitpunkt der Inbetriebnahme zw\u00f6lf (12) Kalendermonate unbegrenzt der Betriebsstunden. In den F\u00e4llen, in denen die Betriebsstunden im ersten Jahr f\u00fcnfhundert (500) Stunden nicht \u00fcberschreiten, betr\u00e4gt die Garantie f\u00fcr den Stromerzeuger zw\u00f6lf (12) zus\u00e4tzliche Kalendermonate oder bis zu eintausend (1000) Betriebsstunden, je nachdem was zuerst eintritt. Die Inbetriebnahme [&hellip;]\" \/>\n<meta property=\"og:url\" content=\"https:\/\/www.dagartech.com\/de\/allgemeine-garantiebedingungen\/\" \/>\n<meta property=\"og:site_name\" content=\"Dagartech DE\" \/>\n<meta property=\"article:publisher\" content=\"https:\/\/www.facebook.com\/dagartech\/\" \/>\n<meta property=\"og:image\" content=\"https:\/\/www.dagartech.com\/de\/wp-content\/uploads\/sites\/7\/2024\/02\/Logo-dagartech.png\" \/>\n\t<meta property=\"og:image:width\" content=\"5692\" \/>\n\t<meta property=\"og:image:height\" content=\"3200\" \/>\n\t<meta property=\"og:image:type\" content=\"image\/png\" \/>\n<meta name=\"twitter:card\" content=\"summary_large_image\" \/>\n<meta name=\"twitter:site\" content=\"@dagartech\" \/>\n<meta name=\"twitter:label1\" content=\"Gesch\u00e4tzte Lesezeit\" \/>\n\t<meta name=\"twitter:data1\" content=\"3 Minuten\" \/>\n<script type=\"application\/ld+json\" class=\"yoast-schema-graph\">{\"@context\":\"https:\/\/schema.org\",\"@graph\":[{\"@type\":\"WebPage\",\"@id\":\"https:\/\/www.dagartech.com\/de\/allgemeine-garantiebedingungen\/\",\"url\":\"https:\/\/www.dagartech.com\/de\/allgemeine-garantiebedingungen\/\",\"name\":\"Allgemeine Garantiebedingungen | Dagartech DE\",\"isPartOf\":{\"@id\":\"https:\/\/www.dagartech.com\/de\/#website\"},\"datePublished\":\"2024-08-08T05:20:00+00:00\",\"dateModified\":\"2024-08-08T05:20:00+00:00\",\"breadcrumb\":{\"@id\":\"https:\/\/www.dagartech.com\/de\/allgemeine-garantiebedingungen\/#breadcrumb\"},\"inLanguage\":\"de-DE\",\"potentialAction\":[{\"@type\":\"ReadAction\",\"target\":[\"https:\/\/www.dagartech.com\/de\/allgemeine-garantiebedingungen\/\"]}]},{\"@type\":\"BreadcrumbList\",\"@id\":\"https:\/\/www.dagartech.com\/de\/allgemeine-garantiebedingungen\/#breadcrumb\",\"itemListElement\":[{\"@type\":\"ListItem\",\"position\":1,\"name\":\"Portada\",\"item\":\"https:\/\/www.dagartech.com\/de\/\"},{\"@type\":\"ListItem\",\"position\":2,\"name\":\"Allgemeine Garantiebedingungen\"}]},{\"@type\":\"WebSite\",\"@id\":\"https:\/\/www.dagartech.com\/de\/#website\",\"url\":\"https:\/\/www.dagartech.com\/de\/\",\"name\":\"Dagartech\",\"description\":\"Somos fabricantes de Grupos Electr\u00f3genos. M\u00e1ximos est\u00e1ndares de Calidad. Elevada Fiabilidad y Seguridad. Nos adaptamos a las necesidades de cada proyecto.\",\"publisher\":{\"@id\":\"https:\/\/www.dagartech.com\/de\/#organization\"},\"potentialAction\":[{\"@type\":\"SearchAction\",\"target\":{\"@type\":\"EntryPoint\",\"urlTemplate\":\"https:\/\/www.dagartech.com\/de\/?s={search_term_string}\"},\"query-input\":\"required name=search_term_string\"}],\"inLanguage\":\"de-DE\"},{\"@type\":\"Organization\",\"@id\":\"https:\/\/www.dagartech.com\/de\/#organization\",\"name\":\"Dagartech\",\"url\":\"https:\/\/www.dagartech.com\/de\/\",\"logo\":{\"@type\":\"ImageObject\",\"inLanguage\":\"de-DE\",\"@id\":\"https:\/\/www.dagartech.com\/de\/#\/schema\/logo\/image\/\",\"url\":\"https:\/\/www.dagartech.com\/de\/wp-content\/uploads\/sites\/7\/2024\/02\/Logo-dagartech.png\",\"contentUrl\":\"https:\/\/www.dagartech.com\/de\/wp-content\/uploads\/sites\/7\/2024\/02\/Logo-dagartech.png\",\"width\":5692,\"height\":3200,\"caption\":\"Dagartech\"},\"image\":{\"@id\":\"https:\/\/www.dagartech.com\/de\/#\/schema\/logo\/image\/\"},\"sameAs\":[\"https:\/\/www.facebook.com\/dagartech\/\",\"https:\/\/x.com\/dagartech\",\"https:\/\/www.youtube.com\/channel\/UC088MotzpZAfzdS2yiXSUNg\",\"https:\/\/www.instagram.com\/dagartech_energy_solutions\/?igshid=MTNiYzNiMzkwZA\",\"https:\/\/www.linkedin.com\/company\/dagartech\/\"]}]}<\/script>\n<!-- \/ Yoast SEO plugin. -->","yoast_head_json":{"title":"Allgemeine Garantiebedingungen | Dagartech DE","robots":{"index":"index","follow":"follow","max-snippet":"max-snippet:-1","max-image-preview":"max-image-preview:large","max-video-preview":"max-video-preview:-1"},"canonical":"https:\/\/www.dagartech.com\/de\/allgemeine-garantiebedingungen\/","og_locale":"de_DE","og_type":"article","og_title":"Allgemeine Garantiebedingungen | Dagartech DE","og_description":"Die Garantie f\u00fcr den Stromerzeuger betr\u00e4gt ab dem Zeitpunkt der Inbetriebnahme zw\u00f6lf (12) Kalendermonate unbegrenzt der Betriebsstunden. In den F\u00e4llen, in denen die Betriebsstunden im ersten Jahr f\u00fcnfhundert (500) Stunden nicht \u00fcberschreiten, betr\u00e4gt die Garantie f\u00fcr den Stromerzeuger zw\u00f6lf (12) zus\u00e4tzliche Kalendermonate oder bis zu eintausend (1000) Betriebsstunden, je nachdem was zuerst eintritt. Die Inbetriebnahme [&hellip;]","og_url":"https:\/\/www.dagartech.com\/de\/allgemeine-garantiebedingungen\/","og_site_name":"Dagartech DE","article_publisher":"https:\/\/www.facebook.com\/dagartech\/","og_image":[{"width":5692,"height":3200,"url":"https:\/\/www.dagartech.com\/de\/wp-content\/uploads\/sites\/7\/2024\/02\/Logo-dagartech.png","type":"image\/png"}],"twitter_card":"summary_large_image","twitter_site":"@dagartech","twitter_misc":{"Gesch\u00e4tzte Lesezeit":"3 Minuten"},"schema":{"@context":"https:\/\/schema.org","@graph":[{"@type":"WebPage","@id":"https:\/\/www.dagartech.com\/de\/allgemeine-garantiebedingungen\/","url":"https:\/\/www.dagartech.com\/de\/allgemeine-garantiebedingungen\/","name":"Allgemeine Garantiebedingungen | Dagartech DE","isPartOf":{"@id":"https:\/\/www.dagartech.com\/de\/#website"},"datePublished":"2024-08-08T05:20:00+00:00","dateModified":"2024-08-08T05:20:00+00:00","breadcrumb":{"@id":"https:\/\/www.dagartech.com\/de\/allgemeine-garantiebedingungen\/#breadcrumb"},"inLanguage":"de-DE","potentialAction":[{"@type":"ReadAction","target":["https:\/\/www.dagartech.com\/de\/allgemeine-garantiebedingungen\/"]}]},{"@type":"BreadcrumbList","@id":"https:\/\/www.dagartech.com\/de\/allgemeine-garantiebedingungen\/#breadcrumb","itemListElement":[{"@type":"ListItem","position":1,"name":"Portada","item":"https:\/\/www.dagartech.com\/de\/"},{"@type":"ListItem","position":2,"name":"Allgemeine Garantiebedingungen"}]},{"@type":"WebSite","@id":"https:\/\/www.dagartech.com\/de\/#website","url":"https:\/\/www.dagartech.com\/de\/","name":"Dagartech","description":"Somos fabricantes de Grupos Electr\u00f3genos. M\u00e1ximos est\u00e1ndares de Calidad. Elevada Fiabilidad y Seguridad. Nos adaptamos a las necesidades de cada proyecto.","publisher":{"@id":"https:\/\/www.dagartech.com\/de\/#organization"},"potentialAction":[{"@type":"SearchAction","target":{"@type":"EntryPoint","urlTemplate":"https:\/\/www.dagartech.com\/de\/?s={search_term_string}"},"query-input":"required name=search_term_string"}],"inLanguage":"de-DE"},{"@type":"Organization","@id":"https:\/\/www.dagartech.com\/de\/#organization","name":"Dagartech","url":"https:\/\/www.dagartech.com\/de\/","logo":{"@type":"ImageObject","inLanguage":"de-DE","@id":"https:\/\/www.dagartech.com\/de\/#\/schema\/logo\/image\/","url":"https:\/\/www.dagartech.com\/de\/wp-content\/uploads\/sites\/7\/2024\/02\/Logo-dagartech.png","contentUrl":"https:\/\/www.dagartech.com\/de\/wp-content\/uploads\/sites\/7\/2024\/02\/Logo-dagartech.png","width":5692,"height":3200,"caption":"Dagartech"},"image":{"@id":"https:\/\/www.dagartech.com\/de\/#\/schema\/logo\/image\/"},"sameAs":["https:\/\/www.facebook.com\/dagartech\/","https:\/\/x.com\/dagartech","https:\/\/www.youtube.com\/channel\/UC088MotzpZAfzdS2yiXSUNg","https:\/\/www.instagram.com\/dagartech_energy_solutions\/?igshid=MTNiYzNiMzkwZA","https:\/\/www.linkedin.com\/company\/dagartech\/"]}]}},"_links":{"self":[{"href":"https:\/\/www.dagartech.com\/de\/wp-json\/wp\/v2\/pages\/7371"}],"collection":[{"href":"https:\/\/www.dagartech.com\/de\/wp-json\/wp\/v2\/pages"}],"about":[{"href":"https:\/\/www.dagartech.com\/de\/wp-json\/wp\/v2\/types\/page"}],"author":[{"embeddable":true,"href":"https:\/\/www.dagartech.com\/de\/wp-json\/wp\/v2\/users\/8"}],"replies":[{"embeddable":true,"href":"https:\/\/www.dagartech.com\/de\/wp-json\/wp\/v2\/comments?post=7371"}],"version-history":[{"count":1,"href":"https:\/\/www.dagartech.com\/de\/wp-json\/wp\/v2\/pages\/7371\/revisions"}],"predecessor-version":[{"id":7372,"href":"https:\/\/www.dagartech.com\/de\/wp-json\/wp\/v2\/pages\/7371\/revisions\/7372"}],"wp:attachment":[{"href":"https:\/\/www.dagartech.com\/de\/wp-json\/wp\/v2\/media?parent=7371"}],"curies":[{"name":"wp","href":"https:\/\/api.w.org\/{rel}","templated":true}]}}