{"id":1064,"date":"2024-07-11T10:50:25","date_gmt":"2024-07-11T08:50:25","guid":{"rendered":"https:\/\/www.dagartech.com\/?page_id=1064"},"modified":"2024-07-12T14:02:20","modified_gmt":"2024-07-12T12:02:20","slug":"registrierung","status":"publish","type":"page","link":"https:\/\/www.dagartech.com\/de\/registrierung\/","title":{"rendered":"Registrierung"},"content":{"rendered":"<div class=\"woocommerce-notices-wrapper\"><\/div><form method=\"post\" class=\"woocommerce-form woocommerce-form-register register forms\">\n\t\t<div class=\"intro-page-register\">\n\t\t\t<p class=\"intro-page-register__title\">F\u00fcllen Sie bitte die Angaben aus, um ein Konto zu erstellen<\/p>\n\t\t<\/div>\n\t\t\t\t<p class=\"woocommerce-form-row woocommerce-form-row--wide form-row form-row-wide\">\n\t\t<input type=\"text\" class=\"woocommerce-Input woocommerce-Input--text input-text\" name=\"billing_first_name\" placeholder=\"Name\" id=\"billing_first_name\" autocomplete=\"billing_first_name\" value=\"\"\/>\n\t<\/p>\n\n\t<p class=\"woocommerce-form-row woocommerce-form-row--wide form-row form-row-wide\">\n\t\t<input type=\"text\" class=\"woocommerce-Input woocommerce-Input--text input-text\" name=\"billing_last_name\" placeholder=\"Nachname\" id=\"billing_last_name\" autocomplete=\"billing_last_name\" value=\"\"\/>\n\t<\/p>\n\n\t<p class=\"woocommerce-form-row woocommerce-form-row--wide forms-group forms-group--select form-row form-row-wide\">\n\t\t<select type=\"text\" class=\"woocommerce-Input woocommerce-Input--select input-select\" name=\"type\" placeholder=\"Client type\" id=\"type\" autocomplete=\"type\" value=\"\">\n\t\t\t<option value=\"Industrie\">Industrie<\/option>\n\t\t\t<option value=\"Wohnbereich\">Wohnbereich<\/option>\n\t\t\t<option value=\"Krankenhausumfeld\">Krankenhausumfeld<\/option>\n\t\t\t<option value=\"Ausstattung\">Ausstattung<\/option>\n\t\t\t<option value=\"Anmietung von Maschinen\">Anmietung von Maschinen<\/option>\n\t\t\t<option value=\"Landwirtschaft und Viehzucht\">Landwirtschaft und Viehzucht<\/option>\n\t\t\t<option value=\"Hotelgewerbe\">Hotelgewerbe<\/option>\n\t\t\t<option value=\"Konstruktion\">Konstruktion<\/option>\n\t\t\t<option value=\"Infrastruktur\">Infrastruktur<\/option>\n\t\t\t<option value=\"CPDs\">CPDs<\/option>\n\t\t<\/select>\n\t<\/p>\n\n\t\n\t\t<p class=\"woocommerce-form-row woocommerce-form-row--wide form-row form-row-wide\">\n\t\t\t<input type=\"text\" class=\"woocommerce-Input woocommerce-Input--text input-text\" placeholder=\"Benutzername*\" name=\"username\" id=\"reg_username\" autocomplete=\"username\" value=\"\"\/>\t\t<\/p>\n\n\t\n\t<p class=\"woocommerce-form-row woocommerce-form-row--wide form-row form-row-wide\">\n\t\t<input type=\"email\" class=\"woocommerce-Input woocommerce-Input--text input-text\" name=\"email\" placeholder=\"E-Mail-Adresse*\" id=\"reg_email\" autocomplete=\"email\" value=\"\"\/>\t<\/p>\n\n\t\n\t\t<p class=\"woocommerce-form-row woocommerce-form-row--wide form-row form-row-wide\">\n\t\t\t<input type=\"password\" class=\"woocommerce-Input woocommerce-Input--text input-text\" placeholder=\"Passwort\" name=\"password\" id=\"reg_password\" autocomplete=\"new-password\"\/>\n\t\t<\/p>\n\n\t\n\t<p class=\"woocommerce-form-row woocommerce-form-row--wide form-row form-row-wide\">\n\t\t<input type=\"text\" class=\"woocommerce-Input woocommerce-Input--text input-text\" name=\"billing_phone\" placeholder=\"Telefon\" id=\"billing_phone\" autocomplete=\"billing_phone\" value=\"\"\/>\n\t<\/p>\n\n\t<p class=\"woocommerce-form-row woocommerce-form-row--wide form-row form-row-wide\">\n\t\t<input type=\"text\" class=\"woocommerce-Input woocommerce-Input--text input-text\" name=\"url\" placeholder=\"Web\" id=\"url\" autocomplete=\"url\" value=\"\"\/>\n\t<\/p>\n\n\t<p class=\"woocommerce-form-row woocommerce-form-row--wide form-row form-row-wide\">\n\t\t<input type=\"text\" class=\"woocommerce-Input woocommerce-Input--text input-text\" name=\"billing_company\" placeholder=\"Firma\" id=\"billing_company\" autocomplete=\"billing_company\" value=\"\"\/>\n\t<\/p>\n\n\t<p class=\"woocommerce-form-row woocommerce-form-row--wide form-row form-row-wide\">\n\t\t<input type=\"text\" class=\"woocommerce-Input woocommerce-Input--text input-text\" name=\"nif\" placeholder=\"Nif\/Cif\" id=\"nif\" autocomplete=\"nif\" value=\"\"\/>\n\t<\/p>\n\n\t<p class=\"woocommerce-form-row woocommerce-form-row--wide form-row form-row-wide\">\n\t\t<input type=\"text\" class=\"woocommerce-Input woocommerce-Input--text input-text\" name=\"billing_address_1\" placeholder=\"Adresse\" id=\"billing_address_1\" autocomplete=\"billing_address_1\" value=\"\"\/>\n\t<\/p>\n\n\t<p class=\"woocommerce-form-row woocommerce-form-row--wide form-row form-row-wide\">\n\t\t<input type=\"text\" class=\"woocommerce-Input woocommerce-Input--text input-text\" name=\"billing_city\" placeholder=\"Stadt\" id=\"billing_city\" autocomplete=\"billing_city\" value=\"\"\/>\n\t<\/p>\n\n\t<p class=\"woocommerce-form-row woocommerce-form-row--wide form-row form-row-wide\">\n\t\t<input type=\"text\" class=\"woocommerce-Input woocommerce-Input--text input-text\" name=\"billing_postcode\" placeholder=\"Postleitzahl\" id=\"billing_postcode\" autocomplete=\"billing_postcode\" value=\"\"\/>\n\t<\/p>\n\t\t<p class=\"woocommerce-form-row woocommerce-form-row--wide forms-group forms-group--select form-row form-row-wide\">\n\t\t<select type=\"text\" class=\"woocommerce-Input woocommerce-Input--select input-select\" name=\"billing_country\" placeholder=\"Country\" id=\"billing_country\" autocomplete=\"billing_country\" value=\"\">\n\t\t\t\t\t<option value=\"AF\">Afghanistan<\/option>\t\t\t\t\t<option value=\"EG\">\u00c4gypten<\/option>\t\t\t\t\t<option value=\"AX\">\u00c5land<\/option>\t\t\t\t\t<option value=\"AL\">Albanien<\/option>\t\t\t\t\t<option value=\"DZ\">Algerien<\/option>\t\t\t\t\t<option value=\"AS\">Amerikanisch-Samoa<\/option>\t\t\t\t\t<option value=\"VI\">Amerikanische Jungferninseln<\/option>\t\t\t\t\t<option value=\"AD\">Andorra<\/option>\t\t\t\t\t<option value=\"AO\">Angola<\/option>\t\t\t\t\t<option value=\"AI\">Anguilla<\/option>\t\t\t\t\t<option value=\"AQ\">Antarktika<\/option>\t\t\t\t\t<option value=\"AG\">Antigua und Barbuda<\/option>\t\t\t\t\t<option value=\"GQ\">\u00c4quatorialguinea<\/option>\t\t\t\t\t<option value=\"AR\">Argentinien<\/option>\t\t\t\t\t<option value=\"AM\">Armenien<\/option>\t\t\t\t\t<option value=\"AW\">Aruba<\/option>\t\t\t\t\t<option value=\"AZ\">Aserbaidschan<\/option>\t\t\t\t\t<option value=\"ET\">\u00c4thiopien<\/option>\t\t\t\t\t<option value=\"AU\">Australien<\/option>\t\t\t\t\t<option value=\"BS\">Bahamas<\/option>\t\t\t\t\t<option value=\"BH\">Bahrain<\/option>\t\t\t\t\t<option value=\"BD\">Bangladesch<\/option>\t\t\t\t\t<option value=\"BB\">Barbados<\/option>\t\t\t\t\t<option value=\"PW\">Belau<\/option>\t\t\t\t\t<option value=\"BE\">Belgien<\/option>\t\t\t\t\t<option value=\"BZ\">Belize<\/option>\t\t\t\t\t<option value=\"BJ\">Benin<\/option>\t\t\t\t\t<option value=\"BM\">Bermuda<\/option>\t\t\t\t\t<option value=\"BT\">Bhutan<\/option>\t\t\t\t\t<option value=\"BO\">Bolivien<\/option>\t\t\t\t\t<option value=\"BQ\">Bonaire, Saint Eustatius and Saba<\/option>\t\t\t\t\t<option value=\"BA\">Bosnien und Herzegowina<\/option>\t\t\t\t\t<option value=\"BW\">Botswana<\/option>\t\t\t\t\t<option value=\"BV\">Bouvetinsel<\/option>\t\t\t\t\t<option value=\"BR\">Brasilien<\/option>\t\t\t\t\t<option value=\"VG\">Britische Jungferninseln<\/option>\t\t\t\t\t<option value=\"IO\">Britisches Territorium im Indischen Ozean<\/option>\t\t\t\t\t<option value=\"BN\">Brunei<\/option>\t\t\t\t\t<option value=\"BG\">Bulgarien<\/option>\t\t\t\t\t<option value=\"BF\">Burkina Faso<\/option>\t\t\t\t\t<option value=\"BI\">Burundi<\/option>\t\t\t\t\t<option value=\"CL\">Chile<\/option>\t\t\t\t\t<option value=\"CN\">China<\/option>\t\t\t\t\t<option value=\"CK\">Cookinseln<\/option>\t\t\t\t\t<option value=\"CR\">Costa Rica<\/option>\t\t\t\t\t<option value=\"CW\">Cura\u00c7ao<\/option>\t\t\t\t\t<option value=\"DK\">D\u00e4nemark<\/option>\t\t\t\t\t<option value=\"DE\">Deutschland<\/option>\t\t\t\t\t<option value=\"DM\">Dominica<\/option>\t\t\t\t\t<option value=\"DO\">Dominikanische Republik<\/option>\t\t\t\t\t<option value=\"DJ\">Dschibuti<\/option>\t\t\t\t\t<option value=\"EC\">Ecuador<\/option>\t\t\t\t\t<option value=\"SV\">El Salvador<\/option>\t\t\t\t\t<option value=\"CI\">Elfenbeink\u00fcste<\/option>\t\t\t\t\t<option value=\"ER\">Eritrea<\/option>\t\t\t\t\t<option value=\"EE\">Estland<\/option>\t\t\t\t\t<option value=\"SZ\">Eswatini<\/option>\t\t\t\t\t<option value=\"FK\">Falklandinseln<\/option>\t\t\t\t\t<option value=\"FO\">F\u00e4r\u00f6er<\/option>\t\t\t\t\t<option value=\"FJ\">Fidschi<\/option>\t\t\t\t\t<option value=\"FI\">Finnland<\/option>\t\t\t\t\t<option value=\"FR\">Frankreich<\/option>\t\t\t\t\t<option value=\"GF\">Franz\u00f6sisch-Guayana<\/option>\t\t\t\t\t<option value=\"PF\">Franz\u00f6sisch-Polynesien<\/option>\t\t\t\t\t<option value=\"TF\">Franz\u00f6sische S\u00fcd- und Antarktisgebiete<\/option>\t\t\t\t\t<option value=\"GA\">Gabun<\/option>\t\t\t\t\t<option value=\"GM\">Gambia<\/option>\t\t\t\t\t<option value=\"GE\">Georgien<\/option>\t\t\t\t\t<option value=\"GH\">Ghana<\/option>\t\t\t\t\t<option value=\"GI\">Gibraltar<\/option>\t\t\t\t\t<option value=\"GD\">Grenada<\/option>\t\t\t\t\t<option value=\"GR\">Griechenland<\/option>\t\t\t\t\t<option value=\"GL\">Gr\u00f6nland<\/option>\t\t\t\t\t<option value=\"GP\">Guadeloupe<\/option>\t\t\t\t\t<option value=\"GU\">Guam<\/option>\t\t\t\t\t<option value=\"GT\">Guatemala<\/option>\t\t\t\t\t<option value=\"GG\">Guernsey<\/option>\t\t\t\t\t<option value=\"GN\">Guinea<\/option>\t\t\t\t\t<option value=\"GW\">Guinea-Bissau<\/option>\t\t\t\t\t<option value=\"GY\">Guyana<\/option>\t\t\t\t\t<option value=\"HT\">Haiti<\/option>\t\t\t\t\t<option value=\"HM\">Heard und McDonaldinseln<\/option>\t\t\t\t\t<option value=\"HN\">Honduras<\/option>\t\t\t\t\t<option value=\"HK\">Hongkong<\/option>\t\t\t\t\t<option value=\"IN\">Indien<\/option>\t\t\t\t\t<option value=\"ID\">Indonesien<\/option>\t\t\t\t\t<option value=\"IQ\">Irak<\/option>\t\t\t\t\t<option value=\"IR\">Iran<\/option>\t\t\t\t\t<option value=\"IE\">Irland<\/option>\t\t\t\t\t<option value=\"IS\">Island<\/option>\t\t\t\t\t<option value=\"IM\">Isle of Man<\/option>\t\t\t\t\t<option value=\"IL\">Israel<\/option>\t\t\t\t\t<option value=\"IT\">Italien<\/option>\t\t\t\t\t<option value=\"JM\">Jamaika<\/option>\t\t\t\t\t<option value=\"JP\">Japan<\/option>\t\t\t\t\t<option value=\"YE\">Jemen<\/option>\t\t\t\t\t<option value=\"JE\">Jersey<\/option>\t\t\t\t\t<option value=\"JO\">Jordanien<\/option>\t\t\t\t\t<option value=\"KY\">Kaimaninseln<\/option>\t\t\t\t\t<option value=\"KH\">Kambodscha<\/option>\t\t\t\t\t<option value=\"CM\">Kamerun<\/option>\t\t\t\t\t<option value=\"CA\">Kanada<\/option>\t\t\t\t\t<option value=\"CV\">Kap Verde<\/option>\t\t\t\t\t<option value=\"KZ\">Kasachstan<\/option>\t\t\t\t\t<option value=\"QA\">Katar<\/option>\t\t\t\t\t<option value=\"KE\">Kenia<\/option>\t\t\t\t\t<option value=\"KG\">Kirgisistan<\/option>\t\t\t\t\t<option value=\"KI\">Kiribati<\/option>\t\t\t\t\t<option value=\"CC\">Kokosinseln (Keelinginseln)<\/option>\t\t\t\t\t<option value=\"CO\">Kolumbien<\/option>\t\t\t\t\t<option value=\"KM\">Komoren<\/option>\t\t\t\t\t<option value=\"CG\">Kongo-Brazzaville<\/option>\t\t\t\t\t<option value=\"CD\">Kongo-Kinshasa<\/option>\t\t\t\t\t<option value=\"HR\">Kroatien<\/option>\t\t\t\t\t<option value=\"CU\">Kuba<\/option>\t\t\t\t\t<option value=\"KW\">Kuwait<\/option>\t\t\t\t\t<option value=\"LA\">Laos<\/option>\t\t\t\t\t<option value=\"LS\">Lesotho<\/option>\t\t\t\t\t<option value=\"LV\">Lettland<\/option>\t\t\t\t\t<option value=\"LB\">Libanon<\/option>\t\t\t\t\t<option value=\"LR\">Liberia<\/option>\t\t\t\t\t<option value=\"LY\">Libyen<\/option>\t\t\t\t\t<option value=\"LI\">Liechtenstein<\/option>\t\t\t\t\t<option value=\"LT\">Litauen<\/option>\t\t\t\t\t<option value=\"LU\">Luxemburg<\/option>\t\t\t\t\t<option value=\"MO\">Macau<\/option>\t\t\t\t\t<option value=\"MG\">Madagaskar<\/option>\t\t\t\t\t<option value=\"MW\">Malawi<\/option>\t\t\t\t\t<option value=\"MY\">Malaysia<\/option>\t\t\t\t\t<option value=\"MV\">Malediven<\/option>\t\t\t\t\t<option value=\"ML\">Mali<\/option>\t\t\t\t\t<option value=\"MT\">Malta<\/option>\t\t\t\t\t<option value=\"MA\">Marokko<\/option>\t\t\t\t\t<option value=\"MH\">Marshallinseln<\/option>\t\t\t\t\t<option value=\"MQ\">Martinique<\/option>\t\t\t\t\t<option value=\"MR\">Mauretanien<\/option>\t\t\t\t\t<option value=\"MU\">Mauritius<\/option>\t\t\t\t\t<option value=\"YT\">Mayotte<\/option>\t\t\t\t\t<option value=\"MX\">Mexiko<\/option>\t\t\t\t\t<option value=\"FM\">Mikronesien<\/option>\t\t\t\t\t<option value=\"MD\">Moldawien<\/option>\t\t\t\t\t<option value=\"MC\">Monaco<\/option>\t\t\t\t\t<option value=\"MN\">Mongolei<\/option>\t\t\t\t\t<option value=\"ME\">Montenegro<\/option>\t\t\t\t\t<option value=\"MS\">Montserrat<\/option>\t\t\t\t\t<option value=\"MZ\">Mosambik<\/option>\t\t\t\t\t<option value=\"MM\">Myanmar<\/option>\t\t\t\t\t<option value=\"NA\">Namibia<\/option>\t\t\t\t\t<option value=\"NR\">Nauru<\/option>\t\t\t\t\t<option value=\"NP\">Nepal<\/option>\t\t\t\t\t<option value=\"NC\">Neukaledonien<\/option>\t\t\t\t\t<option value=\"NZ\">Neuseeland<\/option>\t\t\t\t\t<option value=\"NI\">Nicaragua<\/option>\t\t\t\t\t<option value=\"NL\">Niederlande<\/option>\t\t\t\t\t<option value=\"NE\">Niger<\/option>\t\t\t\t\t<option value=\"NG\">Nigeria<\/option>\t\t\t\t\t<option value=\"NU\">Niue<\/option>\t\t\t\t\t<option value=\"KP\">Nordkorea<\/option>\t\t\t\t\t<option value=\"MP\">N\u00f6rdliche Marianen<\/option>\t\t\t\t\t<option value=\"MK\">Nordmazedonien<\/option>\t\t\t\t\t<option value=\"NF\">Norfolkinsel<\/option>\t\t\t\t\t<option value=\"NO\">Norwegen<\/option>\t\t\t\t\t<option value=\"OM\">Oman<\/option>\t\t\t\t\t<option value=\"AT\">\u00d6sterreich<\/option>\t\t\t\t\t<option value=\"TL\">Osttimor<\/option>\t\t\t\t\t<option value=\"PK\">Pakistan<\/option>\t\t\t\t\t<option value=\"PS\">Pal\u00e4stinensische Autonomiegebiete<\/option>\t\t\t\t\t<option value=\"PA\">Panama<\/option>\t\t\t\t\t<option value=\"PG\">Papua-Neuguinea<\/option>\t\t\t\t\t<option value=\"PY\">Paraguay<\/option>\t\t\t\t\t<option value=\"PE\">Peru<\/option>\t\t\t\t\t<option value=\"PH\">Philippinen<\/option>\t\t\t\t\t<option value=\"PN\">Pitcairninseln<\/option>\t\t\t\t\t<option value=\"PL\">Polen<\/option>\t\t\t\t\t<option value=\"PT\">Portugal<\/option>\t\t\t\t\t<option value=\"PR\">Puerto Rico<\/option>\t\t\t\t\t<option value=\"RE\">R\u00e9union<\/option>\t\t\t\t\t<option value=\"RW\">Ruanda<\/option>\t\t\t\t\t<option value=\"RO\">Rum\u00e4nien<\/option>\t\t\t\t\t<option value=\"RU\">Russland<\/option>\t\t\t\t\t<option value=\"ST\">S\u00e3o Tom\u00e9 and Pr\u00edncipe<\/option>\t\t\t\t\t<option value=\"BL\">Saint Barth\u00e9lemy<\/option>\t\t\t\t\t<option value=\"SX\">Saint Martin (Dutch part)<\/option>\t\t\t\t\t<option value=\"PM\">Saint-Pierre und Miquelon<\/option>\t\t\t\t\t<option value=\"SB\">Salomonen<\/option>\t\t\t\t\t<option value=\"ZM\">Sambia<\/option>\t\t\t\t\t<option value=\"WS\">Samoa<\/option>\t\t\t\t\t<option value=\"SM\">San Marino<\/option>\t\t\t\t\t<option value=\"SA\">Saudi-Arabien<\/option>\t\t\t\t\t<option value=\"SE\">Schweden<\/option>\t\t\t\t\t<option value=\"CH\">Schweiz<\/option>\t\t\t\t\t<option value=\"SN\">Senegal<\/option>\t\t\t\t\t<option value=\"RS\">Serbien<\/option>\t\t\t\t\t<option value=\"SC\">Seychellen<\/option>\t\t\t\t\t<option value=\"SL\">Sierra Leone<\/option>\t\t\t\t\t<option value=\"ZW\">Simbabwe<\/option>\t\t\t\t\t<option value=\"SG\">Singapur<\/option>\t\t\t\t\t<option value=\"SK\">Slowakei<\/option>\t\t\t\t\t<option value=\"SI\">Slowenien<\/option>\t\t\t\t\t<option value=\"SO\">Somalia<\/option>\t\t\t\t\t<option value=\"ES\">Spanien<\/option>\t\t\t\t\t<option value=\"LK\">Sri Lanka<\/option>\t\t\t\t\t<option value=\"SH\">St. Helena<\/option>\t\t\t\t\t<option value=\"KN\">St. Kitts und Nevis<\/option>\t\t\t\t\t<option value=\"LC\">St. Lucia<\/option>\t\t\t\t\t<option value=\"MF\">St. Martin (franz\u00f6sischer Teil)<\/option>\t\t\t\t\t<option value=\"VC\">St. Vincent und die Grenadinen<\/option>\t\t\t\t\t<option value=\"ZA\">S\u00fcdafrika<\/option>\t\t\t\t\t<option value=\"SD\">Sudan<\/option>\t\t\t\t\t<option value=\"GS\">S\u00fcdgeorgien \/ Sandwich-Inseln<\/option>\t\t\t\t\t<option value=\"KR\">S\u00fcdkorea<\/option>\t\t\t\t\t<option value=\"SS\">S\u00fcdsudan<\/option>\t\t\t\t\t<option value=\"SR\">Suriname<\/option>\t\t\t\t\t<option value=\"SJ\">Svalbard und Jan Mayen<\/option>\t\t\t\t\t<option value=\"SY\">Syrien<\/option>\t\t\t\t\t<option value=\"TJ\">Tadschikistan<\/option>\t\t\t\t\t<option value=\"TW\">Taiwan<\/option>\t\t\t\t\t<option value=\"TZ\">Tansania<\/option>\t\t\t\t\t<option value=\"TH\">Thailand<\/option>\t\t\t\t\t<option value=\"TG\">Togo<\/option>\t\t\t\t\t<option value=\"TK\">Tokelau<\/option>\t\t\t\t\t<option value=\"TO\">Tonga<\/option>\t\t\t\t\t<option value=\"TT\">Trinidad und Tobago<\/option>\t\t\t\t\t<option value=\"TD\">Tschad<\/option>\t\t\t\t\t<option value=\"CZ\">Tschechien<\/option>\t\t\t\t\t<option value=\"TN\">Tunesien<\/option>\t\t\t\t\t<option value=\"TR\">T\u00fcrkei<\/option>\t\t\t\t\t<option value=\"TM\">Turkmenistan<\/option>\t\t\t\t\t<option value=\"TC\">Turks- und Caicosinseln<\/option>\t\t\t\t\t<option value=\"TV\">Tuvalu<\/option>\t\t\t\t\t<option value=\"UG\">Uganda<\/option>\t\t\t\t\t<option value=\"UA\">Ukraine<\/option>\t\t\t\t\t<option value=\"HU\">Ungarn<\/option>\t\t\t\t\t<option value=\"UM\">United States (US) Minor Outlying Islands<\/option>\t\t\t\t\t<option value=\"UY\">Uruguay<\/option>\t\t\t\t\t<option value=\"UZ\">Usbekistan<\/option>\t\t\t\t\t<option value=\"VU\">Vanuatu<\/option>\t\t\t\t\t<option value=\"VA\">Vatikanstadt<\/option>\t\t\t\t\t<option value=\"VE\">Venezuela<\/option>\t\t\t\t\t<option value=\"AE\">Vereinigte Arabische Emirate<\/option>\t\t\t\t\t<option value=\"US\">Vereinigte Staaten von Amerika (USA)<\/option>\t\t\t\t\t<option value=\"GB\">Vereinigtes K\u00f6nigreich<\/option>\t\t\t\t\t<option value=\"VN\">Vietnam<\/option>\t\t\t\t\t<option value=\"WF\">Wallis und Futuna<\/option>\t\t\t\t\t<option value=\"CX\">Weihnachtsinsel<\/option>\t\t\t\t\t<option value=\"BY\">Wei\u00dfrussland<\/option>\t\t\t\t\t<option value=\"EH\">Westsahara<\/option>\t\t\t\t\t<option value=\"CF\">Zentralafrikanische Republik<\/option>\t\t\t\t\t<option value=\"CY\">Zypern<\/option>\t\t\t\t<\/select>\n\t<\/p>\n\t<p class=\"woocommerce-form-row form-row\">\n\t\t<input type=\"hidden\" id=\"woocommerce-register-nonce\" name=\"woocommerce-register-nonce\" value=\"33b595c925\"\/><input type=\"hidden\" name=\"_wp_http_referer\" value=\"\/de\/wp-json\/wp\/v2\/pages\/1064\"\/>\t\t<button type=\"submit\" class=\"woocommerce-Button woocommerce-button button woocommerce-form-register__submit\" name=\"register\" value=\"Registrieren\">Registrieren<\/button>\n\t<\/p>\n\n\t\t\t\t<wc-order-attribution-inputs\/><div class=\"woocommerce-privacy-policy-text\"><p>Tus datos personales se utilizar\u00e1n para procesar tu pedido, mejorar tu experiencia en esta web, gestionar el acceso a tu cuenta y otros prop\u00f3sitos descritos en nuestra <a href=\"https:\/\/www.dagartech.com\/de\/datenschutzerklarung\/\" class=\"woocommerce-privacy-policy-link\" target=\"_blank\">Datenschutzerkl\u00e4rung<\/a>.<\/p>\n<\/div>\t\t\t\n\t\t<\/form>\n","protected":false},"excerpt":{"rendered":"","protected":false},"author":1,"featured_media":0,"parent":0,"menu_order":0,"comment_status":"open","ping_status":"closed","template":"page_register.php","meta":{"_acf_changed":false,"footnotes":""},"class_list":["post-1064","page","type-page","status-publish","hentry"],"acf":[],"yoast_head":"<!-- This site is optimized with the Yoast SEO plugin v23.1 - https:\/\/yoast.com\/wordpress\/plugins\/seo\/ -->\n<title>Registrierung | Dagartech DE<\/title>\n<meta name=\"robots\" content=\"index, follow, max-snippet:-1, max-image-preview:large, max-video-preview:-1\" \/>\n<link rel=\"canonical\" href=\"https:\/\/www.dagartech.com\/de\/registrierung\/\" \/>\n<meta property=\"og:locale\" content=\"de_DE\" \/>\n<meta property=\"og:type\" content=\"article\" \/>\n<meta property=\"og:title\" content=\"Registrierung | Dagartech DE\" \/>\n<meta property=\"og:url\" content=\"https:\/\/www.dagartech.com\/de\/registrierung\/\" \/>\n<meta property=\"og:site_name\" content=\"Dagartech DE\" \/>\n<meta property=\"article:publisher\" content=\"https:\/\/www.facebook.com\/dagartech\/\" \/>\n<meta property=\"article:modified_time\" content=\"2024-07-12T12:02:20+00:00\" \/>\n<meta property=\"og:image\" content=\"https:\/\/www.dagartech.com\/de\/wp-content\/uploads\/sites\/7\/2024\/02\/Logo-dagartech.png\" \/>\n\t<meta property=\"og:image:width\" content=\"5692\" \/>\n\t<meta property=\"og:image:height\" content=\"3200\" \/>\n\t<meta property=\"og:image:type\" content=\"image\/png\" \/>\n<meta name=\"twitter:card\" content=\"summary_large_image\" \/>\n<meta name=\"twitter:site\" content=\"@dagartech\" \/>\n<meta name=\"twitter:label1\" content=\"Gesch\u00e4tzte Lesezeit\" \/>\n\t<meta name=\"twitter:data1\" content=\"1 Minute\" \/>\n<script type=\"application\/ld+json\" class=\"yoast-schema-graph\">{\"@context\":\"https:\/\/schema.org\",\"@graph\":[{\"@type\":\"WebPage\",\"@id\":\"https:\/\/www.dagartech.com\/de\/registrierung\/\",\"url\":\"https:\/\/www.dagartech.com\/de\/registrierung\/\",\"name\":\"Registrierung | Dagartech DE\",\"isPartOf\":{\"@id\":\"https:\/\/www.dagartech.com\/de\/#website\"},\"datePublished\":\"2024-07-11T08:50:25+00:00\",\"dateModified\":\"2024-07-12T12:02:20+00:00\",\"breadcrumb\":{\"@id\":\"https:\/\/www.dagartech.com\/de\/registrierung\/#breadcrumb\"},\"inLanguage\":\"de-DE\",\"potentialAction\":[{\"@type\":\"ReadAction\",\"target\":[\"https:\/\/www.dagartech.com\/de\/registrierung\/\"]}]},{\"@type\":\"BreadcrumbList\",\"@id\":\"https:\/\/www.dagartech.com\/de\/registrierung\/#breadcrumb\",\"itemListElement\":[{\"@type\":\"ListItem\",\"position\":1,\"name\":\"Portada\",\"item\":\"https:\/\/www.dagartech.com\/de\/\"},{\"@type\":\"ListItem\",\"position\":2,\"name\":\"Registrierung\"}]},{\"@type\":\"WebSite\",\"@id\":\"https:\/\/www.dagartech.com\/de\/#website\",\"url\":\"https:\/\/www.dagartech.com\/de\/\",\"name\":\"Dagartech\",\"description\":\"Somos fabricantes de Grupos Electr\u00f3genos. M\u00e1ximos est\u00e1ndares de Calidad. Elevada Fiabilidad y Seguridad. Nos adaptamos a las necesidades de cada proyecto.\",\"publisher\":{\"@id\":\"https:\/\/www.dagartech.com\/de\/#organization\"},\"potentialAction\":[{\"@type\":\"SearchAction\",\"target\":{\"@type\":\"EntryPoint\",\"urlTemplate\":\"https:\/\/www.dagartech.com\/de\/?s={search_term_string}\"},\"query-input\":\"required name=search_term_string\"}],\"inLanguage\":\"de-DE\"},{\"@type\":\"Organization\",\"@id\":\"https:\/\/www.dagartech.com\/de\/#organization\",\"name\":\"Dagartech\",\"url\":\"https:\/\/www.dagartech.com\/de\/\",\"logo\":{\"@type\":\"ImageObject\",\"inLanguage\":\"de-DE\",\"@id\":\"https:\/\/www.dagartech.com\/de\/#\/schema\/logo\/image\/\",\"url\":\"https:\/\/www.dagartech.com\/de\/wp-content\/uploads\/sites\/7\/2024\/02\/Logo-dagartech.png\",\"contentUrl\":\"https:\/\/www.dagartech.com\/de\/wp-content\/uploads\/sites\/7\/2024\/02\/Logo-dagartech.png\",\"width\":5692,\"height\":3200,\"caption\":\"Dagartech\"},\"image\":{\"@id\":\"https:\/\/www.dagartech.com\/de\/#\/schema\/logo\/image\/\"},\"sameAs\":[\"https:\/\/www.facebook.com\/dagartech\/\",\"https:\/\/x.com\/dagartech\",\"https:\/\/www.youtube.com\/channel\/UC088MotzpZAfzdS2yiXSUNg\",\"https:\/\/www.instagram.com\/dagartech_energy_solutions\/?igshid=MTNiYzNiMzkwZA\",\"https:\/\/www.linkedin.com\/company\/dagartech\/\"]}]}<\/script>\n<!-- \/ Yoast SEO plugin. -->","yoast_head_json":{"title":"Registrierung | Dagartech DE","robots":{"index":"index","follow":"follow","max-snippet":"max-snippet:-1","max-image-preview":"max-image-preview:large","max-video-preview":"max-video-preview:-1"},"canonical":"https:\/\/www.dagartech.com\/de\/registrierung\/","og_locale":"de_DE","og_type":"article","og_title":"Registrierung | Dagartech DE","og_url":"https:\/\/www.dagartech.com\/de\/registrierung\/","og_site_name":"Dagartech DE","article_publisher":"https:\/\/www.facebook.com\/dagartech\/","article_modified_time":"2024-07-12T12:02:20+00:00","og_image":[{"width":5692,"height":3200,"url":"https:\/\/www.dagartech.com\/de\/wp-content\/uploads\/sites\/7\/2024\/02\/Logo-dagartech.png","type":"image\/png"}],"twitter_card":"summary_large_image","twitter_site":"@dagartech","twitter_misc":{"Gesch\u00e4tzte Lesezeit":"1 Minute"},"schema":{"@context":"https:\/\/schema.org","@graph":[{"@type":"WebPage","@id":"https:\/\/www.dagartech.com\/de\/registrierung\/","url":"https:\/\/www.dagartech.com\/de\/registrierung\/","name":"Registrierung | Dagartech DE","isPartOf":{"@id":"https:\/\/www.dagartech.com\/de\/#website"},"datePublished":"2024-07-11T08:50:25+00:00","dateModified":"2024-07-12T12:02:20+00:00","breadcrumb":{"@id":"https:\/\/www.dagartech.com\/de\/registrierung\/#breadcrumb"},"inLanguage":"de-DE","potentialAction":[{"@type":"ReadAction","target":["https:\/\/www.dagartech.com\/de\/registrierung\/"]}]},{"@type":"BreadcrumbList","@id":"https:\/\/www.dagartech.com\/de\/registrierung\/#breadcrumb","itemListElement":[{"@type":"ListItem","position":1,"name":"Portada","item":"https:\/\/www.dagartech.com\/de\/"},{"@type":"ListItem","position":2,"name":"Registrierung"}]},{"@type":"WebSite","@id":"https:\/\/www.dagartech.com\/de\/#website","url":"https:\/\/www.dagartech.com\/de\/","name":"Dagartech","description":"Somos fabricantes de Grupos Electr\u00f3genos. M\u00e1ximos est\u00e1ndares de Calidad. Elevada Fiabilidad y Seguridad. Nos adaptamos a las necesidades de cada proyecto.","publisher":{"@id":"https:\/\/www.dagartech.com\/de\/#organization"},"potentialAction":[{"@type":"SearchAction","target":{"@type":"EntryPoint","urlTemplate":"https:\/\/www.dagartech.com\/de\/?s={search_term_string}"},"query-input":"required name=search_term_string"}],"inLanguage":"de-DE"},{"@type":"Organization","@id":"https:\/\/www.dagartech.com\/de\/#organization","name":"Dagartech","url":"https:\/\/www.dagartech.com\/de\/","logo":{"@type":"ImageObject","inLanguage":"de-DE","@id":"https:\/\/www.dagartech.com\/de\/#\/schema\/logo\/image\/","url":"https:\/\/www.dagartech.com\/de\/wp-content\/uploads\/sites\/7\/2024\/02\/Logo-dagartech.png","contentUrl":"https:\/\/www.dagartech.com\/de\/wp-content\/uploads\/sites\/7\/2024\/02\/Logo-dagartech.png","width":5692,"height":3200,"caption":"Dagartech"},"image":{"@id":"https:\/\/www.dagartech.com\/de\/#\/schema\/logo\/image\/"},"sameAs":["https:\/\/www.facebook.com\/dagartech\/","https:\/\/x.com\/dagartech","https:\/\/www.youtube.com\/channel\/UC088MotzpZAfzdS2yiXSUNg","https:\/\/www.instagram.com\/dagartech_energy_solutions\/?igshid=MTNiYzNiMzkwZA","https:\/\/www.linkedin.com\/company\/dagartech\/"]}]}},"_links":{"self":[{"href":"https:\/\/www.dagartech.com\/de\/wp-json\/wp\/v2\/pages\/1064"}],"collection":[{"href":"https:\/\/www.dagartech.com\/de\/wp-json\/wp\/v2\/pages"}],"about":[{"href":"https:\/\/www.dagartech.com\/de\/wp-json\/wp\/v2\/types\/page"}],"author":[{"embeddable":true,"href":"https:\/\/www.dagartech.com\/de\/wp-json\/wp\/v2\/users\/1"}],"replies":[{"embeddable":true,"href":"https:\/\/www.dagartech.com\/de\/wp-json\/wp\/v2\/comments?post=1064"}],"version-history":[{"count":3,"href":"https:\/\/www.dagartech.com\/de\/wp-json\/wp\/v2\/pages\/1064\/revisions"}],"predecessor-version":[{"id":6615,"href":"https:\/\/www.dagartech.com\/de\/wp-json\/wp\/v2\/pages\/1064\/revisions\/6615"}],"wp:attachment":[{"href":"https:\/\/www.dagartech.com\/de\/wp-json\/wp\/v2\/media?parent=1064"}],"curies":[{"name":"wp","href":"https:\/\/api.w.org\/{rel}","templated":true}]}}